{"id":13806,"date":"2024-04-09T14:44:19","date_gmt":"2024-04-09T12:44:19","guid":{"rendered":"https:\/\/qwallz.eu\/?page_id=13806"},"modified":"2024-04-09T14:47:45","modified_gmt":"2024-04-09T12:47:45","slug":"jogi-nyilatkozat","status":"publish","type":"page","link":"https:\/\/qwallz.eu\/sk\/jogi-nyilatkozat\/","title":{"rendered":"Jogi nyilatkozat"},"content":{"rendered":"<div data-elementor-type=\"wp-page\" data-elementor-id=\"13806\" class=\"elementor elementor-13806\" data-elementor-post-type=\"page\">\n\t\t\t\t<div class=\"elementor-element elementor-element-6bfd9f2 e-flex e-con-boxed e-con e-parent\" data-id=\"6bfd9f2\" data-element_type=\"container\" data-e-type=\"container\">\n\t\t\t\t\t<div class=\"e-con-inner\">\n\t\t\t\t<div class=\"elementor-element elementor-element-388105d elementor-widget elementor-widget-heading\" data-id=\"388105d\" data-element_type=\"widget\" data-e-type=\"widget\" data-widget_type=\"heading.default\">\n\t\t\t\t\t<h1 class=\"elementor-heading-title elementor-size-default\">Jogi nyilatkozat<\/h1>\t\t\t\t<\/div>\n\t\t\t\t\t<\/div>\n\t\t\t\t<\/div>\n\t\t<div class=\"elementor-element elementor-element-2bcfa4e e-flex e-con-boxed e-con e-parent\" data-id=\"2bcfa4e\" data-element_type=\"container\" data-e-type=\"container\">\n\t\t\t\t\t<div class=\"e-con-inner\">\n\t\t\t\t<div class=\"elementor-element elementor-element-80d015c elementor-widget elementor-widget-text-editor\" data-id=\"80d015c\" data-element_type=\"widget\" data-e-type=\"widget\" data-widget_type=\"text-editor.default\">\n\t\t\t\t\t\t\t\t\t<div data-id=\"2a290e5a\" data-element_type=\"widget\" data-widget_type=\"text-editor.default\"><div><p>Utols\u00f3 friss\u00edt\u00e9s: 2024. \u00e1prilis 9.<\/p><p>A weboldal szerz\u0151i jogi m\u0171nek min\u0151s\u00fcl. \u00d6nnek jog\u00e1ban \u00e1ll a weboldal egyes r\u00e9szeit kinyomtatni vagy merevlemezre let\u00f6lteni, \u00e9s m\u00e1s szem\u00e9lyekkel megosztani, felt\u00e9ve hogy ezt kiz\u00e1r\u00f3lag t\u00e1j\u00e9koztat\u00e1s c\u00e9lj\u00e1b\u00f3l teszi.\u00a0<span style=\"font-family: var( --e-global-typography-text-font-family ), Sans-serif; font-size: var( --e-global-typography-text-font-size ); font-weight: var( --e-global-typography-text-font-weight ); text-align: var(--text-align); background-color: var( --e-global-color-167cbb0 );\">Az \u00d6n \u00e1ltal k\u00e9sz\u00edtett valamennyi m\u00e1solatnak (ide nem \u00e9rtve a weboldal merevlemezre mentett v\u00e1ltozat\u00e1t) tartalmaznia kell a k\u00f6vetkez\u0151 szerz\u0151i jogi nyilatkozatot: <\/span><strong>2024 \u00a9 QWALLZ KFT. MINDEN JOG FENNTARTVA!<\/strong><\/p><p>El\u0151zetes \u00edr\u00e1sbeli j\u00f3v\u00e1hagy\u00e1s n\u00e9lk\u00fcl tilos a weboldal eg\u00e9sz\u00e9nek vagy r\u00e9sz\u00e9nek, r\u00e9szlet\u00e9nek t\u00e1j\u00e9koztat\u00e1si c\u00e9lon t\u00fali (pl. kereskedelmi c\u00e9l\u00fa) m\u00e1sol\u00e1sa, t\u00f6bbsz\u00f6r\u00f6z\u00e9se, \u00fajra nyilv\u00e1noss\u00e1ghoz t\u00f6rt\u00e9n\u0151 k\u00f6zvet\u00edt\u00e9se, \u00e9s\/vagy a weboldal tartalm\u00e1nak mindenfajta eltorz\u00edt\u00e1sa, megcsonk\u00edt\u00e1sa, eg\u00e9szben vagy r\u00e9szben t\u00f6rt\u00e9n\u0151 haszn\u00e1lata, felhaszn\u00e1l\u00e1sa, feldolgoz\u00e1sa, \u00e9rt\u00e9kes\u00edt\u00e9se a qwallz.eu adminisztr\u00e1tora (Hamed Aryan Andr\u00e1s \u00e9s Horv\u00e1th \u00c1d\u00e1m), mint szerz\u0151 \u00edr\u00e1sos hozz\u00e1j\u00e1rul\u00e1sa n\u00e9lk\u00fcl.<\/p><p>El\u0151zetes \u00edr\u00e1sbeli j\u00f3v\u00e1hagy\u00e1s n\u00e9lk\u00fcl tilos m\u00f3dos\u00edtani a weboldalt (vagy annak b\u00e1rmely r\u00e9sz\u00e9t), vagy belefoglalni azt b\u00e1rmilyen m\u00e1s m\u0171be, p\u00e9ld\u00e1l\u00f3z\u00f3 felsorol\u00e1ssal \u00e9lve nyomtatott dokumentumba, blogba, saj\u00e1t vagy harmadik f\u00e9l weboldal\u00e1ba.<\/p><p>A weboldal olvas\u00f3ja, felhaszn\u00e1l\u00f3ja tudom\u00e1sul veszi, hogy a felhaszn\u00e1l\u00e1si enged\u00e9ly n\u00e9lk\u00fcli felhaszn\u00e1l\u00e1s eset\u00e9n a szerz\u0151t k\u00f6tb\u00e9r illeti meg. A k\u00f6tb\u00e9r \u00f6sszege mondatonk\u00e9nt \u00e9s\/vagy k\u00e9penk\u00e9nt \u00e9s\/vagy vide\u00f3nk\u00e9nt brutt\u00f3 100.000.- Ft. A weboldal olvas\u00f3ja, felhaszn\u00e1l\u00f3ja tudom\u00e1sul veszi, hogy ezen k\u00f6tb\u00e9rkik\u00f6t\u00e9s nem t\u00falz\u00f3, \u00e9s ennek tudat\u00e1ban haszn\u00e1lja a weboldalt. Szerz\u0151i jogi jogs\u00e9rt\u00e9s eset\u00e9n a qwallz.eu adminisztr\u00e1tora (Hamed Aryan Andr\u00e1s \u00e9s Horv\u00e1th \u00c1d\u00e1m)\u00a0k\u00f6zjegyz\u0151i t\u00e9nytan\u00fas\u00edt\u00e1st alkalmaz, melynek \u00f6sszeg\u00e9t szint\u00e9n a jogs\u00e9rt\u0151 felhaszn\u00e1l\u00f3ra h\u00e1r\u00edtja.<\/p><\/div><\/div>\t\t\t\t\t\t\t\t<\/div>\n\t\t\t\t\t<\/div>\n\t\t\t\t<\/div>\n\t\t\t\t<\/div>","protected":false},"excerpt":{"rendered":"<p>Jogi nyilatkozat Utols\u00f3 friss\u00edt\u00e9s: 2024. \u00e1prilis 9. A weboldal szerz\u0151i jogi m\u0171nek min\u0151s\u00fcl. \u00d6nnek jog\u00e1ban \u00e1ll a weboldal egyes r\u00e9szeit kinyomtatni vagy merevlemezre let\u00f6lteni, \u00e9s m\u00e1s szem\u00e9lyekkel megosztani, felt\u00e9ve hogy ezt kiz\u00e1r\u00f3lag t\u00e1j\u00e9koztat\u00e1s c\u00e9lj\u00e1b\u00f3l teszi.\u00a0Az \u00d6n \u00e1ltal k\u00e9sz\u00edtett valamennyi m\u00e1solatnak (ide nem \u00e9rtve a weboldal merevlemezre mentett v\u00e1ltozat\u00e1t) tartalmaznia kell a k\u00f6vetkez\u0151 szerz\u0151i jogi nyilatkozatot: [&hellip;]<\/p>\n","protected":false},"author":2,"featured_media":0,"parent":0,"menu_order":0,"comment_status":"closed","ping_status":"closed","template":"elementor_header_footer","meta":{"footnotes":""},"class_list":["post-13806","page","type-page","status-publish","hentry"],"_links":{"self":[{"href":"https:\/\/qwallz.eu\/sk\/wp-json\/wp\/v2\/pages\/13806","targetHints":{"allow":["GET"]}}],"collection":[{"href":"https:\/\/qwallz.eu\/sk\/wp-json\/wp\/v2\/pages"}],"about":[{"href":"https:\/\/qwallz.eu\/sk\/wp-json\/wp\/v2\/types\/page"}],"author":[{"embeddable":true,"href":"https:\/\/qwallz.eu\/sk\/wp-json\/wp\/v2\/users\/2"}],"replies":[{"embeddable":true,"href":"https:\/\/qwallz.eu\/sk\/wp-json\/wp\/v2\/comments?post=13806"}],"version-history":[{"count":0,"href":"https:\/\/qwallz.eu\/sk\/wp-json\/wp\/v2\/pages\/13806\/revisions"}],"wp:attachment":[{"href":"https:\/\/qwallz.eu\/sk\/wp-json\/wp\/v2\/media?parent=13806"}],"curies":[{"name":"wp","href":"https:\/\/api.w.org\/{rel}","templated":true}]}}