{"id":43,"date":"2023-01-03T08:32:35","date_gmt":"2023-01-03T08:32:35","guid":{"rendered":"https:\/\/stage.wolfthemes.live\/morvan\/?page_id=43"},"modified":"2025-10-08T15:45:41","modified_gmt":"2025-10-08T13:45:41","slug":"blog","status":"publish","type":"page","link":"https:\/\/qwallz.eu\/sk\/blog\/","title":{"rendered":"Blog"},"content":{"rendered":"<div data-elementor-type=\"wp-page\" data-elementor-id=\"43\" class=\"elementor elementor-43\" data-elementor-post-type=\"page\">\n\t\t\t\t\t\t<section class=\"elementor-section elementor-top-section elementor-element elementor-element-111e26c0 elementor-section-height-min-height elementor-section-content-middle elementor-section-boxed elementor-section-height-default elementor-section-items-middle\" data-id=\"111e26c0\" data-element_type=\"section\" data-e-type=\"section\" data-settings=\"{&quot;background_background&quot;:&quot;classic&quot;}\">\n\t\t\t\t\t\t\t<div class=\"elementor-background-overlay\"><\/div>\n\t\t\t\t\t\t\t<div class=\"elementor-container elementor-column-gap-default\">\n\t\t\t\t\t<div class=\"elementor-column elementor-col-100 elementor-top-column elementor-element elementor-element-3315d877\" data-id=\"3315d877\" data-element_type=\"column\" data-e-type=\"column\">\n\t\t\t<div class=\"elementor-widget-wrap elementor-element-populated\">\n\t\t\t\t\t\t<div class=\"elementor-element elementor-element-f404829 elementor-widget-divider--view-line_text elementor-widget-divider--element-align-center elementor-widget elementor-widget-divider\" data-id=\"f404829\" data-element_type=\"widget\" data-e-type=\"widget\" data-widget_type=\"divider.default\">\n\t\t\t\t\t\t\t<div class=\"elementor-divider\">\n\t\t\t<span class=\"elementor-divider-separator\">\n\t\t\t\t\t\t\t<span class=\"elementor-divider__text elementor-divider__element\">\n\t\t\t\t\u00fatmutat\u00f3k \u00e9s inspir\u00e1ci\u00f3k\t\t\t\t<\/span>\n\t\t\t\t\t\t<\/span>\n\t\t<\/div>\n\t\t\t\t\t\t<\/div>\n\t\t\t\t<div class=\"elementor-element elementor-element-55be99ce elementor-widget elementor-widget-heading\" data-id=\"55be99ce\" data-element_type=\"widget\" data-e-type=\"widget\" data-widget_type=\"heading.default\">\n\t\t\t\t\t<h2 class=\"elementor-heading-title elementor-size-default\">St\u00edlusos falak blog<\/h2>\t\t\t\t<\/div>\n\t\t\t\t\t<\/div>\n\t\t<\/div>\n\t\t\t\t\t<\/div>\n\t\t<\/section>\n\t\t<div class=\"elementor-element elementor-element-f8270ac e-flex e-con-boxed e-con e-parent\" data-id=\"f8270ac\" data-element_type=\"container\" data-e-type=\"container\">\n\t\t\t\t\t<div class=\"e-con-inner\">\n\t\t\t\t<div class=\"elementor-element elementor-element-a088ad9 elementor-grid-4 elementor-grid-tablet-2 elementor-grid-mobile-1 elementor-posts--thumbnail-top elementor-card-shadow-yes elementor-posts__hover-gradient elementor-widget elementor-widget-posts\" data-id=\"a088ad9\" data-element_type=\"widget\" data-e-type=\"widget\" data-settings=\"{&quot;cards_columns&quot;:&quot;4&quot;,&quot;pagination_type&quot;:&quot;numbers&quot;,&quot;cards_columns_tablet&quot;:&quot;2&quot;,&quot;cards_columns_mobile&quot;:&quot;1&quot;,&quot;cards_row_gap&quot;:{&quot;unit&quot;:&quot;px&quot;,&quot;size&quot;:35,&quot;sizes&quot;:[]},&quot;cards_row_gap_tablet&quot;:{&quot;unit&quot;:&quot;px&quot;,&quot;size&quot;:&quot;&quot;,&quot;sizes&quot;:[]},&quot;cards_row_gap_mobile&quot;:{&quot;unit&quot;:&quot;px&quot;,&quot;size&quot;:&quot;&quot;,&quot;sizes&quot;:[]}}\" data-widget_type=\"posts.cards\">\n\t\t\t\t<div class=\"elementor-widget-container\">\n\t\t\t\t\t\t\t<div class=\"elementor-posts-container elementor-posts elementor-posts--skin-cards elementor-grid\" role=\"list\">\n\t\t\t\t<article class=\"elementor-post elementor-grid-item post-24286 post type-post status-publish format-standard has-post-thumbnail hentry category-inspiration\" role=\"listitem\">\n\t\t\t<div class=\"elementor-post__card\">\n\t\t\t\t<a class=\"elementor-post__thumbnail__link\" href=\"https:\/\/qwallz.eu\/sk\/marvany-mintas-falpanelek-luxus-hatas\/\" tabindex=\"-1\" ><div class=\"elementor-post__thumbnail\"><img fetchpriority=\"high\" decoding=\"async\" width=\"768\" height=\"512\" src=\"https:\/\/qwallz.eu\/wp-content\/uploads\/2025\/02\/2_resize-1-768x512.jpg\" class=\"attachment-medium_large size-medium_large wp-image-17546\" alt=\"M\u00e1rv\u00e1ny mint\u00e1s falpanel QWALLZ 2\" srcset=\"https:\/\/qwallz.eu\/wp-content\/uploads\/2025\/02\/2_resize-1-768x512.jpg 768w, https:\/\/qwallz.eu\/wp-content\/uploads\/2025\/02\/2_resize-1-300x200.jpg 300w, https:\/\/qwallz.eu\/wp-content\/uploads\/2025\/02\/2_resize-1-1024x682.jpg 1024w, https:\/\/qwallz.eu\/wp-content\/uploads\/2025\/02\/2_resize-1-1536x1023.jpg 1536w, https:\/\/qwallz.eu\/wp-content\/uploads\/2025\/02\/2_resize-1-2048x1364.jpg 2048w\" sizes=\"(max-width: 768px) 100vw, 768px\" \/><\/div><\/a>\n\t\t\t\t<div class=\"elementor-post__text\">\n\t\t\t\t<h3 class=\"elementor-post__title\">\n\t\t\t<a href=\"https:\/\/qwallz.eu\/sk\/marvany-mintas-falpanelek-luxus-hatas\/\" >\n\t\t\t\tM\u00e1rv\u00e1ny mint\u00e1s falpanelek \u2013 luxus hat\u00e1s bont\u00e1s n\u00e9lk\u00fcl\t\t\t<\/a>\n\t\t<\/h3>\n\t\t\t\t\t<div class=\"elementor-post__read-more-wrapper\">\n\t\t\n\t\t<a class=\"elementor-post__read-more\" href=\"https:\/\/qwallz.eu\/sk\/marvany-mintas-falpanelek-luxus-hatas\/\" aria-label=\"Read more about M\u00e1rv\u00e1ny mint\u00e1s falpanelek \u2013 luxus hat\u00e1s bont\u00e1s n\u00e9lk\u00fcl\" tabindex=\"-1\" >\n\t\t\tTov\u00e1bb olvasom \u00bb\t\t<\/a>\n\n\t\t\t\t\t<\/div>\n\t\t\t\t<\/div>\n\t\t\t\t\t<\/div>\n\t\t<\/article>\n\t\t\t\t<article class=\"elementor-post elementor-grid-item post-23896 post type-post status-publish format-standard has-post-thumbnail hentry category-design\" role=\"listitem\">\n\t\t\t<div class=\"elementor-post__card\">\n\t\t\t\t<a class=\"elementor-post__thumbnail__link\" href=\"https:\/\/qwallz.eu\/sk\/zenvia-akusztikus-falpanelek-design-tippek\/\" tabindex=\"-1\" ><div class=\"elementor-post__thumbnail\"><img decoding=\"async\" width=\"768\" height=\"602\" src=\"https:\/\/qwallz.eu\/wp-content\/uploads\/2025\/02\/solution-CWD-01A-d3-768x602.webp\" class=\"attachment-medium_large size-medium_large wp-image-17883\" alt=\"Zenvia Design akusztikus falpanel 3D (6)\" srcset=\"https:\/\/qwallz.eu\/wp-content\/uploads\/2025\/02\/solution-CWD-01A-d3-768x602.webp 768w, https:\/\/qwallz.eu\/wp-content\/uploads\/2025\/02\/solution-CWD-01A-d3-300x235.webp 300w, https:\/\/qwallz.eu\/wp-content\/uploads\/2025\/02\/solution-CWD-01A-d3.webp 1020w\" sizes=\"(max-width: 768px) 100vw, 768px\" \/><\/div><\/a>\n\t\t\t\t<div class=\"elementor-post__text\">\n\t\t\t\t<h3 class=\"elementor-post__title\">\n\t\t\t<a href=\"https:\/\/qwallz.eu\/sk\/zenvia-akusztikus-falpanelek-design-tippek\/\" >\n\t\t\t\tZenvia akusztikus falpanelek \u2013 mint\u00e1k \u00e9s tippek\t\t\t<\/a>\n\t\t<\/h3>\n\t\t\t\t\t<div class=\"elementor-post__read-more-wrapper\">\n\t\t\n\t\t<a class=\"elementor-post__read-more\" href=\"https:\/\/qwallz.eu\/sk\/zenvia-akusztikus-falpanelek-design-tippek\/\" aria-label=\"Read more about Zenvia akusztikus falpanelek \u2013 mint\u00e1k \u00e9s tippek\" tabindex=\"-1\" >\n\t\t\tTov\u00e1bb olvasom \u00bb\t\t<\/a>\n\n\t\t\t\t\t<\/div>\n\t\t\t\t<\/div>\n\t\t\t\t\t<\/div>\n\t\t<\/article>\n\t\t\t\t<article class=\"elementor-post elementor-grid-item post-23437 post type-post status-publish format-standard has-post-thumbnail hentry category-inspiration\" role=\"listitem\">\n\t\t\t<div class=\"elementor-post__card\">\n\t\t\t\t<a class=\"elementor-post__thumbnail__link\" href=\"https:\/\/qwallz.eu\/sk\/akusztikus-falpanel-kisokos\/\" tabindex=\"-1\" ><div class=\"elementor-post__thumbnail\"><img decoding=\"async\" width=\"768\" height=\"528\" src=\"https:\/\/qwallz.eu\/wp-content\/uploads\/2025\/02\/180856038_244150557489302_835277399547900556_n-768x528.jpg\" class=\"attachment-medium_large size-medium_large wp-image-17460\" alt=\"QWALLZ Akusztikus Falpanelek\" srcset=\"https:\/\/qwallz.eu\/wp-content\/uploads\/2025\/02\/180856038_244150557489302_835277399547900556_n-768x528.jpg 768w, https:\/\/qwallz.eu\/wp-content\/uploads\/2025\/02\/180856038_244150557489302_835277399547900556_n-300x206.jpg 300w, https:\/\/qwallz.eu\/wp-content\/uploads\/2025\/02\/180856038_244150557489302_835277399547900556_n-1024x705.jpg 1024w, https:\/\/qwallz.eu\/wp-content\/uploads\/2025\/02\/180856038_244150557489302_835277399547900556_n.jpg 1180w\" sizes=\"(max-width: 768px) 100vw, 768px\" \/><\/div><\/a>\n\t\t\t\t<div class=\"elementor-post__text\">\n\t\t\t\t<h3 class=\"elementor-post__title\">\n\t\t\t<a href=\"https:\/\/qwallz.eu\/sk\/akusztikus-falpanel-kisokos\/\" >\n\t\t\t\tAkusztikus falpanel kisokos \u2013 mire j\u00f3, hova \u00e9rdemes?\t\t\t<\/a>\n\t\t<\/h3>\n\t\t\t\t\t<div class=\"elementor-post__read-more-wrapper\">\n\t\t\n\t\t<a class=\"elementor-post__read-more\" href=\"https:\/\/qwallz.eu\/sk\/akusztikus-falpanel-kisokos\/\" aria-label=\"Read more about Akusztikus falpanel kisokos \u2013 mire j\u00f3, hova \u00e9rdemes?\" tabindex=\"-1\" >\n\t\t\tTov\u00e1bb olvasom \u00bb\t\t<\/a>\n\n\t\t\t\t\t<\/div>\n\t\t\t\t<\/div>\n\t\t\t\t\t<\/div>\n\t\t<\/article>\n\t\t\t\t<article class=\"elementor-post elementor-grid-item post-23229 post type-post status-publish format-standard has-post-thumbnail hentry category-inspiration\" role=\"listitem\">\n\t\t\t<div class=\"elementor-post__card\">\n\t\t\t\t<a class=\"elementor-post__thumbnail__link\" href=\"https:\/\/qwallz.eu\/sk\/modern-tv-fal-2026-akusztikus-fokuszfal\/\" tabindex=\"-1\" ><div class=\"elementor-post__thumbnail\"><img loading=\"lazy\" decoding=\"async\" width=\"768\" height=\"768\" src=\"https:\/\/qwallz.eu\/wp-content\/uploads\/2025\/06\/Nevtelen-terv-11-768x768.jpg\" class=\"attachment-medium_large size-medium_large wp-image-18695\" alt=\"TV fal akusztikus falpanel 3\" srcset=\"https:\/\/qwallz.eu\/wp-content\/uploads\/2025\/06\/Nevtelen-terv-11-768x768.jpg 768w, https:\/\/qwallz.eu\/wp-content\/uploads\/2025\/06\/Nevtelen-terv-11-300x300.jpg 300w, https:\/\/qwallz.eu\/wp-content\/uploads\/2025\/06\/Nevtelen-terv-11-1024x1024.jpg 1024w, https:\/\/qwallz.eu\/wp-content\/uploads\/2025\/06\/Nevtelen-terv-11-150x150.jpg 150w, https:\/\/qwallz.eu\/wp-content\/uploads\/2025\/06\/Nevtelen-terv-11-1000x1000.jpg 1000w, https:\/\/qwallz.eu\/wp-content\/uploads\/2025\/06\/Nevtelen-terv-11-100x100.jpg 100w, https:\/\/qwallz.eu\/wp-content\/uploads\/2025\/06\/Nevtelen-terv-11.jpg 1080w\" sizes=\"(max-width: 768px) 100vw, 768px\" \/><\/div><\/a>\n\t\t\t\t<div class=\"elementor-post__text\">\n\t\t\t\t<h3 class=\"elementor-post__title\">\n\t\t\t<a href=\"https:\/\/qwallz.eu\/sk\/modern-tv-fal-2026-akusztikus-fokuszfal\/\" >\n\t\t\t\tModern TV-fal 2026 \u2013 Akusztikus f\u00f3kuszfal \u00f6tletek\t\t\t<\/a>\n\t\t<\/h3>\n\t\t\t\t\t<div class=\"elementor-post__read-more-wrapper\">\n\t\t\n\t\t<a class=\"elementor-post__read-more\" href=\"https:\/\/qwallz.eu\/sk\/modern-tv-fal-2026-akusztikus-fokuszfal\/\" aria-label=\"Read more about Modern TV-fal 2026 \u2013 Akusztikus f\u00f3kuszfal \u00f6tletek\" tabindex=\"-1\" >\n\t\t\tTov\u00e1bb olvasom \u00bb\t\t<\/a>\n\n\t\t\t\t\t<\/div>\n\t\t\t\t<\/div>\n\t\t\t\t\t<\/div>\n\t\t<\/article>\n\t\t\t\t<article class=\"elementor-post elementor-grid-item post-18664 post type-post status-publish format-standard has-post-thumbnail hentry category-egyeb\" role=\"listitem\">\n\t\t\t<div class=\"elementor-post__card\">\n\t\t\t\t<a class=\"elementor-post__thumbnail__link\" href=\"https:\/\/qwallz.eu\/sk\/5-tipp-a-tokeletes-tv-fal-kialakitasahoz-akusztikus-panelekkel\/\" tabindex=\"-1\" ><div class=\"elementor-post__thumbnail\"><img loading=\"lazy\" decoding=\"async\" width=\"768\" height=\"390\" src=\"https:\/\/qwallz.eu\/wp-content\/uploads\/2025\/06\/QWALLZ-FALPANELEKET-MEGERKEZTEK-A-ZENVIA-FALPANELEK-1-1-768x390.jpg\" class=\"attachment-medium_large size-medium_large wp-image-18901\" alt=\"5 TIPP A T\u00d6K\u00c9LETES TV FAL KIALAK\u00cdT\u00c1S\u00c1HOZ AKUSZTIKUS PANELEKKEL\" srcset=\"https:\/\/qwallz.eu\/wp-content\/uploads\/2025\/06\/QWALLZ-FALPANELEKET-MEGERKEZTEK-A-ZENVIA-FALPANELEK-1-1-768x390.jpg 768w, https:\/\/qwallz.eu\/wp-content\/uploads\/2025\/06\/QWALLZ-FALPANELEKET-MEGERKEZTEK-A-ZENVIA-FALPANELEK-1-1-300x152.jpg 300w, https:\/\/qwallz.eu\/wp-content\/uploads\/2025\/06\/QWALLZ-FALPANELEKET-MEGERKEZTEK-A-ZENVIA-FALPANELEK-1-1.jpg 955w\" sizes=\"(max-width: 768px) 100vw, 768px\" \/><\/div><\/a>\n\t\t\t\t<div class=\"elementor-post__text\">\n\t\t\t\t<h3 class=\"elementor-post__title\">\n\t\t\t<a href=\"https:\/\/qwallz.eu\/sk\/5-tipp-a-tokeletes-tv-fal-kialakitasahoz-akusztikus-panelekkel\/\" >\n\t\t\t\t5 tipp a t\u00f6k\u00e9letes TV fal kialak\u00edt\u00e1s\u00e1hoz akusztikus panelekkel\t\t\t<\/a>\n\t\t<\/h3>\n\t\t\t\t\t<div class=\"elementor-post__read-more-wrapper\">\n\t\t\n\t\t<a class=\"elementor-post__read-more\" href=\"https:\/\/qwallz.eu\/sk\/5-tipp-a-tokeletes-tv-fal-kialakitasahoz-akusztikus-panelekkel\/\" aria-label=\"Read more about 5 tipp a t\u00f6k\u00e9letes TV fal kialak\u00edt\u00e1s\u00e1hoz akusztikus panelekkel\" tabindex=\"-1\" >\n\t\t\tTov\u00e1bb olvasom \u00bb\t\t<\/a>\n\n\t\t\t\t\t<\/div>\n\t\t\t\t<\/div>\n\t\t\t\t\t<\/div>\n\t\t<\/article>\n\t\t\t\t<article class=\"elementor-post elementor-grid-item post-20401 post type-post status-publish format-standard has-post-thumbnail hentry category-egyeb\" role=\"listitem\">\n\t\t\t<div class=\"elementor-post__card\">\n\t\t\t\t<a class=\"elementor-post__thumbnail__link\" href=\"https:\/\/qwallz.eu\/sk\/melyik-falpanelt-valasszam\/\" tabindex=\"-1\" ><div class=\"elementor-post__thumbnail\"><img loading=\"lazy\" decoding=\"async\" width=\"768\" height=\"768\" src=\"https:\/\/qwallz.eu\/wp-content\/uploads\/2025\/09\/Esettanulmany_blog_wepb-768x768.webp\" class=\"attachment-medium_large size-medium_large wp-image-19750\" alt=\"QWALLZ BPC Falpanelek esettanulm\u00e1ny\" srcset=\"https:\/\/qwallz.eu\/wp-content\/uploads\/2025\/09\/Esettanulmany_blog_wepb-768x768.webp 768w, https:\/\/qwallz.eu\/wp-content\/uploads\/2025\/09\/Esettanulmany_blog_wepb-300x300.webp 300w, https:\/\/qwallz.eu\/wp-content\/uploads\/2025\/09\/Esettanulmany_blog_wepb-1024x1024.webp 1024w, https:\/\/qwallz.eu\/wp-content\/uploads\/2025\/09\/Esettanulmany_blog_wepb-150x150.webp 150w, https:\/\/qwallz.eu\/wp-content\/uploads\/2025\/09\/Esettanulmany_blog_wepb-12x12.webp 12w, https:\/\/qwallz.eu\/wp-content\/uploads\/2025\/09\/Esettanulmany_blog_wepb-1000x1000.webp 1000w, https:\/\/qwallz.eu\/wp-content\/uploads\/2025\/09\/Esettanulmany_blog_wepb-100x100.webp 100w, https:\/\/qwallz.eu\/wp-content\/uploads\/2025\/09\/Esettanulmany_blog_wepb.webp 1080w\" sizes=\"(max-width: 768px) 100vw, 768px\" \/><\/div><\/a>\n\t\t\t\t<div class=\"elementor-post__text\">\n\t\t\t\t<h3 class=\"elementor-post__title\">\n\t\t\t<a href=\"https:\/\/qwallz.eu\/sk\/melyik-falpanelt-valasszam\/\" >\n\t\t\t\tMelyik falpanelt v\u00e1lasszam?\t\t\t<\/a>\n\t\t<\/h3>\n\t\t\t\t\t<div class=\"elementor-post__read-more-wrapper\">\n\t\t\n\t\t<a class=\"elementor-post__read-more\" href=\"https:\/\/qwallz.eu\/sk\/melyik-falpanelt-valasszam\/\" aria-label=\"Read more about Melyik falpanelt v\u00e1lasszam?\" tabindex=\"-1\" >\n\t\t\tTov\u00e1bb olvasom \u00bb\t\t<\/a>\n\n\t\t\t\t\t<\/div>\n\t\t\t\t<\/div>\n\t\t\t\t\t<\/div>\n\t\t<\/article>\n\t\t\t\t<article class=\"elementor-post elementor-grid-item post-18791 post type-post status-publish format-standard has-post-thumbnail hentry category-egyeb\" role=\"listitem\">\n\t\t\t<div class=\"elementor-post__card\">\n\t\t\t\t<a class=\"elementor-post__thumbnail__link\" href=\"https:\/\/qwallz.eu\/sk\/qwallz-falpanelek-vs-hagyomanyos-keramia-burkolatok\/\" tabindex=\"-1\" ><div class=\"elementor-post__thumbnail\"><img loading=\"lazy\" decoding=\"async\" width=\"768\" height=\"768\" src=\"https:\/\/qwallz.eu\/wp-content\/uploads\/2025\/09\/Esettanulmany_blog_wepb-768x768.webp\" class=\"attachment-medium_large size-medium_large wp-image-19750\" alt=\"QWALLZ BPC Falpanelek esettanulm\u00e1ny\" srcset=\"https:\/\/qwallz.eu\/wp-content\/uploads\/2025\/09\/Esettanulmany_blog_wepb-768x768.webp 768w, https:\/\/qwallz.eu\/wp-content\/uploads\/2025\/09\/Esettanulmany_blog_wepb-300x300.webp 300w, https:\/\/qwallz.eu\/wp-content\/uploads\/2025\/09\/Esettanulmany_blog_wepb-1024x1024.webp 1024w, https:\/\/qwallz.eu\/wp-content\/uploads\/2025\/09\/Esettanulmany_blog_wepb-150x150.webp 150w, https:\/\/qwallz.eu\/wp-content\/uploads\/2025\/09\/Esettanulmany_blog_wepb-12x12.webp 12w, https:\/\/qwallz.eu\/wp-content\/uploads\/2025\/09\/Esettanulmany_blog_wepb-1000x1000.webp 1000w, https:\/\/qwallz.eu\/wp-content\/uploads\/2025\/09\/Esettanulmany_blog_wepb-100x100.webp 100w, https:\/\/qwallz.eu\/wp-content\/uploads\/2025\/09\/Esettanulmany_blog_wepb.webp 1080w\" sizes=\"(max-width: 768px) 100vw, 768px\" \/><\/div><\/a>\n\t\t\t\t<div class=\"elementor-post__text\">\n\t\t\t\t<h3 class=\"elementor-post__title\">\n\t\t\t<a href=\"https:\/\/qwallz.eu\/sk\/qwallz-falpanelek-vs-hagyomanyos-keramia-burkolatok\/\" >\n\t\t\t\tQWALLZ falpanelek vs. hagyom\u00e1nyos ker\u00e1mia burkolatok\t\t\t<\/a>\n\t\t<\/h3>\n\t\t\t\t\t<div class=\"elementor-post__read-more-wrapper\">\n\t\t\n\t\t<a class=\"elementor-post__read-more\" href=\"https:\/\/qwallz.eu\/sk\/qwallz-falpanelek-vs-hagyomanyos-keramia-burkolatok\/\" aria-label=\"Read more about QWALLZ falpanelek vs. hagyom\u00e1nyos ker\u00e1mia burkolatok\" tabindex=\"-1\" >\n\t\t\tTov\u00e1bb olvasom \u00bb\t\t<\/a>\n\n\t\t\t\t\t<\/div>\n\t\t\t\t<\/div>\n\t\t\t\t\t<\/div>\n\t\t<\/article>\n\t\t\t\t<article class=\"elementor-post elementor-grid-item post-18440 post type-post status-publish format-standard has-post-thumbnail hentry category-egyeb\" role=\"listitem\">\n\t\t\t<div class=\"elementor-post__card\">\n\t\t\t\t<a class=\"elementor-post__thumbnail__link\" href=\"https:\/\/qwallz.eu\/sk\/megerkeztek-a-zenvia-falpanelek\/\" tabindex=\"-1\" ><div class=\"elementor-post__thumbnail\"><img loading=\"lazy\" decoding=\"async\" width=\"768\" height=\"768\" src=\"https:\/\/qwallz.eu\/wp-content\/uploads\/2025\/05\/HOGYAN-768x768.jpg\" class=\"attachment-medium_large size-medium_large wp-image-18441\" alt=\"Meg\u00e9rkeztek a Zenvia falpanelek - \u00faj akusztikus falpanel kollekci\u00f3\" srcset=\"https:\/\/qwallz.eu\/wp-content\/uploads\/2025\/05\/HOGYAN-768x768.jpg 768w, https:\/\/qwallz.eu\/wp-content\/uploads\/2025\/05\/HOGYAN-300x300.jpg 300w, https:\/\/qwallz.eu\/wp-content\/uploads\/2025\/05\/HOGYAN-1024x1024.jpg 1024w, https:\/\/qwallz.eu\/wp-content\/uploads\/2025\/05\/HOGYAN-150x150.jpg 150w, https:\/\/qwallz.eu\/wp-content\/uploads\/2025\/05\/HOGYAN-1000x1000.jpg 1000w, https:\/\/qwallz.eu\/wp-content\/uploads\/2025\/05\/HOGYAN-100x100.jpg 100w, https:\/\/qwallz.eu\/wp-content\/uploads\/2025\/05\/HOGYAN.jpg 1080w\" sizes=\"(max-width: 768px) 100vw, 768px\" \/><\/div><\/a>\n\t\t\t\t<div class=\"elementor-post__text\">\n\t\t\t\t<h3 class=\"elementor-post__title\">\n\t\t\t<a href=\"https:\/\/qwallz.eu\/sk\/megerkeztek-a-zenvia-falpanelek\/\" >\n\t\t\t\tMeg\u00e9rkeztek a Zenvia falpanelek \u2013 \u00faj\u00a0\u00a0\u00a0\u00a0 \u00a0akusztikus falpanel kollekci\u00f3!\t\t\t<\/a>\n\t\t<\/h3>\n\t\t\t\t\t<div class=\"elementor-post__read-more-wrapper\">\n\t\t\n\t\t<a class=\"elementor-post__read-more\" href=\"https:\/\/qwallz.eu\/sk\/megerkeztek-a-zenvia-falpanelek\/\" aria-label=\"Read more about Meg\u00e9rkeztek a Zenvia falpanelek \u2013 \u00faj\u00a0\u00a0\u00a0\u00a0 \u00a0akusztikus falpanel kollekci\u00f3!\" tabindex=\"-1\" >\n\t\t\tTov\u00e1bb olvasom \u00bb\t\t<\/a>\n\n\t\t\t\t\t<\/div>\n\t\t\t\t<\/div>\n\t\t\t\t\t<\/div>\n\t\t<\/article>\n\t\t\t\t<\/div>\n\t\t\n\t\t\t\t<div class=\"e-load-more-anchor\" data-page=\"1\" data-max-page=\"2\" data-next-page=\"https:\/\/qwallz.eu\/sk\/wp-json\/wp\/v2\/pages\/43\/page\/2\/\"><\/div>\n\t\t\t\t<nav class=\"elementor-pagination\" aria-label=\"Pagination\">\n\t\t\t<span aria-current=\"page\" class=\"page-numbers current\"><span class=\"elementor-screen-only\">Page<\/span>1<\/span>\n<a class=\"page-numbers\" href=\"https:\/\/qwallz.eu\/sk\/wp-json\/wp\/v2\/pages\/43\/page\/2\/\"><span class=\"elementor-screen-only\">Page<\/span>2<\/a>\t\t<\/nav>\n\t\t\t\t\t\t<\/div>\n\t\t\t\t<\/div>\n\t\t\t\t\t<\/div>\n\t\t\t\t<\/div>\n\t\t\t\t<\/div>","protected":false},"excerpt":{"rendered":"<p>\u00fatmutat\u00f3k \u00e9s inspir\u00e1ci\u00f3k St\u00edlusos falak blog<\/p>","protected":false},"author":1,"featured_media":0,"parent":0,"menu_order":0,"comment_status":"closed","ping_status":"closed","template":"elementor_header_footer","meta":{"footnotes":""},"class_list":["post-43","page","type-page","status-publish","hentry"],"_links":{"self":[{"href":"https:\/\/qwallz.eu\/sk\/wp-json\/wp\/v2\/pages\/43","targetHints":{"allow":["GET"]}}],"collection":[{"href":"https:\/\/qwallz.eu\/sk\/wp-json\/wp\/v2\/pages"}],"about":[{"href":"https:\/\/qwallz.eu\/sk\/wp-json\/wp\/v2\/types\/page"}],"author":[{"embeddable":true,"href":"https:\/\/qwallz.eu\/sk\/wp-json\/wp\/v2\/users\/1"}],"replies":[{"embeddable":true,"href":"https:\/\/qwallz.eu\/sk\/wp-json\/wp\/v2\/comments?post=43"}],"version-history":[{"count":0,"href":"https:\/\/qwallz.eu\/sk\/wp-json\/wp\/v2\/pages\/43\/revisions"}],"wp:attachment":[{"href":"https:\/\/qwallz.eu\/sk\/wp-json\/wp\/v2\/media?parent=43"}],"curies":[{"name":"wp","href":"https:\/\/api.w.org\/{rel}","templated":true}]}}