{"id":5835,"date":"2023-01-02T14:46:38","date_gmt":"2023-01-02T14:46:38","guid":{"rendered":"https:\/\/stage.wolfthemes.live\/morvan\/my-account\/"},"modified":"2023-12-01T12:38:38","modified_gmt":"2023-12-01T11:38:38","slug":"fiokom","status":"publish","type":"page","link":"https:\/\/qwallz.eu\/sk\/fiokom\/","title":{"rendered":"Fi\u00f3kom"},"content":{"rendered":"<div data-elementor-type=\"wp-page\" data-elementor-id=\"5835\" class=\"elementor elementor-5835\" data-elementor-post-type=\"page\">\n\t\t\t\t<div class=\"elementor-element elementor-element-60e7b1a8 e-flex e-con-boxed e-con e-parent\" data-id=\"60e7b1a8\" data-element_type=\"container\" data-e-type=\"container\">\n\t\t\t\t\t<div class=\"e-con-inner\">\n\t\t\t\t<div class=\"elementor-element elementor-element-da3755f e-my-account-tabs-vertical elementor-widget elementor-widget-woocommerce-my-account\" data-id=\"da3755f\" data-element_type=\"widget\" data-e-type=\"widget\" data-settings=\"{&quot;forms_buttons_hover_animation&quot;:&quot;grow&quot;}\" data-widget_type=\"woocommerce-my-account.default\">\n\t\t\t\t\t<div class=\"e-my-account-tab e-my-account-tab__\">\t\t\t<div class=\"woocommerce\"><\/div>\t\t<\/div>\n\t\t\t\t\t\t<\/div>\n\t\t\t\t\t<\/div>\n\t\t\t\t<\/div>\n\t\t\t\t<\/div>","protected":false},"excerpt":{"rendered":"<p>Vez\u00e9rl\u0151pult Rendel\u00e9seim Let\u00f6lt\u00e9sek C\u00edmek Fi\u00f3kadatok Kijelentkez\u00e9s \u00dcdv Hamed-Teleki Fl\u00f3ra! (nem Hamed-Teleki Fl\u00f3ra vagy? Kijelentkez\u00e9s) A fi\u00f3kban megtekinthet\u0151k a legut\u00f3bbi rendel\u00e9sek, m\u00f3dos\u00edthat\u00f3k a sz\u00e1ll\u00edt\u00e1si \u00e9s sz\u00e1ml\u00e1z\u00e1si c\u00edmek \u00e9s szerkeszthet\u0151 a jelsz\u00f3, valamint egy\u00e9b fi\u00f3k adatok.<\/p>","protected":false},"author":1,"featured_media":0,"parent":0,"menu_order":0,"comment_status":"closed","ping_status":"closed","template":"elementor_header_footer","meta":{"footnotes":""},"class_list":["post-5835","page","type-page","status-publish","hentry"],"_links":{"self":[{"href":"https:\/\/qwallz.eu\/sk\/wp-json\/wp\/v2\/pages\/5835","targetHints":{"allow":["GET"]}}],"collection":[{"href":"https:\/\/qwallz.eu\/sk\/wp-json\/wp\/v2\/pages"}],"about":[{"href":"https:\/\/qwallz.eu\/sk\/wp-json\/wp\/v2\/types\/page"}],"author":[{"embeddable":true,"href":"https:\/\/qwallz.eu\/sk\/wp-json\/wp\/v2\/users\/1"}],"replies":[{"embeddable":true,"href":"https:\/\/qwallz.eu\/sk\/wp-json\/wp\/v2\/comments?post=5835"}],"version-history":[{"count":0,"href":"https:\/\/qwallz.eu\/sk\/wp-json\/wp\/v2\/pages\/5835\/revisions"}],"wp:attachment":[{"href":"https:\/\/qwallz.eu\/sk\/wp-json\/wp\/v2\/media?parent=5835"}],"curies":[{"name":"wp","href":"https:\/\/api.w.org\/{rel}","templated":true}]}}