{"id":5836,"date":"2023-01-02T14:46:38","date_gmt":"2023-01-02T14:46:38","guid":{"rendered":"https:\/\/stage.wolfthemes.live\/morvan\/?page_id=10"},"modified":"2025-04-03T21:45:03","modified_gmt":"2025-04-03T19:45:03","slug":"szallitas-es-visszakuldes-visszaterites","status":"publish","type":"page","link":"https:\/\/qwallz.eu\/sk\/szallitas-es-visszakuldes-visszaterites\/","title":{"rendered":"Sz\u00e1ll\u00edt\u00e1s \u00e9s Visszak\u00fcld\u00e9s"},"content":{"rendered":"<div data-elementor-type=\"wp-page\" data-elementor-id=\"5836\" class=\"elementor elementor-5836\" data-elementor-post-type=\"page\">\n\t\t\t\t\t\t<section class=\"elementor-section elementor-top-section elementor-element elementor-element-3ee07567 elementor-section-boxed elementor-section-height-default elementor-section-height-default\" data-id=\"3ee07567\" data-element_type=\"section\" data-e-type=\"section\">\n\t\t\t\t\t\t<div class=\"elementor-container elementor-column-gap-wide\">\n\t\t\t\t\t<div class=\"elementor-column elementor-col-100 elementor-top-column elementor-element elementor-element-3754bc4a\" data-id=\"3754bc4a\" data-element_type=\"column\" data-e-type=\"column\">\n\t\t\t<div class=\"elementor-widget-wrap elementor-element-populated\">\n\t\t\t\t\t\t<div class=\"elementor-element elementor-element-2d898732 elementor-widget elementor-widget-heading\" data-id=\"2d898732\" data-element_type=\"widget\" data-e-type=\"widget\" data-widget_type=\"heading.default\">\n\t\t\t\t\t<h1 class=\"elementor-heading-title elementor-size-default\">sz\u00e1ll\u00edt\u00e1s<\/h1>\t\t\t\t<\/div>\n\t\t\t\t<div class=\"elementor-element elementor-element-42320bf elementor-widget elementor-widget-text-editor\" data-id=\"42320bf\" data-element_type=\"widget\" data-e-type=\"widget\" data-widget_type=\"text-editor.default\">\n\t\t\t\t\t\t\t\t\t<h4><strong>\u00a0\u00c1ttekint\u00e9s<\/strong><\/h4><p>A pontos sz\u00e1ll\u00edt\u00e1si d\u00edjak a p\u00e9nzt\u00e1r oldalon ker\u00fclnek felt\u00fcntet\u00e9sre, melyek a k\u00fcldem\u00e9nyek s\u00falya alapj\u00e1n ker\u00fclnek meghat\u00e1roz\u00e1sra.<\/p><p>A k\u00f6telez\u0151 Magyar Posta sz\u00e1ll\u00edt\u00e1si lehet\u0151s\u00e9geket Fogyaszt\u00f3nak csak korl\u00e1tozott term\u00e9keinkre tudjuk biztos\u00edtani, mivel a falpanelek terjedelm\u00fck miatt a Magyar Posta \u00c1ltal\u00e1nos Szerz\u0151d\u00e9si Felt\u00e9teleiben hivatkozott POSTAI TERM\u00c9KEK\/SZOLG\u00c1LTAT\u00c1SOK, T\u00d6BBLET- \u00c9S KIEG\u00c9SZ\u00cdT\u0150 SZOLG\u00c1LTAT\u00c1SOK TERM\u00c9KLAPJAI dokumentum alapj\u00e1n olyan terjedelmes k\u00fcldem\u00e9nynek min\u0151s\u00fclnek, aminek a sz\u00e1ll\u00edt\u00e1s\u00e1t nem tudj\u00e1k biztos\u00edtani.<\/p><p><strong>Term\u00e9kek \u00e1tv\u00e9tele, ellen\u0151rz\u00e9se<\/strong><\/p><p>A falpaneleket minden esetben ellen\u0151rizni kell \u00e1tv\u00e9tel sor\u00e1n. Amennyiben a csomagon k\u00fcls\u00e9relmi nyom l\u00e1that\u00f3 \u00e9s felt\u00e9telezhet\u0151 hogy s\u00e9r\u00fclt a term\u00e9k, \u00fagy a fut\u00e1rszolg\u00e1lattal jegyz\u0151k\u00f6nyvet kell iratni azonnal.<\/p><p><strong>\u00c1tv\u00e9tel ut\u00e1n a falpaneleket csomagol\u00e1sukb\u00f3l kibontva ellen\u0151rizni kell 2 munkanapon bel\u00fcl, ez id\u0151 alatt tudunk elfogadni csere ig\u00e9nyt olyan s\u00e9r\u00fcl\u00e9sre, amely az \u00e1tv\u00e9tel sor\u00e1n nem volt \u00e9szlelhet\u0151.<\/strong><\/p><p>Amennyiben a falpanel s\u00e9r\u00fclten \u00e9rkezik meg \u00d6nh\u00f6z, k\u00e9rj\u00fck halad\u00e9ktalanul vegye fel vel\u00fcnk a kapcsolatot az info@qwallz.eu e-mail c\u00edmen!<\/p>\t\t\t\t\t\t\t\t<\/div>\n\t\t\t\t\t<\/div>\n\t\t<\/div>\n\t\t\t\t\t<\/div>\n\t\t<\/section>\n\t\t\t\t<section class=\"elementor-section elementor-top-section elementor-element elementor-element-7c70c13 elementor-section-boxed elementor-section-height-default elementor-section-height-default\" data-id=\"7c70c13\" data-element_type=\"section\" data-e-type=\"section\">\n\t\t\t\t\t\t<div class=\"elementor-container elementor-column-gap-wide\">\n\t\t\t\t\t<div class=\"elementor-column elementor-col-100 elementor-top-column elementor-element elementor-element-e25a36d\" data-id=\"e25a36d\" data-element_type=\"column\" data-e-type=\"column\">\n\t\t\t<div class=\"elementor-widget-wrap elementor-element-populated\">\n\t\t\t\t\t\t<div class=\"elementor-element elementor-element-5810658 elementor-widget elementor-widget-heading\" data-id=\"5810658\" data-element_type=\"widget\" data-e-type=\"widget\" data-widget_type=\"heading.default\">\n\t\t\t\t\t<h1 class=\"elementor-heading-title elementor-size-default\">VISSZAK\u00dcLD\u00c9S \u00c9S VISSZAT\u00c9R\u00cdT\u00c9S<\/h1>\t\t\t\t<\/div>\n\t\t\t\t<div class=\"elementor-element elementor-element-3c05130 elementor-widget elementor-widget-text-editor\" data-id=\"3c05130\" data-element_type=\"widget\" data-e-type=\"widget\" data-widget_type=\"text-editor.default\">\n\t\t\t\t\t\t\t\t\t<h4><strong>\u00a0\u00c1ttekint\u00e9s<\/strong><\/h4><p>Visszat\u00e9r\u00edt\u00e9si \u00e9s visszat\u00e9r\u00edt\u00e9si szab\u00e1lyzatunk 14 napig tart. Ha a v\u00e1s\u00e1rl\u00e1s \u00f3ta eltelt 14 nap, nem tudjuk teljes visszat\u00e9r\u00edt\u00e9st vagy cser\u00e9t aj\u00e1nlani.<\/p><p>Tov\u00e1bbi nem visszav\u00e1lthat\u00f3 t\u00e9telek:<\/p><ul><li aria-level=\"1\"><p>Aj\u00e1nd\u00e9kk\u00e1rty\u00e1k<\/p><\/li><li aria-level=\"1\"><p>Let\u00f6lthet\u0151 szoftverterm\u00e9kek<\/p><\/li><\/ul><p>A visszak\u00fcld\u00e9s befejez\u00e9s\u00e9hez sz\u00fcks\u00e9g\u00fcnk van a v\u00e1s\u00e1rl\u00e1st igazol\u00f3 nyugt\u00e1ra vagy bizonylatra.<\/p><p>K\u00e9rj\u00fck, ne k\u00fcldje vissza v\u00e1s\u00e1rl\u00e1s\u00e1t a sz\u00e1ml\u00e1z\u00e1si c\u00edm\u00fcnkre, mivel az \u00e1ru a teljes\u00edt\u0151 k\u00f6zpontokb\u00f3l \u00e9rkezik. Felh\u00edvjuk figyelm\u00e9t, hogy a visszak\u00fcld\u00e9s d\u00edj\u00e1t a v\u00e1s\u00e1rl\u00f3nak kell megfizetnie.<\/p><p>Vannak bizonyos helyzetek, amikor csak r\u00e9szleges visszat\u00e9r\u00edt\u00e9sre ker\u00fcl sor:<\/p><ul><li aria-level=\"1\"><p>B\u00e1rmely olyan term\u00e9k, amely nem az eredeti \u00e1llapot\u00e1ban van, s\u00e9r\u00fclt vagy hi\u00e1nyzik bel\u0151le olyan okokb\u00f3l, amelyek nem a mi hib\u00e1nkb\u00f3l erednek.<\/p><\/li><li aria-level=\"1\"><p>B\u00e1rmely olyan term\u00e9k, amelyet a sz\u00e1ll\u00edt\u00e1st\u00f3l sz\u00e1m\u00edtott 14 napn\u00e1l hosszabb id\u0151n bel\u00fcl visszak\u00fcldenek.<\/p><\/li><\/ul><h4 style=\"font-family: 'Source Sans Pro', sans-serif; color: #333333;\">\u00a0<\/h4><h4><strong>Visszat\u00e9r\u00edt\u00e9sek<\/strong><\/h4><p>Miut\u00e1n a visszak\u00fcld\u00f6tt term\u00e9ket megkaptuk \u00e9s megvizsg\u00e1ltuk, k\u00fcld\u00fcnk \u00d6nnek egy e-mailt, amelyben \u00e9rtes\u00edtj\u00fck, hogy megkaptuk a visszak\u00fcld\u00f6tt term\u00e9ket. A visszat\u00e9r\u00edt\u00e9s j\u00f3v\u00e1hagy\u00e1s\u00e1r\u00f3l vagy elutas\u00edt\u00e1s\u00e1r\u00f3l is \u00e9rtes\u00edtj\u00fck \u00d6nt.<\/p><p>Ha j\u00f3v\u00e1hagyj\u00e1k, akkor a visszat\u00e9r\u00edt\u00e9st feldolgozzuk, \u00e9s a j\u00f3v\u00e1\u00edr\u00e1st automatikusan a hitelk\u00e1rty\u00e1j\u00e1ra vagy az eredeti fizet\u00e9si m\u00f3dra \u00edrjuk j\u00f3v\u00e1, \u00e1ltal\u00e1ban 3-5 munkanapon bel\u00fcl.<\/p><p><strong>K\u00e9sedelmes vagy hi\u00e1nyz\u00f3 visszat\u00e9r\u00edt\u00e9sek<\/strong><\/p><p>Ha m\u00e9g nem kapott visszat\u00e9r\u00edt\u00e9st, el\u0151sz\u00f6r ellen\u0151rizze \u00fajra a banksz\u00e1ml\u00e1j\u00e1t.<\/p><p>Ezut\u00e1n l\u00e9pjen kapcsolatba a hitelk\u00e1rtya-t\u00e1rsas\u00e1ggal, mert eltarthat egy ideig, am\u00edg a visszat\u00e9r\u00edt\u00e9st hivatalosan is elk\u00fcldik.<\/p><p>Ezut\u00e1n l\u00e9pjen kapcsolatba a bankj\u00e1val. A visszat\u00e9r\u00edt\u00e9s k\u00f6nyvel\u00e9se gyakran n\u00e9mi feldolgoz\u00e1si id\u0151t vesz ig\u00e9nybe.<\/p><p>Ha mindezt megtette, \u00e9s m\u00e9g mindig nem kapta meg a visszat\u00e9r\u00edt\u00e9st, k\u00e9rj\u00fck, l\u00e9pjen kapcsolatba vel\u00fcnk a hello@qwallz.eu e-mail c\u00edmen.<\/p><h4><strong>Cser\u00e9k<\/strong><\/h4><p>Csak akkor cser\u00e9lj\u00fck ki a term\u00e9keket, ha azok hib\u00e1sak vagy s\u00e9r\u00fcltek. Ha ugyanarra a term\u00e9kre szeretn\u00e9 kicser\u00e9lni, k\u00fcldj\u00f6n nek\u00fcnk egy e-mailt a hello@qwallz.eu c\u00edmre.<\/p><p>A falpaneleket minden esetben ellen\u0151rizni kell \u00e1tv\u00e9tel sor\u00e1n. Amennyiben a csomagon k\u00fcls\u00e9relmi nyom l\u00e1that\u00f3 \u00e9s felt\u00e9telezhet\u0151 hogy s\u00e9r\u00fclt a term\u00e9k, \u00fagy a fut\u00e1rszolg\u00e1lattal jegyz\u0151k\u00f6nyvet kell iratni azonnal.<\/p><p><strong>\u00c1tv\u00e9tel ut\u00e1n a falpaneleket csomagol\u00e1sukb\u00f3l kibontva ellen\u0151rizni kell 2 munkanapon bel\u00fcl, ez id\u0151 alatt tudunk elfogadni csere ig\u00e9nyt olyan s\u00e9r\u00fcl\u00e9sre, amely az \u00e1tv\u00e9tel sor\u00e1n nem volt \u00e9szlelhet\u0151.<\/strong><\/p><p>Amennyiben a falpanel s\u00e9r\u00fclten \u00e9rkezik meg \u00d6nh\u00f6z, k\u00e9rj\u00fck halad\u00e9ktalanul vegye fel vel\u00fcnk a kapcsolatot az info@qwallz.eu e-mail c\u00edmen!<\/p><h4><strong>Sz\u00e1ll\u00edt\u00e1si visszat\u00e9r\u00edt\u00e9sek<\/strong><\/h4><p>A term\u00e9k visszak\u00fcld\u00e9s\u00e9hez kapni fog egy e-mailt az \u00fcgyf\u00e9lszolg\u00e1latunkt\u00f3l az utas\u00edt\u00e1sokkal.<\/p><p>A term\u00e9k(ek) visszak\u00fcld\u00e9s\u00e9nek sz\u00e1ll\u00edt\u00e1si k\u00f6lts\u00e9gei \u00d6nt terhelik.\u00a0<\/p><p>Att\u00f3l f\u00fcgg\u0151en, hogy hol \u00e9l, a kicser\u00e9lt term\u00e9k eljut\u00e1sa elt\u00e9r\u0151 id\u0151t vehet ig\u00e9nybe.<\/p><p>Ha dr\u00e1g\u00e1bb term\u00e9keket k\u00fcld vissza, fontolja meg, hogy nyomon k\u00f6vethet\u0151 sz\u00e1ll\u00edt\u00e1si szolg\u00e1ltat\u00e1st vesz ig\u00e9nybe, vagy sz\u00e1ll\u00edt\u00e1si biztos\u00edt\u00e1st k\u00f6t.\u00a0<\/p><h4><strong>Seg\u00edts\u00e9gre van sz\u00fcks\u00e9ge?<\/strong><\/h4><p>A visszat\u00e9r\u00edt\u00e9ssel \u00e9s a visszak\u00fcld\u00e9ssel kapcsolatos k\u00e9rd\u00e9sekben forduljon hozz\u00e1nk a hello@qwallz.eu e-mail c\u00edmen.<\/p>\t\t\t\t\t\t\t\t<\/div>\n\t\t\t\t\t<\/div>\n\t\t<\/div>\n\t\t\t\t\t<\/div>\n\t\t<\/section>\n\t\t\t\t<section class=\"elementor-section elementor-top-section elementor-element elementor-element-73e5f4 elementor-section-boxed elementor-section-height-default elementor-section-height-default\" data-id=\"73e5f4\" data-element_type=\"section\" data-e-type=\"section\">\n\t\t\t\t\t\t<div class=\"elementor-container elementor-column-gap-default\">\n\t\t\t\t\t<div class=\"elementor-column elementor-col-100 elementor-top-column elementor-element elementor-element-3dc75df\" data-id=\"3dc75df\" data-element_type=\"column\" data-e-type=\"column\">\n\t\t\t<div class=\"elementor-widget-wrap elementor-element-populated\">\n\t\t\t\t\t\t<div class=\"elementor-element elementor-element-5803e167 elementor-widget elementor-widget-image\" data-id=\"5803e167\" data-element_type=\"widget\" data-e-type=\"widget\" data-widget_type=\"image.default\">\n\t\t\t\t\t\t\t\t\t\t\t\t\t\t\t<img decoding=\"async\" src=\"https:\/\/qwallz.eu\/wp-content\/uploads\/elementor\/thumbs\/GS-series-14-1-1500x630-1-r5t9ve76mrfuw4h8p0gne5n1vu6f7q1upf0aso960c.png\" title=\"GS-series-14-1-1500&#215;630\" alt=\"GS-series-14-1-1500x630\" loading=\"lazy\" \/>\t\t\t\t\t\t\t\t\t\t\t\t\t\t\t<\/div>\n\t\t\t\t\t<\/div>\n\t\t<\/div>\n\t\t\t\t\t<\/div>\n\t\t<\/section>\n\t\t\t\t<\/div>","protected":false},"excerpt":{"rendered":"<p>sz\u00e1ll\u00edt\u00e1s \u00a0\u00c1ttekint\u00e9s A pontos sz\u00e1ll\u00edt\u00e1si d\u00edjak a p\u00e9nzt\u00e1r oldalon ker\u00fclnek felt\u00fcntet\u00e9sre, melyek a k\u00fcldem\u00e9nyek s\u00falya alapj\u00e1n ker\u00fclnek meghat\u00e1roz\u00e1sra. A k\u00f6telez\u0151 Magyar Posta sz\u00e1ll\u00edt\u00e1si lehet\u0151s\u00e9geket Fogyaszt\u00f3nak csak korl\u00e1tozott term\u00e9keinkre tudjuk biztos\u00edtani, mivel a falpanelek terjedelm\u00fck miatt a Magyar Posta \u00c1ltal\u00e1nos Szerz\u0151d\u00e9si Felt\u00e9teleiben hivatkozott POSTAI TERM\u00c9KEK\/SZOLG\u00c1LTAT\u00c1SOK, T\u00d6BBLET- \u00c9S KIEG\u00c9SZ\u00cdT\u0150 SZOLG\u00c1LTAT\u00c1SOK TERM\u00c9KLAPJAI dokumentum alapj\u00e1n olyan terjedelmes k\u00fcldem\u00e9nynek min\u0151s\u00fclnek, [&hellip;]<\/p>\n","protected":false},"author":1,"featured_media":0,"parent":0,"menu_order":0,"comment_status":"closed","ping_status":"closed","template":"elementor_header_footer","meta":{"footnotes":""},"class_list":["post-5836","page","type-page","status-publish","hentry"],"_links":{"self":[{"href":"https:\/\/qwallz.eu\/sk\/wp-json\/wp\/v2\/pages\/5836","targetHints":{"allow":["GET"]}}],"collection":[{"href":"https:\/\/qwallz.eu\/sk\/wp-json\/wp\/v2\/pages"}],"about":[{"href":"https:\/\/qwallz.eu\/sk\/wp-json\/wp\/v2\/types\/page"}],"author":[{"embeddable":true,"href":"https:\/\/qwallz.eu\/sk\/wp-json\/wp\/v2\/users\/1"}],"replies":[{"embeddable":true,"href":"https:\/\/qwallz.eu\/sk\/wp-json\/wp\/v2\/comments?post=5836"}],"version-history":[{"count":0,"href":"https:\/\/qwallz.eu\/sk\/wp-json\/wp\/v2\/pages\/5836\/revisions"}],"wp:attachment":[{"href":"https:\/\/qwallz.eu\/sk\/wp-json\/wp\/v2\/media?parent=5836"}],"curies":[{"name":"wp","href":"https:\/\/api.w.org\/{rel}","templated":true}]}}