{"id":6732,"date":"2023-12-13T16:45:20","date_gmt":"2023-12-13T15:45:20","guid":{"rendered":"https:\/\/qwallz.eu\/?page_id=6732"},"modified":"2024-03-18T20:39:09","modified_gmt":"2024-03-18T19:39:09","slug":"elallasi-jog","status":"publish","type":"page","link":"https:\/\/qwallz.eu\/sk\/elallasi-jog\/","title":{"rendered":"Visszal\u00e9p\u00e9si jog"},"content":{"rendered":"<div data-elementor-type=\"wp-page\" data-elementor-id=\"6732\" class=\"elementor elementor-6732\" data-elementor-post-type=\"page\">\n\t\t\t\t\t\t<section class=\"elementor-section elementor-top-section elementor-element elementor-element-409a4907 elementor-section-boxed elementor-section-height-default elementor-section-height-default\" data-id=\"409a4907\" data-element_type=\"section\" data-e-type=\"section\">\n\t\t\t\t\t\t<div class=\"elementor-container elementor-column-gap-wide\">\n\t\t\t\t\t<div class=\"elementor-column elementor-col-100 elementor-top-column elementor-element elementor-element-4e21f877\" data-id=\"4e21f877\" data-element_type=\"column\" data-e-type=\"column\">\n\t\t\t<div class=\"elementor-widget-wrap elementor-element-populated\">\n\t\t\t\t\t\t<div class=\"elementor-element elementor-element-365e9951 elementor-widget elementor-widget-heading\" data-id=\"365e9951\" data-element_type=\"widget\" data-e-type=\"widget\" data-widget_type=\"heading.default\">\n\t\t\t\t\t<h1 class=\"elementor-heading-title elementor-size-default\">El\u00e1ll\u00e1si JOG<\/h1>\t\t\t\t<\/div>\n\t\t\t\t<div class=\"elementor-element elementor-element-14cdeb82 elementor-widget elementor-widget-text-editor\" data-id=\"14cdeb82\" data-element_type=\"widget\" data-e-type=\"widget\" data-widget_type=\"text-editor.default\">\n\t\t\t\t\t\t\t\t\t<p><strong>El\u00e1ll\u00e1s joga:<\/strong><\/p><p>Az Eur\u00f3pai Parlament \u00e9s a Tan\u00e1cs 2011\/83\/EU sz\u00e1m\u00fa ir\u00e1nyelv\u00e9nek, tov\u00e1bb\u00e1 a fogyaszt\u00f3 \u00e9s a v\u00e1llalkoz\u00e1s k\u00f6z\u00f6tti szerz\u0151d\u00e9sek r\u00e9szletes szab\u00e1lyair\u00f3l sz\u00f3l\u00f3 45\/2014. (II.26.) Korm. rendelet szab\u00e1lyoz\u00e1sa \u00e9rtelm\u00e9ben Fogyaszt\u00f3t\u00a0indokol\u00e1s n\u00e9lk\u00fcli el\u00e1ll\u00e1si jog illeti meg.<\/p><p>\u00a0A fogyaszt\u00f3 az\u00a0el\u00e1ll\u00e1si vagy felmond\u00e1si jog\u00e1t<\/p><p>a)\u00a0term\u00e9k ad\u00e1sv\u00e9tel\u00e9re ir\u00e1nyul\u00f3 szerz\u0151d\u00e9s eset\u00e9n<\/p><p>aa)\u00a0a term\u00e9knek,<\/p><p>ab)\u00a0t\u00f6bb term\u00e9k ad\u00e1sv\u00e9telekor, ha az egyes term\u00e9kek szolg\u00e1ltat\u00e1sa elt\u00e9r\u0151 id\u0151pontban t\u00f6rt\u00e9nik, az utolj\u00e1ra szolg\u00e1ltatott term\u00e9knek,<\/p><p>ac)\u00a0t\u00f6bb t\u00e9telb\u0151l vagy darabb\u00f3l \u00e1ll\u00f3 term\u00e9k eset\u00e9n az utolj\u00e1ra szolg\u00e1ltatott t\u00e9telnek vagy darabnak,<\/p><p>ad)\u00a0ha a term\u00e9ket meghat\u00e1rozott id\u0151szakon bel\u00fcl rendszeresen kell szolg\u00e1ltatni, az els\u0151 szolg\u00e1ltat\u00e1snak,<\/p><p>a fogyaszt\u00f3 vagy az \u00e1ltala megjel\u00f6lt, a fuvaroz\u00f3t\u00f3l elt\u00e9r\u0151 harmadik szem\u00e9ly \u00e1ltali \u00e1tv\u00e9tel\u00e9nek napj\u00e1t\u00f3l sz\u00e1m\u00edtott tizenn\u00e9gy napon bel\u00fcl gyakorolhatja.<\/p><p>Ha a Szolg\u00e1ltat\u00f3 a jelen t\u00e1j\u00e9koztat\u00e1snak nem tesz eleget, a 14 napos el\u00e1ll\u00e1si hat\u00e1rid\u0151 tizenk\u00e9t h\u00f3nappal meghosszabbodik. Ha a Szolg\u00e1ltat\u00f3 a term\u00e9k k\u00e9zhezv\u00e9tel\u00e9nek vagy a szerz\u0151d\u00e9s megk\u00f6t\u00e9s\u00e9nek napj\u00e1t\u00f3l sz\u00e1m\u00edtott 14 nap lej\u00e1rt\u00e1t k\u00f6vet\u0151en, de 12 h\u00f3napon bel\u00fcl megadja a t\u00e1j\u00e9koztat\u00e1st, \u00fagy az el\u00e1ll\u00e1sra nyitva \u00e1ll\u00f3 hat\u00e1rid\u0151 e t\u00e1j\u00e9koztat\u00e1s k\u00f6zl\u00e9s\u00e9t\u0151l sz\u00e1m\u00edtott 14 nap.<\/p><p>A Fogyaszt\u00f3 az el\u00e1ll\u00e1si jog\u00e1t gyakorolhatja az erre vonatkoz\u00f3 egy\u00e9rtelm\u0171 nyilatkozat\u00e1val, vagy a\u00a0<a href=\"https:\/\/net.jogtar.hu\/jogszabaly?docid=a1400045.kor\" target=\"_blank\" rel=\"noopener\">45\/2014. (II.26.) Korm. rendelet<\/a>\u00a02. mell\u00e9klet\u00e9ben meghat\u00e1rozott nyilatkozat-minta \u00fatj\u00e1n.<\/p><p>Az el\u00e1ll\u00e1si jog gyakorl\u00e1s\u00e1ra nyitva \u00e1ll\u00f3 id\u0151 att\u00f3l a napt\u00f3l sz\u00e1m\u00edtott 14 nap eltelt\u00e9vel j\u00e1r le, amelyen Fogyaszt\u00f3, vagy az \u00e1ltala megjel\u00f6lt, a fuvaroz\u00f3t\u00f3l elt\u00e9r\u0151 harmadik szem\u00e9ly a term\u00e9ket \u00e1tveszi.<\/p><p>Fogyaszt\u00f3 a szerz\u0151d\u00e9s megk\u00f6t\u00e9s\u00e9nek napja, \u00e9s a term\u00e9k \u00e1tv\u00e9tel\u00e9nek napja k\u00f6z\u00f6tti id\u0151szakban is gyakorolhatja el\u00e1ll\u00e1si jog\u00e1t.<\/p><p>A term\u00e9k visszak\u00fcld\u00e9s\u00e9nek k\u00f6lts\u00e9g\u00e9t a Fogyaszt\u00f3nak kell viselnie, a Szolg\u00e1ltat\u00f3 nem v\u00e1llalta e k\u00f6lts\u00e9g visel\u00e9s\u00e9t.<\/p><p>Az el\u00e1ll\u00e1si jog gyakorl\u00e1sa eset\u00e9n a Fogyaszt\u00f3t a term\u00e9k visszajuttat\u00e1s\u00e1nak k\u00f6lts\u00e9g\u00e9n k\u00edv\u00fcl m\u00e1s k\u00f6lts\u00e9g nem terheli.<\/p><p>Nem illeti meg az el\u00e1ll\u00e1si jog Fogyaszt\u00f3t olyan nem el\u0151re gy\u00e1rtott term\u00e9k eset\u00e9ben, amelyet a Fogyaszt\u00f3 utas\u00edt\u00e1sa alapj\u00e1n vagy kifejezett k\u00e9r\u00e9s\u00e9re \u00e1ll\u00edtottak el\u0151, vagy olyan term\u00e9k eset\u00e9ben, amelyet egy\u00e9rtelm\u0171en a fogyaszt\u00f3 szem\u00e9ly\u00e9re szabtak.<\/p><p>A Fogyaszt\u00f3 szint\u00e9n nem gyakorolhatja az el\u00e1ll\u00e1si jog\u00e1t<\/p><p>a.\u00a0\u00a0 \u00a0a szolg\u00e1ltat\u00e1s ny\u00fajt\u00e1s\u00e1ra ir\u00e1nyul\u00f3 szerz\u0151d\u00e9s eset\u00e9ben a szolg\u00e1ltat\u00e1s eg\u00e9sz\u00e9nek teljes\u00edt\u00e9s\u00e9t k\u00f6vet\u0151en, ha a v\u00e1llalkoz\u00e1s a teljes\u00edt\u00e9st a Fogyaszt\u00f3 kifejezett, el\u0151zetes beleegyez\u00e9s\u00e9vel kezdte meg, \u00e9s a Fogyaszt\u00f3 tudom\u00e1sul vette, hogy a szolg\u00e1ltat\u00e1s eg\u00e9sz\u00e9nek teljes\u00edt\u00e9s\u00e9t k\u00f6vet\u0151en felmond\u00e1si jog\u00e1t elvesz\u00edti;<br \/>b.\u00a0\u00a0 \u00a0olyan term\u00e9k vagy szolg\u00e1ltat\u00e1s tekintet\u00e9ben, amelynek \u00e1ra, illetve d\u00edja a p\u00e9nzpiac v\u00e1llalkoz\u00e1s \u00e1ltal nem befoly\u00e1solhat\u00f3, az el\u00e1ll\u00e1si jog gyakorl\u00e1s\u00e1ra nyitva \u00e1ll\u00f3 hat\u00e1rid\u0151 alatt is lehets\u00e9ges ingadoz\u00e1s\u00e1t\u00f3l f\u00fcgg;<br \/>c.\u00a0\u00a0 \u00a0romland\u00f3 vagy min\u0151s\u00e9g\u00e9t r\u00f6vid ideig meg\u0151rz\u0151 term\u00e9k tekintet\u00e9ben;<br \/>d.\u00a0\u00a0 \u00a0olyan z\u00e1rt csomagol\u00e1s\u00fa term\u00e9k tekintet\u00e9ben, amely eg\u00e9szs\u00e9gv\u00e9delmi vagy higi\u00e9niai okokb\u00f3l az \u00e1tad\u00e1st k\u00f6vet\u0151 felbont\u00e1sa ut\u00e1n nem k\u00fcldhet\u0151 vissza;<br \/>e.\u00a0\u00a0 \u00a0olyan term\u00e9k tekintet\u00e9ben, amely jelleg\u00e9n\u00e9l fogva az \u00e1tad\u00e1st k\u00f6vet\u0151en elv\u00e1laszthatatlanul vegy\u00fcl m\u00e1s term\u00e9kkel;<br \/>f.\u00a0\u00a0 \u00a0olyan alkoholtartalm\u00fa ital tekintet\u00e9ben, amelynek t\u00e9nyleges \u00e9rt\u00e9ke a v\u00e1llalkoz\u00e1s \u00e1ltal nem befoly\u00e1solhat\u00f3 m\u00f3don a piaci ingadoz\u00e1sokt\u00f3l f\u00fcgg, \u00e9s amelynek \u00e1r\u00e1r\u00f3l a felek az ad\u00e1sv\u00e9teli szerz\u0151d\u00e9s megk\u00f6t\u00e9sekor \u00e1llapodtak meg, azonban a szerz\u0151d\u00e9s teljes\u00edt\u00e9s\u00e9re csak a megk\u00f6t\u00e9st\u0151l sz\u00e1m\u00edtott harmincadik napot k\u00f6vet\u0151en ker\u00fcl sor;<br \/>g.\u00a0\u00a0 \u00a0olyan v\u00e1llalkoz\u00e1si szerz\u0151d\u00e9s eset\u00e9ben, amelyn\u00e9l a v\u00e1llalkoz\u00e1s a Fogyaszt\u00f3 kifejezett k\u00e9r\u00e9s\u00e9re keresi fel a Fogyaszt\u00f3t s\u00fcrg\u0151s jav\u00edt\u00e1si vagy karbantart\u00e1si munk\u00e1latok elv\u00e9gz\u00e9se c\u00e9lj\u00e1b\u00f3l;<br \/>h.\u00a0\u00a0 \u00a0lez\u00e1rt csomagol\u00e1s\u00fa hang-, illetve k\u00e9pfelv\u00e9tel, valamint sz\u00e1m\u00edt\u00f3g\u00e9pes szoftver p\u00e9ld\u00e1ny\u00e1nak ad\u00e1sv\u00e9tele tekintet\u00e9ben, ha az \u00e1tad\u00e1st k\u00f6vet\u0151en a Fogyaszt\u00f3 a csomagol\u00e1st felbontotta;<br \/>i.\u00a0\u00a0 \u00a0h\u00edrlap, foly\u00f3irat \u00e9s id\u0151szaki lap tekintet\u00e9ben, az el\u0151fizet\u00e9ses szerz\u0151d\u00e9sek kiv\u00e9tel\u00e9vel;<br \/>j.\u00a0\u00a0 \u00a0nyilv\u00e1nos \u00e1rver\u00e9sen megk\u00f6t\u00f6tt szerz\u0151d\u00e9sek eset\u00e9ben;<br \/>k.\u00a0\u00a0 \u00a0lak\u00e1sc\u00e9l\u00fa szolg\u00e1ltat\u00e1s kiv\u00e9tel\u00e9vel sz\u00e1ll\u00e1sny\u00fajt\u00e1sra ir\u00e1nyul\u00f3 szerz\u0151d\u00e9s, fuvaroz\u00e1s, szem\u00e9lyg\u00e9pj\u00e1rm\u0171-k\u00f6lcs\u00f6nz\u00e9s, \u00e9tkeztet\u00e9s vagy szabadid\u0151s tev\u00e9kenys\u00e9gekhez kapcsol\u00f3d\u00f3 szolg\u00e1ltat\u00e1sra ir\u00e1nyul\u00f3 szerz\u0151d\u00e9s eset\u00e9ben, ha a szerz\u0151d\u00e9sben meghat\u00e1rozott teljes\u00edt\u00e9si hat\u00e1rnapot vagy hat\u00e1rid\u0151t k\u00f6t\u00f6ttek ki;<br \/>l.\u00a0\u00a0 \u00a0a nem t\u00e1rgyi adathordoz\u00f3n ny\u00fajtott digit\u00e1lis adattartalom tekintet\u00e9ben, ha a v\u00e1llalkoz\u00e1s a Fogyaszt\u00f3 kifejezett, el\u0151zetes beleegyez\u00e9s\u00e9vel kezdte meg a teljes\u00edt\u00e9st, \u00e9s a Fogyaszt\u00f3 e beleegyez\u00e9s\u00e9vel egyidej\u0171leg nyilatkozott annak tudom\u00e1sul v\u00e9tel\u00e9r\u0151l, hogy a teljes\u00edt\u00e9s megkezd\u00e9s\u00e9t k\u00f6vet\u0151en elvesz\u00edti az el\u00e1ll\u00e1si jog\u00e1t.<\/p><p>Szolg\u00e1ltat\u00f3\u00a0a t\u00e1vollev\u0151k k\u00f6z\u00f6tt k\u00f6t\u00f6tt szerz\u0151d\u00e9st\u0151l, a v\u00e1llalkoz\u00e1s halad\u00e9ktalanul, de legk\u00e9s\u0151bb az el\u00e1ll\u00e1sr\u00f3l val\u00f3 tudom\u00e1sszerz\u00e9s\u00e9t\u0151l sz\u00e1m\u00edtott tizenn\u00e9gy napon bel\u00fcl visszat\u00e9r\u00edti a fogyaszt\u00f3 \u00e1ltal ellenszolg\u00e1ltat\u00e1sk\u00e9nt megfizetett teljes \u00f6sszeget, ide\u00e9rtve a teljes\u00edt\u00e9ssel \u00f6sszef\u00fcgg\u00e9sben felmer\u00fclt k\u00f6lts\u00e9geket is. Ugyanakkor a Szolg\u00e1ltat\u00f3t visszatart\u00e1si jog illeti meg.<\/p><p>A visszat\u00e9r\u00edt\u00e9s sor\u00e1n az eredeti \u00fcgylet sor\u00e1n alkalmazott fizet\u00e9si m\u00f3ddal egyez\u0151 fizet\u00e9si m\u00f3dot alkalmaz a Szolg\u00e1ltat\u00f3, kiv\u00e9ve, ha Fogyaszt\u00f3 m\u00e1s fizet\u00e9si m\u00f3d ig\u00e9nybev\u00e9tel\u00e9hez kifejezetten a hozz\u00e1j\u00e1rul\u00e1s\u00e1t adja; e visszat\u00e9r\u00edt\u00e9si m\u00f3d alkalmaz\u00e1s\u00e1b\u00f3l kifoly\u00f3lag Fogyaszt\u00f3t semmilyen t\u00f6bbletk\u00f6lts\u00e9g nem terheli.<\/p><p>Fogyaszt\u00f3 k\u00f6teles az \u00e1rukat indokolatlan k\u00e9sedelem n\u00e9lk\u00fcl, de a szerz\u0151d\u00e9st\u0151l val\u00f3 el\u00e1ll\u00e1s\u00e1ra vonatkoz\u00f3 \u00e9rtes\u00edt\u00e9s Szolg\u00e1ltat\u00f3 r\u00e9sz\u00e9re t\u00f6rt\u00e9n\u0151 megk\u00fcld\u00e9s\u00e9t\u0151l sz\u00e1m\u00edtott 14 napn\u00e1l semmif\u00e9lek\u00e9ppen sem k\u00e9s\u0151bb visszak\u00fcldeni vagy Szolg\u00e1ltat\u00f3 c\u00edmen leadni.<\/p><p>Fogyaszt\u00f3nak \u00edr\u00e1sban t\u00f6rt\u00e9n\u0151 el\u00e1ll\u00e1s eset\u00e9n elegend\u0151 az el\u00e1ll\u00e1si nyilatkozatot megk\u00fcldenie 14 napon bel\u00fcl.<\/p><p>Fogyaszt\u00f3 akkor tartja be a hat\u00e1rid\u0151t, ha a 14 napos id\u0151szak letelte el\u0151tt visszak\u00fcldi, vagy \u00e1tadja a term\u00e9k(eke)t. A visszak\u00fcld\u00e9s hat\u00e1rid\u0151ben teljes\u00edtettnek min\u0151s\u00fcl, ha a Fogyaszt\u00f3 a term\u00e9ket a hat\u00e1rid\u0151 lej\u00e1rta el\u0151tt elk\u00fcldi.<\/p><p>A fogyaszt\u00f3 kiz\u00e1r\u00f3lag a term\u00e9k visszak\u00fcld\u00e9s\u00e9nek k\u00f6zvetlen k\u00f6lts\u00e9g\u00e9t viseli.\u00a0<\/p><p>A Szolg\u00e1ltat\u00f3 nem k\u00f6teles a Fogyaszt\u00f3 r\u00e9sz\u00e9re megt\u00e9r\u00edteni azon t\u00f6bbletk\u00f6lts\u00e9geket, amely a Szolg\u00e1ltat\u00f3 \u00e1ltal felk\u00edn\u00e1lt legolcs\u00f3bb szok\u00e1sos fuvaroz\u00e1si m\u00f3dt\u00f3l elt\u00e9r\u0151 sz\u00e1ll\u00edt\u00e1si m\u00f3d v\u00e1laszt\u00e1s\u00e1b\u00f3l ad\u00f3dik.<\/p><p>A visszat\u00e9r\u00edt\u00e9st Szolg\u00e1ltat\u00f3 mindaddig visszatarthatja, am\u00edg vissza nem kapta az \u00e1ru(ka)t, vagy Fogyaszt\u00f3 bizony\u00edt\u00e9kot nem szolg\u00e1ltatott arra vonatkoz\u00f3an, hogy azokat visszak\u00fcldte: a kett\u0151 k\u00f6z\u00fcl a kor\u00e1bbi id\u0151pontot kell figyelembe venni.<\/p><p>Amennyiben Fogyaszt\u00f3 \u00e9lni szeretne el\u00e1ll\u00e1si jog\u00e1val, annak jelz\u00e9s\u00e9t megteheti Szolg\u00e1ltat\u00f3 el\u00e9rhet\u0151s\u00e9geinek valamelyik\u00e9n \u00edr\u00e1sban (ak\u00e1r a mell\u00e9kelt nyilatkozat seg\u00edts\u00e9g\u00e9vel), telefonon, vagy ak\u00e1r szem\u00e9lyesen is. Postai \u00faton \u00edr\u00e1sban t\u00f6rt\u00e9n\u0151 jelz\u00e9s alkalm\u00e1val a post\u00e1ra ad\u00e1s id\u0151pontj\u00e1t vessz\u00fck figyelembe, telefonon t\u00f6rt\u00e9n\u0151 jelz\u00e9s alkalm\u00e1val pedig a telefonon t\u00f6rt\u00e9n\u0151 jelz\u00e9s\u00e9t. A megrendelt term\u00e9ket postai \u00faton, szem\u00e9lyesen, vagy fut\u00e1rszolg\u00e1lat seg\u00edts\u00e9g\u00e9vel juttathatja vissza a Fogyaszt\u00f3 a Szolg\u00e1ltat\u00f3 r\u00e9sz\u00e9re.\u00a0<\/p><p>A Fogyaszt\u00f3 csak a term\u00e9k jelleg\u00e9nek, tulajdons\u00e1gainak \u00e9s m\u0171k\u00f6d\u00e9s\u00e9nek meg\u00e1llap\u00edt\u00e1s\u00e1hoz sz\u00fcks\u00e9ges haszn\u00e1latot meghalad\u00f3 haszn\u00e1latb\u00f3l ered\u0151 \u00e9rt\u00e9kcs\u00f6kken\u00e9s\u00e9rt felel.\u00a0<\/p><p>A fogyaszt\u00f3 \u00e9s a v\u00e1llalkoz\u00e1s k\u00f6z\u00f6tti szerz\u0151d\u00e9sek r\u00e9szletes szab\u00e1lyair\u00f3l sz\u00f3l\u00f3 45\/2014. (II.26.) Korm. rendelet\u00a0<a href=\"https:\/\/net.jogtar.hu\/jr\/gen\/hjegy_doc.cgi?docid=a1400045.kor\" target=\"_blank\" rel=\"noopener\">itt\u00a0<\/a>\u00e9rhet\u0151 el.<\/p><p>Az Eur\u00f3pai Parlament \u00e9s a Tan\u00e1cs 2011\/83\/EU sz\u00e1m\u00fa ir\u00e1nyelve <a href=\"https:\/\/eur-lex.europa.eu\/legal-content\/HU\/TXT\/HTML\/?uri=CELEX:32011L0083&amp;from=HU\" target=\"_blank\" rel=\"noopener\">itt\u00a0<\/a>\u00e9rhet\u0151 el.<\/p><p>Fogyaszt\u00f3 egy\u00e9b panasz\u00e1val is megkeresheti Szolg\u00e1ltat\u00f3t a jelen Szab\u00e1lyzatban tal\u00e1lhat\u00f3 el\u00e9rhet\u0151s\u00e9geken.<\/p><p>Az el\u00e1ll\u00e1si jog csak a Polg\u00e1ri T\u00f6rv\u00e9nyk\u00f6nyv szerinti Fogyaszt\u00f3nak min\u0151s\u00fcl\u0151 Felhaszn\u00e1l\u00f3kat illeti meg.<\/p><p>Az el\u00e1ll\u00e1si jog nem illeti meg a v\u00e1llalkoz\u00e1st, azaz az olyan szem\u00e9lyt, aki a szakm\u00e1ja, \u00f6n\u00e1ll\u00f3 foglalkoz\u00e1sa vagy \u00fczleti tev\u00e9kenys\u00e9ge k\u00f6r\u00e9ben j\u00e1r el.<\/p><p>(Csak akkor alkalmazand\u00f3, ha Szolg\u00e1ltat\u00f3 szolg\u00e1ltat\u00e1st is ny\u00fajt az \u00e9rt\u00e9kes\u00edt\u00e9s mellett.) Ha a Fogyaszt\u00f3 a teljes\u00edt\u00e9s megkezd\u00e9s\u00e9t k\u00f6vet\u0151en felmondja a t\u00e1voll\u00e9v\u0151k k\u00f6z\u00f6tt k\u00f6t\u00f6tt szerz\u0151d\u00e9st, k\u00f6teles a felmond\u00e1s v\u00e1llalkoz\u00e1ssal val\u00f3 k\u00f6zl\u00e9se id\u0151pontj\u00e1ig teljes\u00edtett szolg\u00e1ltat\u00e1ssal ar\u00e1nyos d\u00edjat a v\u00e1llalkoz\u00e1s sz\u00e1m\u00e1ra megfizetni. A Fogyaszt\u00f3 \u00e1ltal ar\u00e1nyosan fizetend\u0151 \u00f6sszeget a szerz\u0151d\u00e9sben meg\u00e1llap\u00edtott ellenszolg\u00e1ltat\u00e1s ad\u00f3val n\u00f6velt teljes \u00f6sszege alapj\u00e1n kell meg\u00e1llap\u00edtani. Ha a Fogyaszt\u00f3 bizony\u00edtja, hogy az ily m\u00f3don meg\u00e1llap\u00edtott teljes \u00f6sszeg t\u00falzottan magas, az ar\u00e1nyos \u00f6sszeget a szerz\u0151d\u00e9s megsz\u0171n\u00e9s\u00e9nek id\u0151pontj\u00e1ig teljes\u00edtett szolg\u00e1ltat\u00e1sok piaci \u00e9rt\u00e9ke alapj\u00e1n kell kisz\u00e1m\u00edtani.<\/p><p>El\u00e1ll\u00e1si jog gyakorl\u00e1s\u00e1nak a menete:<\/p><p>Amennyiben a Fogyaszt\u00f3 \u00e9lni k\u00edv\u00e1n az el\u00e1ll\u00e1si joggal, \u00fagy k\u00f6teles az el\u00e1ll\u00e1si sz\u00e1nd\u00e9k\u00e1t a Szolg\u00e1ltat\u00f3 el\u00e9rhet\u0151s\u00e9gein jelezni.<\/p><p>Fogyaszt\u00f3 hat\u00e1rid\u0151ben gyakorolja el\u00e1ll\u00e1si jog\u00e1t, amennyiben a term\u00e9k k\u00e9zhezv\u00e9tel\u00e9t\u0151l sz\u00e1m\u00edtott 14. nap lej\u00e1rta el\u0151tt elk\u00fcldi el\u00e1ll\u00e1si nyilatkozat\u00e1t. \u00cdr\u00e1sban t\u00f6rt\u00e9n\u0151 el\u00e1ll\u00e1s eset\u00e9n el\u00e9g csak az el\u00e1ll\u00e1si nyilatkozatot elk\u00fcldeni 14 napon bel\u00fcl. Postai \u00faton t\u00f6rt\u00e9n\u0151 jelz\u00e9s alkalm\u00e1val a post\u00e1ra ad\u00e1s d\u00e1tum\u00e1t, emailen kereszt\u00fcl t\u00f6rt\u00e9n\u0151 \u00e9rtes\u00edt\u00e9s eset\u00e9n az email k\u00fcld\u00e9s\u00e9nek idej\u00e9t veszi figyelembe.<\/p><p>A Fogyaszt\u00f3 el\u00e1ll\u00e1s eset\u00e9n k\u00f6teles a megrendelt term\u00e9ket a Szolg\u00e1ltat\u00f3 c\u00edm\u00e9re k\u00e9sedelem n\u00e9lk\u00fcl, de legk\u00e9s\u0151bb el\u00e1ll\u00e1si nyilatkozat\u00e1nak k\u00f6zl\u00e9s\u00e9t\u0151l sz\u00e1m\u00edtott 14 napon bel\u00fcl visszak\u00fcldeni, vagy szolg\u00e1ltat\u00f3 r\u00e9sz\u00e9re \u00e1tadni. A hat\u00e1rid\u0151 betartottnak min\u0151s\u00fcl, amennyiben a 14 napos hat\u00e1rid\u0151 letelte el\u0151tt elk\u00fcldi a term\u00e9ket (teh\u00e1t nem kell meg\u00e9rkezni 14 napon bel\u00fcl). A megrendel\u0151 viseli az el\u00e1ll\u00e1si jog gyakorl\u00e1sa miatt az \u00e1ru visszaszolg\u00e1ltat\u00e1s\u00e1val kapcsolatban felmer\u00fcl\u0151 k\u00f6lts\u00e9geket.\u00a0<\/p><p>A Szolg\u00e1ltat\u00f3 azonban nem k\u00f6teles a Fogyaszt\u00f3 r\u00e9sz\u00e9re megt\u00e9r\u00edteni azon t\u00f6bbletk\u00f6lts\u00e9geket, amely a Szolg\u00e1ltat\u00f3 \u00e1ltal felk\u00edn\u00e1lt legolcs\u00f3bb szok\u00e1sos fuvaroz\u00e1si m\u00f3dt\u00f3l elt\u00e9r\u0151 sz\u00e1ll\u00edt\u00e1si m\u00f3d v\u00e1laszt\u00e1s\u00e1b\u00f3l ad\u00f3dik. A Fogyaszt\u00f3 a szerz\u0151d\u00e9s megk\u00f6t\u00e9s\u00e9nek napja \u00e9s a term\u00e9k \u00e1tv\u00e9tel\u00e9nek napja k\u00f6z\u00f6tti id\u0151szakban is gyakorolja el\u00e1ll\u00e1si jog\u00e1t.<\/p><p>T\u00f6bb term\u00e9k ad\u00e1sv\u00e9telekor, amennyiben az egyes term\u00e9kek sz\u00e1ll\u00edt\u00e1sa elt\u00e9r\u0151 id\u0151pontban t\u00f6rt\u00e9nik, \u00fagy az utolj\u00e1ra szolg\u00e1ltatott term\u00e9k, illetve t\u00f6bb t\u00e9telb\u0151l vagy darabb\u00f3l \u00e1ll\u00f3 term\u00e9k eset\u00e9n az utolj\u00e1ra k\u00e9zbes\u00edtett t\u00e9telnek vagy darab k\u00e9zhezv\u00e9telt\u0151l sz\u00e1m\u00edtott 14 napon bel\u00fcl \u00e9lhet a v\u00e1s\u00e1rl\u00f3 az el\u00e1ll\u00e1si joggal.<\/p>\t\t\t\t\t\t\t\t<\/div>\n\t\t\t\t\t<\/div>\n\t\t<\/div>\n\t\t\t\t\t<\/div>\n\t\t<\/section>\n\t\t\t\t<section class=\"elementor-section elementor-top-section elementor-element elementor-element-219b35ae elementor-section-boxed elementor-section-height-default elementor-section-height-default\" data-id=\"219b35ae\" data-element_type=\"section\" data-e-type=\"section\">\n\t\t\t\t\t\t<div class=\"elementor-container elementor-column-gap-default\">\n\t\t\t\t\t<div class=\"elementor-column elementor-col-100 elementor-top-column elementor-element elementor-element-12ca82c9\" data-id=\"12ca82c9\" data-element_type=\"column\" data-e-type=\"column\">\n\t\t\t<div class=\"elementor-widget-wrap elementor-element-populated\">\n\t\t\t\t\t\t<div class=\"elementor-element elementor-element-774b6490 elementor-widget elementor-widget-image\" data-id=\"774b6490\" data-element_type=\"widget\" data-e-type=\"widget\" data-widget_type=\"image.default\">\n\t\t\t\t\t\t\t\t\t\t\t\t\t\t\t<img decoding=\"async\" src=\"https:\/\/qwallz.eu\/wp-content\/uploads\/elementor\/thumbs\/GS-series-14-1-1500x630-1-r5t9ve76mrfuw4h8p0gne5n1vu6f7q1upf0aso960c.png\" title=\"GS-series-14-1-1500&#215;630\" alt=\"GS-series-14-1-1500x630\" loading=\"lazy\" \/>\t\t\t\t\t\t\t\t\t\t\t\t\t\t\t<\/div>\n\t\t\t\t\t<\/div>\n\t\t<\/div>\n\t\t\t\t\t<\/div>\n\t\t<\/section>\n\t\t\t\t<\/div>","protected":false},"excerpt":{"rendered":"<p>El\u00e1ll\u00e1si JOG El\u00e1ll\u00e1s joga: Az Eur\u00f3pai Parlament \u00e9s a Tan\u00e1cs 2011\/83\/EU sz\u00e1m\u00fa ir\u00e1nyelv\u00e9nek, tov\u00e1bb\u00e1 a fogyaszt\u00f3 \u00e9s a v\u00e1llalkoz\u00e1s k\u00f6z\u00f6tti szerz\u0151d\u00e9sek r\u00e9szletes szab\u00e1lyair\u00f3l sz\u00f3l\u00f3 45\/2014. (II.26.) Korm. rendelet szab\u00e1lyoz\u00e1sa \u00e9rtelm\u00e9ben Fogyaszt\u00f3t\u00a0indokol\u00e1s n\u00e9lk\u00fcli el\u00e1ll\u00e1si jog illeti meg. \u00a0A fogyaszt\u00f3 az\u00a0el\u00e1ll\u00e1si vagy felmond\u00e1si jog\u00e1t a)\u00a0term\u00e9k ad\u00e1sv\u00e9tel\u00e9re ir\u00e1nyul\u00f3 szerz\u0151d\u00e9s eset\u00e9n aa)\u00a0a term\u00e9knek, ab)\u00a0t\u00f6bb term\u00e9k ad\u00e1sv\u00e9telekor, ha az egyes [&hellip;]<\/p>\n","protected":false},"author":2,"featured_media":0,"parent":0,"menu_order":0,"comment_status":"closed","ping_status":"closed","template":"elementor_header_footer","meta":{"footnotes":""},"class_list":["post-6732","page","type-page","status-publish","hentry"],"_links":{"self":[{"href":"https:\/\/qwallz.eu\/sk\/wp-json\/wp\/v2\/pages\/6732","targetHints":{"allow":["GET"]}}],"collection":[{"href":"https:\/\/qwallz.eu\/sk\/wp-json\/wp\/v2\/pages"}],"about":[{"href":"https:\/\/qwallz.eu\/sk\/wp-json\/wp\/v2\/types\/page"}],"author":[{"embeddable":true,"href":"https:\/\/qwallz.eu\/sk\/wp-json\/wp\/v2\/users\/2"}],"replies":[{"embeddable":true,"href":"https:\/\/qwallz.eu\/sk\/wp-json\/wp\/v2\/comments?post=6732"}],"version-history":[{"count":0,"href":"https:\/\/qwallz.eu\/sk\/wp-json\/wp\/v2\/pages\/6732\/revisions"}],"wp:attachment":[{"href":"https:\/\/qwallz.eu\/sk\/wp-json\/wp\/v2\/media?parent=6732"}],"curies":[{"name":"wp","href":"https:\/\/api.w.org\/{rel}","templated":true}]}}