{"id":6740,"date":"2023-12-13T16:47:58","date_gmt":"2023-12-13T15:47:58","guid":{"rendered":"https:\/\/qwallz.eu\/?page_id=6740"},"modified":"2024-03-18T20:07:18","modified_gmt":"2024-03-18T19:07:18","slug":"impresszum","status":"publish","type":"page","link":"https:\/\/qwallz.eu\/sk\/impresszum\/","title":{"rendered":"Impresszum"},"content":{"rendered":"<div data-elementor-type=\"wp-page\" data-elementor-id=\"6740\" class=\"elementor elementor-6740\" data-elementor-post-type=\"page\">\n\t\t\t\t\t\t<section class=\"elementor-section elementor-top-section elementor-element elementor-element-4301b7ed elementor-section-boxed elementor-section-height-default elementor-section-height-default\" data-id=\"4301b7ed\" data-element_type=\"section\" data-e-type=\"section\">\n\t\t\t\t\t\t<div class=\"elementor-container elementor-column-gap-wide\">\n\t\t\t\t\t<div class=\"elementor-column elementor-col-100 elementor-top-column elementor-element elementor-element-505fa7d7\" data-id=\"505fa7d7\" data-element_type=\"column\" data-e-type=\"column\">\n\t\t\t<div class=\"elementor-widget-wrap elementor-element-populated\">\n\t\t\t\t\t\t<div class=\"elementor-element elementor-element-6b5f4274 elementor-widget elementor-widget-heading\" data-id=\"6b5f4274\" data-element_type=\"widget\" data-e-type=\"widget\" data-widget_type=\"heading.default\">\n\t\t\t\t\t<h1 class=\"elementor-heading-title elementor-size-default\">VISSZAK\u00dcLD\u00c9S \u00c9S VISSZAT\u00c9R\u00cdT\u00c9S<\/h1>\t\t\t\t<\/div>\n\t\t\t\t<div class=\"elementor-element elementor-element-75416bd3 elementor-widget elementor-widget-text-editor\" data-id=\"75416bd3\" data-element_type=\"widget\" data-e-type=\"widget\" data-widget_type=\"text-editor.default\">\n\t\t\t\t\t\t\t\t\t<p><strong>C\u00e9gn\u00e9v:<\/strong><\/p>\n<p>QWALLZ Kft.<\/p>\n<p><strong>Sz\u00e9khely:<\/strong><\/p>\n<p>9026 Gy\u0151r, V\u00edzt\u00fck\u00f6r u. 2\/G<br><span style=\"font-family: var( --e-global-typography-text-font-family ), Sans-serif; font-size: var( --e-global-typography-text-font-size ); font-weight: var( --e-global-typography-text-font-weight );\">Magyarorsz\u00e1g<br><\/span><span style=\"font-family: var( --e-global-typography-text-font-family ), Sans-serif; font-size: var( --e-global-typography-text-font-size ); font-weight: var( --e-global-typography-text-font-weight );\">(Ne k\u00fcldj\u00f6n vissza \u00e1rut erre a c\u00edmre!)<\/span><\/p>\n<p><strong>E-mail:<\/strong><\/p>\n<p>hello@qwallz.eu<\/p>\n<p><strong>\u00c1ltal\u00e1nos igazgat\u00f3:<\/strong><\/p>\n<p>Hamed Aryan Andr\u00e1s<br>Horv\u00e1th \u00c1d\u00e1m<\/p>\n<p><strong>C\u00e9gb\u00edr\u00f3s\u00e1g<\/strong><strong>:<\/strong><\/p>\n<p>Gy\u0151ri T\u00f6rv\u00e9nysz\u00e9k C\u00e9gb\u00edr\u00f3s\u00e1ga<\/p>\n<p><strong>C\u00e9gjegyz\u00e9ksz\u00e1m:<\/strong><\/p>\n<p>08-09-036330<\/p>\n<p><strong>Ad\u00f3sz\u00e1m:<\/strong><\/p>\n<p>32433791-2-08<\/p>\n<p><strong>Kamarai tags\u00e1g:<\/strong><\/p>\n<p>Gy\u0151r-Moson-Sopron Megyei Kereskedelmi \u00e9s Iparkamara<\/p>\n<p><strong>A t\u00e1rhelyszolg\u00e1ltat\u00f3 adatai:<\/strong><\/p>\n<p>DOTROLL Kft.<br>Sz\u00e9khely: Fogarasi utca 3-5.<br>Szerverpark: Budapest, Expo t\u00e9r 5-7.<br>Email \u00fcgyf\u00e9lszolg\u00e1lat (06-22): support@dotroll.com<\/p>\n<p><strong>ONLINE VITARENDEZ\u00c9S<\/strong><\/p>\n<p>Az Eur\u00f3pai Bizotts\u00e1g egy b\u00edr\u00f3s\u00e1gon k\u00edv\u00fcli online vitarendez\u00e9si platformot (ODR platform) biztos\u00edt, amely itt \u00e9rhet\u0151 el:&nbsp;<a href=\"https:\/\/ec.europa.eu\/consumers\/odr\" target=\"_blank\" rel=\"noopener\">www.ec.europa.eu\/consumers\/odr<\/a><\/p>\n<p>E-mail c\u00edm\u00fcnket megtal\u00e1lja az impresszumban.<\/p>\n<p>Nem vagyunk k\u00f6telesek r\u00e9szt venni egy v\u00e1lasztottb\u00edr\u00f3s\u00e1gi elj\u00e1r\u00e1sban, \u00e9s nem is aj\u00e1nlhatjuk fel, hogy r\u00e9szt vegy\u00fcnk egy ilyen elj\u00e1r\u00e1sban.<\/p>\t\t\t\t\t\t\t\t<\/div>\n\t\t\t\t\t<\/div>\n\t\t<\/div>\n\t\t\t\t\t<\/div>\n\t\t<\/section>\n\t\t\t\t<section class=\"elementor-section elementor-top-section elementor-element elementor-element-21004a21 elementor-section-boxed elementor-section-height-default elementor-section-height-default\" data-id=\"21004a21\" data-element_type=\"section\" data-e-type=\"section\">\n\t\t\t\t\t\t<div class=\"elementor-container elementor-column-gap-default\">\n\t\t\t\t\t<div class=\"elementor-column elementor-col-100 elementor-top-column elementor-element elementor-element-78fd0d24\" data-id=\"78fd0d24\" data-element_type=\"column\" data-e-type=\"column\">\n\t\t\t<div class=\"elementor-widget-wrap elementor-element-populated\">\n\t\t\t\t\t\t<div class=\"elementor-element elementor-element-62af4d elementor-widget elementor-widget-image\" data-id=\"62af4d\" data-element_type=\"widget\" data-e-type=\"widget\" data-widget_type=\"image.default\">\n\t\t\t\t\t\t\t\t\t\t\t\t\t\t\t<img decoding=\"async\" src=\"https:\/\/qwallz.eu\/wp-content\/uploads\/elementor\/thumbs\/GS-series-14-1-1500x630-1-r5t9ve76mrfuw4h8p0gne5n1vu6f7q1upf0aso960c.png\" title=\"GS-series-14-1-1500&#215;630\" alt=\"GS-series-14-1-1500x630\" loading=\"lazy\" \/>\t\t\t\t\t\t\t\t\t\t\t\t\t\t\t<\/div>\n\t\t\t\t\t<\/div>\n\t\t<\/div>\n\t\t\t\t\t<\/div>\n\t\t<\/section>\n\t\t\t\t<\/div>","protected":false},"excerpt":{"rendered":"<p>VISSZAK\u00dcLD\u00c9S \u00c9S VISSZAT\u00c9R\u00cdT\u00c9S C\u00e9gn\u00e9v: QWALLZ Kft. Sz\u00e9khely: 9026 Gy\u0151r, V\u00edzt\u00fck\u00f6r u. 2\/GMagyarorsz\u00e1g(Ne k\u00fcldj\u00f6n vissza \u00e1rut erre a c\u00edmre!) E-mail: hello@qwallz.eu \u00c1ltal\u00e1nos igazgat\u00f3: Hamed Aryan Andr\u00e1sHorv\u00e1th \u00c1d\u00e1m C\u00e9gb\u00edr\u00f3s\u00e1g: Gy\u0151ri T\u00f6rv\u00e9nysz\u00e9k C\u00e9gb\u00edr\u00f3s\u00e1ga C\u00e9gjegyz\u00e9ksz\u00e1m: 08-09-036330 Ad\u00f3sz\u00e1m: 32433791-2-08 Kamarai tags\u00e1g: Gy\u0151r-Moson-Sopron Megyei Kereskedelmi \u00e9s Iparkamara A t\u00e1rhelyszolg\u00e1ltat\u00f3 adatai: DOTROLL Kft.Sz\u00e9khely: Fogarasi utca 3-5.Szerverpark: Budapest, Expo t\u00e9r 5-7.Email \u00fcgyf\u00e9lszolg\u00e1lat (06-22): [&hellip;]<\/p>\n","protected":false},"author":2,"featured_media":0,"parent":0,"menu_order":0,"comment_status":"closed","ping_status":"closed","template":"elementor_header_footer","meta":{"footnotes":""},"class_list":["post-6740","page","type-page","status-publish","hentry"],"_links":{"self":[{"href":"https:\/\/qwallz.eu\/sk\/wp-json\/wp\/v2\/pages\/6740","targetHints":{"allow":["GET"]}}],"collection":[{"href":"https:\/\/qwallz.eu\/sk\/wp-json\/wp\/v2\/pages"}],"about":[{"href":"https:\/\/qwallz.eu\/sk\/wp-json\/wp\/v2\/types\/page"}],"author":[{"embeddable":true,"href":"https:\/\/qwallz.eu\/sk\/wp-json\/wp\/v2\/users\/2"}],"replies":[{"embeddable":true,"href":"https:\/\/qwallz.eu\/sk\/wp-json\/wp\/v2\/comments?post=6740"}],"version-history":[{"count":0,"href":"https:\/\/qwallz.eu\/sk\/wp-json\/wp\/v2\/pages\/6740\/revisions"}],"wp:attachment":[{"href":"https:\/\/qwallz.eu\/sk\/wp-json\/wp\/v2\/media?parent=6740"}],"curies":[{"name":"wp","href":"https:\/\/api.w.org\/{rel}","templated":true}]}}