{"id":7,"date":"2023-01-02T14:46:38","date_gmt":"2023-01-02T14:46:38","guid":{"rendered":"https:\/\/stage.wolfthemes.live\/morvan\/cart\/"},"modified":"2025-11-19T14:32:30","modified_gmt":"2025-11-19T13:32:30","slug":"kosar","status":"publish","type":"page","link":"https:\/\/qwallz.eu\/sk\/kosar\/","title":{"rendered":"Kos\u00e1r"},"content":{"rendered":"<div data-elementor-type=\"wp-page\" data-elementor-id=\"7\" class=\"elementor elementor-7\" data-elementor-post-type=\"page\">\n\t\t\t\t<div class=\"elementor-element elementor-element-3e96059 e-flex e-con-boxed e-con e-parent\" data-id=\"3e96059\" data-element_type=\"container\" data-e-type=\"container\">\n\t\t\t\t\t<div class=\"e-con-inner\">\n\t\t\t\t<div class=\"elementor-element elementor-element-83bba0a elementor-widget elementor-widget-heading\" data-id=\"83bba0a\" data-element_type=\"widget\" data-e-type=\"widget\" data-widget_type=\"heading.default\">\n\t\t\t\t\t<h2 class=\"elementor-heading-title elementor-size-default\">Kos\u00e1r<\/h2>\t\t\t\t<\/div>\n\t\t\t\t\t<\/div>\n\t\t\t\t<\/div>\n\t\t<div class=\"elementor-element elementor-element-fb69b4c e-con-full e-flex e-con e-parent\" data-id=\"fb69b4c\" data-element_type=\"container\" data-e-type=\"container\">\n\t\t<div class=\"elementor-element elementor-element-113a129 e-con-full elementor-hidden-tablet elementor-hidden-mobile e-flex e-con e-child\" data-id=\"113a129\" data-element_type=\"container\" data-e-type=\"container\">\n\t\t<div class=\"elementor-element elementor-element-2ec05d4 e-grid e-con-full e-con e-child\" data-id=\"2ec05d4\" data-element_type=\"container\" data-e-type=\"container\">\n\t\t\t\t<div class=\"elementor-element elementor-element-4815f43 elementor-widget elementor-widget-image\" data-id=\"4815f43\" data-element_type=\"widget\" data-e-type=\"widget\" data-widget_type=\"image.default\">\n\t\t\t\t\t\t\t\t\t\t\t\t\t\t\t<img decoding=\"async\" src=\"https:\/\/qwallz.eu\/wp-content\/uploads\/elementor\/thumbs\/Megbizhato-Szallitas-ikon-AT-masolata-rbgsx8mjiflox8feuotwtmqarsla3h5m0oe57l8z54.png\" title=\"Megb\u00edzhat\u00f3 Sz\u00e1ll\u00edt\u00e1s ikon AT m\u00e1solata\" alt=\"Megb\u00edzhat\u00f3 Sz\u00e1ll\u00edt\u00e1s ikon AT m\u00e1solata\" loading=\"lazy\" \/>\t\t\t\t\t\t\t\t\t\t\t\t\t\t\t<\/div>\n\t\t\t\t<div class=\"elementor-element elementor-element-f962df3 elementor-align-start elementor-icon-list--layout-traditional elementor-list-item-link-full_width elementor-widget elementor-widget-icon-list\" data-id=\"f962df3\" data-element_type=\"widget\" data-e-type=\"widget\" data-widget_type=\"icon-list.default\">\n\t\t\t\t\t\t\t<ul class=\"elementor-icon-list-items\">\n\t\t\t\t\t\t\t<li class=\"elementor-icon-list-item\">\n\t\t\t\t\t\t\t\t\t\t\t<span class=\"elementor-icon-list-icon\">\n\t\t\t\t\t\t\t<svg aria-hidden=\"true\" class=\"e-font-icon-svg e-fas-check\" viewbox=\"0 0 512 512\" xmlns=\"http:\/\/www.w3.org\/2000\/svg\"><path d=\"M173.898 439.404l-166.4-166.4c-9.997-9.997-9.997-26.206 0-36.204l36.203-36.204c9.997-9.998 26.207-9.998 36.204 0L192 312.69 432.095 72.596c9.997-9.997 26.207-9.997 36.204 0l36.203 36.204c9.997 9.997 9.997 26.206 0 36.204l-294.4 294.401c-9.998 9.997-26.207 9.997-36.204-.001z\"><\/path><\/svg>\t\t\t\t\t\t<\/span>\n\t\t\t\t\t\t\t\t\t\t<span class=\"elementor-icon-list-text\">Gyors, 2-8 napos sz\u00e1ll\u00edt\u00e1s. Biztons\u00e1gos csomagol\u00e1s.<\/span>\n\t\t\t\t\t\t\t\t\t<\/li>\n\t\t\t\t\t\t<\/ul>\n\t\t\t\t\t\t<\/div>\n\t\t\t\t<div class=\"elementor-element elementor-element-60071ba elementor-widget elementor-widget-image\" data-id=\"60071ba\" data-element_type=\"widget\" data-e-type=\"widget\" data-widget_type=\"image.default\">\n\t\t\t\t\t\t\t\t\t\t\t\t\t\t\t<img decoding=\"async\" src=\"https:\/\/qwallz.eu\/wp-content\/uploads\/elementor\/thumbs\/Szakerto-Tanacsadas-ikon-AT-masolata-rbgszwi2vj8xtgk5au9uvyjbd3gpwlq8duxo5tatig.png\" title=\"Szak\u00e9rt\u0151 Tan\u00e1csad\u00e1s ikon AT m\u00e1solata\" alt=\"Szak\u00e9rt\u0151 Tan\u00e1csad\u00e1s ikon AT m\u00e1solata\" loading=\"lazy\" \/>\t\t\t\t\t\t\t\t\t\t\t\t\t\t\t<\/div>\n\t\t\t\t<div class=\"elementor-element elementor-element-5efb4b8 elementor-align-start elementor-icon-list--layout-traditional elementor-list-item-link-full_width elementor-widget elementor-widget-icon-list\" data-id=\"5efb4b8\" data-element_type=\"widget\" data-e-type=\"widget\" data-widget_type=\"icon-list.default\">\n\t\t\t\t\t\t\t<ul class=\"elementor-icon-list-items\">\n\t\t\t\t\t\t\t<li class=\"elementor-icon-list-item\">\n\t\t\t\t\t\t\t\t\t\t\t<span class=\"elementor-icon-list-icon\">\n\t\t\t\t\t\t\t<svg aria-hidden=\"true\" class=\"e-font-icon-svg e-fas-check\" viewbox=\"0 0 512 512\" xmlns=\"http:\/\/www.w3.org\/2000\/svg\"><path d=\"M173.898 439.404l-166.4-166.4c-9.997-9.997-9.997-26.206 0-36.204l36.203-36.204c9.997-9.998 26.207-9.998 36.204 0L192 312.69 432.095 72.596c9.997-9.997 26.207-9.997 36.204 0l36.203 36.204c9.997 9.997 9.997 26.206 0 36.204l-294.4 294.401c-9.998 9.997-26.207 9.997-36.204-.001z\"><\/path><\/svg>\t\t\t\t\t\t<\/span>\n\t\t\t\t\t\t\t\t\t\t<span class=\"elementor-icon-list-text\">Elakadt\u00e1l? Seg\u00edt\u00fcnk! H\u00edvj minket a +36202870099-es sz\u00e1mon, vagy \u00edrj Messengeren!<\/span>\n\t\t\t\t\t\t\t\t\t<\/li>\n\t\t\t\t\t\t<\/ul>\n\t\t\t\t\t\t<\/div>\n\t\t\t\t<div class=\"elementor-element elementor-element-60a7dcb elementor-widget elementor-widget-image\" data-id=\"60a7dcb\" data-element_type=\"widget\" data-e-type=\"widget\" data-widget_type=\"image.default\">\n\t\t\t\t\t\t\t\t\t\t\t\t\t\t\t<img decoding=\"async\" src=\"https:\/\/qwallz.eu\/wp-content\/uploads\/elementor\/thumbs\/Biztonsagos-fizetes-ikon-AT-masolata-rbgt0mtk6w8yujhx15netrw7zvuzw4mpth79lk7so8.png\" title=\"Biztons\u00e1gos fizet\u00e9s ikon AT m\u00e1solata\" alt=\"Biztons\u00e1gos fizet\u00e9s ikon AT m\u00e1solata\" loading=\"lazy\" \/>\t\t\t\t\t\t\t\t\t\t\t\t\t\t\t<\/div>\n\t\t\t\t<div class=\"elementor-element elementor-element-6bcc62a elementor-align-start elementor-icon-list--layout-traditional elementor-list-item-link-full_width elementor-widget elementor-widget-icon-list\" data-id=\"6bcc62a\" data-element_type=\"widget\" data-e-type=\"widget\" data-widget_type=\"icon-list.default\">\n\t\t\t\t\t\t\t<ul class=\"elementor-icon-list-items\">\n\t\t\t\t\t\t\t<li class=\"elementor-icon-list-item\">\n\t\t\t\t\t\t\t\t\t\t\t<span class=\"elementor-icon-list-icon\">\n\t\t\t\t\t\t\t<svg aria-hidden=\"true\" class=\"e-font-icon-svg e-fas-check\" viewbox=\"0 0 512 512\" xmlns=\"http:\/\/www.w3.org\/2000\/svg\"><path d=\"M173.898 439.404l-166.4-166.4c-9.997-9.997-9.997-26.206 0-36.204l36.203-36.204c9.997-9.998 26.207-9.998 36.204 0L192 312.69 432.095 72.596c9.997-9.997 26.207-9.997 36.204 0l36.203 36.204c9.997 9.997 9.997 26.206 0 36.204l-294.4 294.401c-9.998 9.997-26.207 9.997-36.204-.001z\"><\/path><\/svg>\t\t\t\t\t\t<\/span>\n\t\t\t\t\t\t\t\t\t\t<span class=\"elementor-icon-list-text\">100% biztons\u00e1gos, SSL-titkos\u00edtott fizet\u00e9s<\/span>\n\t\t\t\t\t\t\t\t\t<\/li>\n\t\t\t\t\t\t<\/ul>\n\t\t\t\t\t\t<\/div>\n\t\t\t\t<\/div>\n\t\t\t\t<\/div>\n\t\t<div class=\"elementor-element elementor-element-069313d e-con-full e-flex e-con e-child\" data-id=\"069313d\" data-element_type=\"container\" data-e-type=\"container\">\n\t\t<div class=\"elementor-element elementor-element-5ab6499 e-grid elementor-hidden-desktop e-con-full e-con e-child\" data-id=\"5ab6499\" data-element_type=\"container\" data-e-type=\"container\">\n\t\t\t\t<div class=\"elementor-element elementor-element-b0284aa elementor-widget elementor-widget-image\" data-id=\"b0284aa\" data-element_type=\"widget\" data-e-type=\"widget\" data-widget_type=\"image.default\">\n\t\t\t\t\t\t\t\t\t\t\t\t\t\t\t<img fetchpriority=\"high\" decoding=\"async\" width=\"313\" height=\"313\" src=\"https:\/\/qwallz.eu\/wp-content\/uploads\/2025\/09\/Megbizhato-Szallitas-ikon-AT-masolata.png\" class=\"attachment-large size-large wp-image-19952\" alt=\"\" srcset=\"https:\/\/qwallz.eu\/wp-content\/uploads\/2025\/09\/Megbizhato-Szallitas-ikon-AT-masolata.png 313w, https:\/\/qwallz.eu\/wp-content\/uploads\/2025\/09\/Megbizhato-Szallitas-ikon-AT-masolata-300x300.png 300w, https:\/\/qwallz.eu\/wp-content\/uploads\/2025\/09\/Megbizhato-Szallitas-ikon-AT-masolata-150x150.png 150w, https:\/\/qwallz.eu\/wp-content\/uploads\/2025\/09\/Megbizhato-Szallitas-ikon-AT-masolata-12x12.png 12w, https:\/\/qwallz.eu\/wp-content\/uploads\/2025\/09\/elementor\/thumbs\/Megbizhato-Szallitas-ikon-AT-masolata-rbgsx8mjiflox8feuotwtmqarsla3h5m0oe57l8z54.png 100w, https:\/\/qwallz.eu\/wp-content\/uploads\/2025\/09\/elementor\/thumbs\/Megbizhato-Szallitas-ikon-AT-masolata-rbgsx8miwi7h48cjn8ebrlb494hgrljr2s3k4w0d4k.png 50w, https:\/\/qwallz.eu\/wp-content\/uploads\/2025\/09\/elementor\/thumbs\/Megbizhato-Szallitas-ikon-AT-masolata-rbgsx8mj9nuelmsnywnoeeymkbqyd4igubh3zb5j4w.png 80w\" sizes=\"(max-width: 313px) 100vw, 313px\" \/>\t\t\t\t\t\t\t\t\t\t\t\t\t\t\t<\/div>\n\t\t\t\t<div class=\"elementor-element elementor-element-4ad78c4 elementor-widget elementor-widget-image\" data-id=\"4ad78c4\" data-element_type=\"widget\" data-e-type=\"widget\" data-widget_type=\"image.default\">\n\t\t\t\t\t\t\t\t\t\t\t\t\t\t\t<img decoding=\"async\" width=\"313\" height=\"313\" src=\"https:\/\/qwallz.eu\/wp-content\/uploads\/2025\/09\/Szakerto-Tanacsadas-ikon-AT-masolata.png\" class=\"attachment-large size-large wp-image-19954\" alt=\"\" srcset=\"https:\/\/qwallz.eu\/wp-content\/uploads\/2025\/09\/Szakerto-Tanacsadas-ikon-AT-masolata.png 313w, https:\/\/qwallz.eu\/wp-content\/uploads\/2025\/09\/Szakerto-Tanacsadas-ikon-AT-masolata-300x300.png 300w, https:\/\/qwallz.eu\/wp-content\/uploads\/2025\/09\/Szakerto-Tanacsadas-ikon-AT-masolata-150x150.png 150w, https:\/\/qwallz.eu\/wp-content\/uploads\/2025\/09\/Szakerto-Tanacsadas-ikon-AT-masolata-12x12.png 12w, https:\/\/qwallz.eu\/wp-content\/uploads\/2025\/09\/elementor\/thumbs\/Szakerto-Tanacsadas-ikon-AT-masolata-rbgszwi2vj8xtgk5au9uvyjbd3gpwlq8duxo5tatig.png 100w, https:\/\/qwallz.eu\/wp-content\/uploads\/2025\/09\/elementor\/thumbs\/Szakerto-Tanacsadas-ikon-AT-masolata-rbgszwi2mrhnhuxef23mgqrn5mme69337i0mxj7di8.png 80w\" sizes=\"(max-width: 313px) 100vw, 313px\" \/>\t\t\t\t\t\t\t\t\t\t\t\t\t\t\t<\/div>\n\t\t\t\t<div class=\"elementor-element elementor-element-3757467 elementor-widget elementor-widget-image\" data-id=\"3757467\" data-element_type=\"widget\" data-e-type=\"widget\" data-widget_type=\"image.default\">\n\t\t\t\t\t\t\t\t\t\t\t\t\t\t\t<img decoding=\"async\" width=\"313\" height=\"313\" src=\"https:\/\/qwallz.eu\/wp-content\/uploads\/2025\/09\/Biztonsagos-fizetes-ikon-AT-masolata.png\" class=\"attachment-large size-large wp-image-19955\" alt=\"\" srcset=\"https:\/\/qwallz.eu\/wp-content\/uploads\/2025\/09\/Biztonsagos-fizetes-ikon-AT-masolata.png 313w, https:\/\/qwallz.eu\/wp-content\/uploads\/2025\/09\/Biztonsagos-fizetes-ikon-AT-masolata-300x300.png 300w, https:\/\/qwallz.eu\/wp-content\/uploads\/2025\/09\/Biztonsagos-fizetes-ikon-AT-masolata-150x150.png 150w, https:\/\/qwallz.eu\/wp-content\/uploads\/2025\/09\/Biztonsagos-fizetes-ikon-AT-masolata-12x12.png 12w, https:\/\/qwallz.eu\/wp-content\/uploads\/2025\/09\/elementor\/thumbs\/Biztonsagos-fizetes-ikon-AT-masolata-rbgt0mtk6w8yujhx15netrw7zvuzw4mpth79lk7so8.png 100w, https:\/\/qwallz.eu\/wp-content\/uploads\/2025\/09\/elementor\/thumbs\/Biztonsagos-fizetes-ikon-AT-masolata-rbgt0mtjy4hoixv65dh6ek4jsf0o5rzkn4a8da4co0.png 80w\" sizes=\"(max-width: 313px) 100vw, 313px\" \/>\t\t\t\t\t\t\t\t\t\t\t\t\t\t\t<\/div>\n\t\t\t\t<\/div>\n\t\t<div class=\"elementor-element elementor-element-28f422d e-grid elementor-hidden-desktop e-con-full e-con e-child\" data-id=\"28f422d\" data-element_type=\"container\" data-e-type=\"container\">\n\t\t\t\t<div class=\"elementor-element elementor-element-19a7dd8 elementor-widget elementor-widget-text-editor\" data-id=\"19a7dd8\" data-element_type=\"widget\" data-e-type=\"widget\" data-widget_type=\"text-editor.default\">\n\t\t\t\t\t\t\t\t\t<p>K\u00e9szletr\u0151l 2-8 munkanap.<\/p>\t\t\t\t\t\t\t\t<\/div>\n\t\t\t\t<div class=\"elementor-element elementor-element-7fca609 elementor-widget elementor-widget-text-editor\" data-id=\"7fca609\" data-element_type=\"widget\" data-e-type=\"widget\" data-widget_type=\"text-editor.default\">\n\t\t\t\t\t\t\t\t\t<p>Seg\u00edt\u00fcnk!<br \/>+36202870099<\/p>\t\t\t\t\t\t\t\t<\/div>\n\t\t\t\t<div class=\"elementor-element elementor-element-f7c4eb2 elementor-widget elementor-widget-text-editor\" data-id=\"f7c4eb2\" data-element_type=\"widget\" data-e-type=\"widget\" data-widget_type=\"text-editor.default\">\n\t\t\t\t\t\t\t\t\t<p>100% bizons\u00e1g, SSL titkos\u00edt\u00e1s.<\/p>\t\t\t\t\t\t\t\t<\/div>\n\t\t\t\t<\/div>\n\t\t<div class=\"elementor-element elementor-element-f10cf0e elementor-hidden-desktop e-con-full e-flex e-con e-child\" data-id=\"f10cf0e\" data-element_type=\"container\" data-e-type=\"container\">\n\t\t\t\t<\/div>\n\t\t\t\t<\/div>\n\t\t\t\t<\/div>\n\t\t<div class=\"elementor-element elementor-element-4062fcd9 e-con-full e-flex e-con e-parent\" data-id=\"4062fcd9\" data-element_type=\"container\" data-e-type=\"container\" data-settings=\"{&quot;background_background&quot;:&quot;classic&quot;}\">\n\t\t\t\t<div class=\"elementor-element elementor-element-586d682f elementor-widget-mobile__width-inherit elementor-widget elementor-widget-heading\" data-id=\"586d682f\" data-element_type=\"widget\" data-e-type=\"widget\" data-widget_type=\"heading.default\">\n\t\t\t\t\t<h2 class=\"elementor-heading-title elementor-size-default\">akik m\u00e1r az eleganci\u00e1t v\u00e1lasztott\u00e1k<\/h2>\t\t\t\t<\/div>\n\t\t<div class=\"elementor-element elementor-element-52efd68e e-con-full e-flex e-con e-child\" data-id=\"52efd68e\" data-element_type=\"container\" data-e-type=\"container\">\n\t\t<div class=\"elementor-element elementor-element-5b9684c6 e-con-full e-flex e-con e-child\" data-id=\"5b9684c6\" data-element_type=\"container\" data-e-type=\"container\" data-settings=\"{&quot;background_background&quot;:&quot;classic&quot;}\">\n\t\t\t\t<div class=\"elementor-element elementor-element-7bf98cc elementor-widget elementor-widget-image\" data-id=\"7bf98cc\" data-element_type=\"widget\" data-e-type=\"widget\" data-widget_type=\"image.default\">\n\t\t\t\t\t\t\t\t\t\t\t\t\t\t\t<img loading=\"lazy\" decoding=\"async\" width=\"768\" height=\"576\" src=\"https:\/\/qwallz.eu\/wp-content\/uploads\/2024\/04\/lamella_falpanel_akusztikus.webp\" class=\"attachment-medium_large size-medium_large wp-image-13921\" alt=\"lamella_falpanel_akusztikus\" \/>\t\t\t\t\t\t\t\t\t\t\t\t\t\t\t<\/div>\n\t\t\t\t<div class=\"elementor-element elementor-element-2e2c570d elementor-widget elementor-widget-text-editor\" data-id=\"2e2c570d\" data-element_type=\"widget\" data-e-type=\"widget\" data-widget_type=\"text-editor.default\">\n\t\t\t\t\t\t\t\t\t<p>&#8221; \u00d6t csillag a QWALLZ-nak! Az akusztikus falpanelek min\u0151s\u00e9ge kiv\u00e1l\u00f3. A sz\u00e1ll\u00edt\u00e1s is pontosan \u00e9rkezett, \u00edg\u00e9ret\u00fcknek megfelel\u0151en. Gyorsan \u00e9s egyszer\u0171en feldobhattam vele a l\u00e9pcs\u0151fordul\u00f3t. Teljes m\u00e9rt\u00e9kben el\u00e9gedett vagyok! &#8220;<\/p>\t\t\t\t\t\t\t\t<\/div>\n\t\t<div class=\"elementor-element elementor-element-5b39c1ea e-con-full e-flex e-con e-child\" data-id=\"5b39c1ea\" data-element_type=\"container\" data-e-type=\"container\">\n\t\t\t\t<div class=\"elementor-element elementor-element-764bd424 elementor--star-style-star_unicode elementor-widget elementor-widget-star-rating\" data-id=\"764bd424\" data-element_type=\"widget\" data-e-type=\"widget\" data-widget_type=\"star-rating.default\">\n\t\t\t\t\t\t\t<div class=\"elementor-star-rating__wrapper\">\n\t\t\t\t\t\t<div class=\"elementor-star-rating\" itemtype=\"http:\/\/schema.org\/Rating\" itemscope=\"\" itemprop=\"reviewRating\">\n\t\t\t\t<i class=\"elementor-star-full\" aria-hidden=\"true\">&#9733;<\/i><i class=\"elementor-star-full\" aria-hidden=\"true\">&#9733;<\/i><i class=\"elementor-star-full\" aria-hidden=\"true\">&#9733;<\/i><i class=\"elementor-star-full\" aria-hidden=\"true\">&#9733;<\/i><i class=\"elementor-star-full\" aria-hidden=\"true\">&#9733;<\/i>\t\t\t\t<span itemprop=\"ratingValue\" class=\"elementor-screen-only\">Kateg\u00f3ria 5 az 5-b\u0151l 5<\/span>\n\t\t\t<\/div>\n\t\t<\/div>\n\t\t\t\t\t\t<\/div>\n\t\t\t\t<div class=\"elementor-element elementor-element-3402fbb3 elementor-widget-mobile__width-inherit elementor-widget elementor-widget-icon-box\" data-id=\"3402fbb3\" data-element_type=\"widget\" data-e-type=\"widget\" data-widget_type=\"icon-box.default\">\n\t\t\t\t\t\t\t<div class=\"elementor-icon-box-wrapper\">\n\n\t\t\t\n\t\t\t\t\t\t<div class=\"elementor-icon-box-content\">\n\n\t\t\t\t\t\t\t\t\t<h3 class=\"elementor-icon-box-title\">\n\t\t\t\t\t\t<span  >\n\t\t\t\t\t\t\tBal\u00e1zs Andr\u00e1s\t\t\t\t\t\t<\/span>\n\t\t\t\t\t<\/h3>\n\t\t\t\t\n\t\t\t\t\n\t\t\t<\/div>\n\t\t\t\n\t\t<\/div>\n\t\t\t\t\t\t<\/div>\n\t\t\t\t<\/div>\n\t\t\t\t<\/div>\n\t\t<div class=\"elementor-element elementor-element-193a3fd2 e-con-full e-flex e-con e-child\" data-id=\"193a3fd2\" data-element_type=\"container\" data-e-type=\"container\" data-settings=\"{&quot;background_background&quot;:&quot;classic&quot;}\">\n\t\t\t\t<div class=\"elementor-element elementor-element-24df15bd elementor-widget elementor-widget-image\" data-id=\"24df15bd\" data-element_type=\"widget\" data-e-type=\"widget\" data-widget_type=\"image.default\">\n\t\t\t\t\t\t\t\t\t\t\t\t\t\t\t<img loading=\"lazy\" decoding=\"async\" width=\"768\" height=\"576\" src=\"https:\/\/qwallz.eu\/wp-content\/uploads\/2024\/04\/IMG_0524.jpeg\" class=\"attachment-medium_large size-medium_large wp-image-13918\" alt=\"m\u00e1rv\u00e1ny falpanel\" \/>\t\t\t\t\t\t\t\t\t\t\t\t\t\t\t<\/div>\n\t\t\t\t<div class=\"elementor-element elementor-element-55d5aaf1 elementor-widget elementor-widget-text-editor\" data-id=\"55d5aaf1\" data-element_type=\"widget\" data-e-type=\"widget\" data-widget_type=\"text-editor.default\">\n\t\t\t\t\t\t\t\t\t<p>&#8221; Csak aj\u00e1nlani tudom a QWALLZ v\u00e9gtelen\u00edthet\u0151 falpaneleket! A min\u0151s\u00e9g fel\u00fclm\u00falta minden v\u00e1rakoz\u00e1somat \u2013 egyszer\u0171en leny\u0171g\u00f6z\u0151, mennyire \u00e9leth\u0171ek \u00e9s magas min\u0151s\u00e9g\u0171ek. A telep\u00edt\u00e9s\u00fck nagyon egyszer\u0171, csup\u00e1n ragaszt\u00f3, kinyom\u00f3pisztoly \u00e9s v\u00e1g\u00f3eszk\u00f6z kell hozz\u00e1. A sz\u00e1ll\u00edt\u00e1ssal is el\u00e9gedett vagyok. &#8221;\u00a0\u00a0<\/p>\t\t\t\t\t\t\t\t<\/div>\n\t\t<div class=\"elementor-element elementor-element-4691f4c1 e-con-full e-flex e-con e-child\" data-id=\"4691f4c1\" data-element_type=\"container\" data-e-type=\"container\">\n\t\t\t\t<div class=\"elementor-element elementor-element-159bf791 elementor--star-style-star_unicode elementor-widget elementor-widget-star-rating\" data-id=\"159bf791\" data-element_type=\"widget\" data-e-type=\"widget\" data-widget_type=\"star-rating.default\">\n\t\t\t\t\t\t\t<div class=\"elementor-star-rating__wrapper\">\n\t\t\t\t\t\t<div class=\"elementor-star-rating\" itemtype=\"http:\/\/schema.org\/Rating\" itemscope=\"\" itemprop=\"reviewRating\">\n\t\t\t\t<i class=\"elementor-star-full\" aria-hidden=\"true\">&#9733;<\/i><i class=\"elementor-star-full\" aria-hidden=\"true\">&#9733;<\/i><i class=\"elementor-star-full\" aria-hidden=\"true\">&#9733;<\/i><i class=\"elementor-star-full\" aria-hidden=\"true\">&#9733;<\/i><i class=\"elementor-star-full\" aria-hidden=\"true\">&#9733;<\/i>\t\t\t\t<span itemprop=\"ratingValue\" class=\"elementor-screen-only\">Kateg\u00f3ria 5 az 5-b\u0151l 5<\/span>\n\t\t\t<\/div>\n\t\t<\/div>\n\t\t\t\t\t\t<\/div>\n\t\t\t\t<div class=\"elementor-element elementor-element-579ae608 elementor-widget-mobile__width-inherit elementor-widget elementor-widget-icon-box\" data-id=\"579ae608\" data-element_type=\"widget\" data-e-type=\"widget\" data-widget_type=\"icon-box.default\">\n\t\t\t\t\t\t\t<div class=\"elementor-icon-box-wrapper\">\n\n\t\t\t\n\t\t\t\t\t\t<div class=\"elementor-icon-box-content\">\n\n\t\t\t\t\t\t\t\t\t<h3 class=\"elementor-icon-box-title\">\n\t\t\t\t\t\t<span  >\n\t\t\t\t\t\t\tKov\u00e1cs P\u00e9ter\t\t\t\t\t\t<\/span>\n\t\t\t\t\t<\/h3>\n\t\t\t\t\n\t\t\t\t\n\t\t\t<\/div>\n\t\t\t\n\t\t<\/div>\n\t\t\t\t\t\t<\/div>\n\t\t\t\t<\/div>\n\t\t\t\t<\/div>\n\t\t<div class=\"elementor-element elementor-element-745ac17a e-con-full e-flex e-con e-child\" data-id=\"745ac17a\" data-element_type=\"container\" data-e-type=\"container\" data-settings=\"{&quot;background_background&quot;:&quot;classic&quot;}\">\n\t\t\t\t<div class=\"elementor-element elementor-element-74f91039 elementor-widget elementor-widget-image\" data-id=\"74f91039\" data-element_type=\"widget\" data-e-type=\"widget\" data-widget_type=\"image.default\">\n\t\t\t\t\t\t\t\t\t\t\t\t\t\t\t<img loading=\"lazy\" decoding=\"async\" width=\"768\" height=\"576\" src=\"https:\/\/qwallz.eu\/wp-content\/uploads\/2024\/04\/IMG_2377.jpeg\" class=\"attachment-medium_large size-medium_large wp-image-13929\" alt=\"k\u0151mint\u00e1s falpanel\" \/>\t\t\t\t\t\t\t\t\t\t\t\t\t\t\t<\/div>\n\t\t\t\t<div class=\"elementor-element elementor-element-272a0d52 elementor-widget elementor-widget-text-editor\" data-id=\"272a0d52\" data-element_type=\"widget\" data-e-type=\"widget\" data-widget_type=\"text-editor.default\">\n\t\t\t\t\t\t\t\t\t<p>&#8221; A QWALLZ falpanelei val\u00f3ban pr\u00e9mium min\u0151s\u00e9get k\u00e9pviselnek. Leny\u0171g\u00f6z\u0151 a r\u00e9szletgazdags\u00e1g \u00e9s a text\u00fara min\u0151s\u00e9ge, ami igaz\u00e1n egyedi hangulatot teremt otthonomban. A sz\u00e1ll\u00edt\u00e1s gyors \u00e9s pontos volt, minden elem s\u00e9rtetlen\u00fcl \u00e9rkezett. Az \u00fcgyf\u00e9lszolg\u00e1lati csapat is rendk\u00edv\u00fcl seg\u00edt\u0151k\u00e9sz \u00e9s bar\u00e1ts\u00e1gos, ami m\u00e9g ink\u00e1bb emelte a v\u00e1s\u00e1rl\u00e1si \u00e9lm\u00e9nyt. &#8220;<\/p>\t\t\t\t\t\t\t\t<\/div>\n\t\t<div class=\"elementor-element elementor-element-67840375 e-con-full e-flex e-con e-child\" data-id=\"67840375\" data-element_type=\"container\" data-e-type=\"container\">\n\t\t\t\t<div class=\"elementor-element elementor-element-1ea738df elementor--star-style-star_unicode elementor-widget elementor-widget-star-rating\" data-id=\"1ea738df\" data-element_type=\"widget\" data-e-type=\"widget\" data-widget_type=\"star-rating.default\">\n\t\t\t\t\t\t\t<div class=\"elementor-star-rating__wrapper\">\n\t\t\t\t\t\t<div class=\"elementor-star-rating\" itemtype=\"http:\/\/schema.org\/Rating\" itemscope=\"\" itemprop=\"reviewRating\">\n\t\t\t\t<i class=\"elementor-star-full\" aria-hidden=\"true\">&#9733;<\/i><i class=\"elementor-star-full\" aria-hidden=\"true\">&#9733;<\/i><i class=\"elementor-star-full\" aria-hidden=\"true\">&#9733;<\/i><i class=\"elementor-star-full\" aria-hidden=\"true\">&#9733;<\/i><i class=\"elementor-star-full\" aria-hidden=\"true\">&#9733;<\/i>\t\t\t\t<span itemprop=\"ratingValue\" class=\"elementor-screen-only\">Kateg\u00f3ria 5 az 5-b\u0151l 5<\/span>\n\t\t\t<\/div>\n\t\t<\/div>\n\t\t\t\t\t\t<\/div>\n\t\t\t\t<div class=\"elementor-element elementor-element-2855dc20 elementor-widget-mobile__width-inherit elementor-widget elementor-widget-icon-box\" data-id=\"2855dc20\" data-element_type=\"widget\" data-e-type=\"widget\" data-widget_type=\"icon-box.default\">\n\t\t\t\t\t\t\t<div class=\"elementor-icon-box-wrapper\">\n\n\t\t\t\n\t\t\t\t\t\t<div class=\"elementor-icon-box-content\">\n\n\t\t\t\t\t\t\t\t\t<h3 class=\"elementor-icon-box-title\">\n\t\t\t\t\t\t<span  >\n\t\t\t\t\t\t\tErd\u00e9lyi Zs\u00f3ka\t\t\t\t\t\t<\/span>\n\t\t\t\t\t<\/h3>\n\t\t\t\t\n\t\t\t\t\n\t\t\t<\/div>\n\t\t\t\n\t\t<\/div>\n\t\t\t\t\t\t<\/div>\n\t\t\t\t<\/div>\n\t\t\t\t<\/div>\n\t\t\t\t<\/div>\n\t\t\t\t<\/div>\n\t\t\t\t<\/div>","protected":false},"excerpt":{"rendered":"<p>Kos\u00e1r Gyors, 2-8 napos sz\u00e1ll\u00edt\u00e1s. Biztons\u00e1gos csomagol\u00e1s. Elakadt\u00e1l? Seg\u00edt\u00fcnk! H\u00edvj minket a +36202870099-es sz\u00e1mon, vagy \u00edrj Messengeren! 100% biztons\u00e1gos, SSL-titkos\u00edtott fizet\u00e9s K\u00e9szletr\u0151l 2-8 munkanap. Seg\u00edt\u00fcnk!+36202870099 100% bizons\u00e1g, SSL titkos\u00edt\u00e1s. Eln\u00e9z\u00e9st, &#8220;Akusztikus Falpanel PREMIUM F\u00fcst\u00f6lt t\u00f6lgy 60x300cm&#8221; term\u00e9k\u00fcnk elfogyott. K\u00e9rlek t\u00f6r\u00f6ld a jelzett term\u00e9ket a kos\u00e1rb\u00f3l, \u00e9s folytasd a v\u00e1s\u00e1rl\u00e1st. K\u00f6sz\u00f6nj\u00fck! T\u00e9tel t\u00f6rl\u00e9se B\u00e9lyegk\u00e9p Term\u00e9k \u00c1r [&hellip;]<\/p>\n","protected":false},"author":1,"featured_media":0,"parent":0,"menu_order":0,"comment_status":"closed","ping_status":"closed","template":"elementor_header_footer","meta":{"footnotes":""},"class_list":["post-7","page","type-page","status-publish","hentry"],"_links":{"self":[{"href":"https:\/\/qwallz.eu\/sk\/wp-json\/wp\/v2\/pages\/7","targetHints":{"allow":["GET"]}}],"collection":[{"href":"https:\/\/qwallz.eu\/sk\/wp-json\/wp\/v2\/pages"}],"about":[{"href":"https:\/\/qwallz.eu\/sk\/wp-json\/wp\/v2\/types\/page"}],"author":[{"embeddable":true,"href":"https:\/\/qwallz.eu\/sk\/wp-json\/wp\/v2\/users\/1"}],"replies":[{"embeddable":true,"href":"https:\/\/qwallz.eu\/sk\/wp-json\/wp\/v2\/comments?post=7"}],"version-history":[{"count":0,"href":"https:\/\/qwallz.eu\/sk\/wp-json\/wp\/v2\/pages\/7\/revisions"}],"wp:attachment":[{"href":"https:\/\/qwallz.eu\/sk\/wp-json\/wp\/v2\/media?parent=7"}],"curies":[{"name":"wp","href":"https:\/\/api.w.org\/{rel}","templated":true}]}}