{"id":12978,"date":"2024-03-17T21:20:51","date_gmt":"2024-03-17T20:20:51","guid":{"rendered":"https:\/\/qwallz.eu\/termek\/metal-series-705-fem-hatasu-falpanel-280x112cm\/"},"modified":"2026-04-13T21:49:26","modified_gmt":"2026-04-13T19:49:26","slug":"metal-series-705-fem-hatasu-falpanel-280x112cm","status":"publish","type":"product","link":"https:\/\/qwallz.eu\/sk\/product\/metal-series-705-fem-hatasu-falpanel-280x112cm\/","title":{"rendered":"Metal Series 705 F\u00e9m Hat\u00e1s\u00fa Falpanel 280x112cm"},"content":{"rendered":"<p>Metal Series 705 F\u00e9m Hat\u00e1s\u00fa Falpanel 280x112cm<\/p>","protected":false},"excerpt":{"rendered":"<p>Metal Series 705 F\u00e9m Hat\u00e1s\u00fa Falpanel 280x112cm<\/p>","protected":false},"featured_media":16702,"comment_status":"closed","ping_status":"closed","template":"","meta":[],"product_brand":[],"product_cat":[69],"product_tag":[],"class_list":{"0":"post-12978","1":"product","2":"type-product","3":"status-publish","4":"has-post-thumbnail","6":"product_cat-metal-series-femhatasu-falpanelek","8":"first","9":"outofstock","10":"sale","11":"taxable","12":"shipping-taxable","13":"purchasable","14":"product-type-simple"},"_links":{"self":[{"href":"https:\/\/qwallz.eu\/sk\/wp-json\/wp\/v2\/product\/12978","targetHints":{"allow":["GET"]}}],"collection":[{"href":"https:\/\/qwallz.eu\/sk\/wp-json\/wp\/v2\/product"}],"about":[{"href":"https:\/\/qwallz.eu\/sk\/wp-json\/wp\/v2\/types\/product"}],"replies":[{"embeddable":true,"href":"https:\/\/qwallz.eu\/sk\/wp-json\/wp\/v2\/comments?post=12978"}],"version-history":[{"count":1,"href":"https:\/\/qwallz.eu\/sk\/wp-json\/wp\/v2\/product\/12978\/revisions"}],"predecessor-version":[{"id":23583,"href":"https:\/\/qwallz.eu\/sk\/wp-json\/wp\/v2\/product\/12978\/revisions\/23583"}],"wp:featuredmedia":[{"embeddable":true,"href":"https:\/\/qwallz.eu\/sk\/wp-json\/wp\/v2\/media\/16702"}],"wp:attachment":[{"href":"https:\/\/qwallz.eu\/sk\/wp-json\/wp\/v2\/media?parent=12978"}],"wp:term":[{"taxonomy":"product_brand","embeddable":true,"href":"https:\/\/qwallz.eu\/sk\/wp-json\/wp\/v2\/product_brand?post=12978"},{"taxonomy":"product_cat","embeddable":true,"href":"https:\/\/qwallz.eu\/sk\/wp-json\/wp\/v2\/product_cat?post=12978"},{"taxonomy":"product_tag","embeddable":true,"href":"https:\/\/qwallz.eu\/sk\/wp-json\/wp\/v2\/product_tag?post=12978"}],"curies":[{"name":"wp","href":"https:\/\/api.w.org\/{rel}","templated":true}]}}