{"id":13007,"date":"2024-03-21T12:26:57","date_gmt":"2024-03-21T11:26:57","guid":{"rendered":"https:\/\/qwallz.eu\/termek\/stone-series-5004-komintas-matt-falpanel-280x112cm\/"},"modified":"2026-04-13T21:32:00","modified_gmt":"2026-04-13T19:32:00","slug":"kohatasu-matt-falpanel-280x120cm-stone-series-5004","status":"publish","type":"product","link":"https:\/\/qwallz.eu\/sk\/product\/kohatasu-matt-falpanel-280x120cm-stone-series-5004\/","title":{"rendered":"K\u0151hat\u00e1s\u00fa Matt Falpanel 280x120cm Stone Series 5004"},"content":{"rendered":"<p>K\u0151hat\u00e1s\u00fa Matt Falpanel 280x120cm Stone Series 5004<\/p>\n<p><span style=\"font-weight: 400;\">Fedezze fel a QWALLZ Stone Series nagym\u00e9ret\u0171 falpanel kollekci\u00f3j\u00e1t, ahol a term\u00e9szetes k\u0151 \u00e9s m\u00e1rv\u00e1ny mint\u00e1s falburkolatok minden darabja mag\u00e1ban hordozza a term\u00e9szetes mint\u00e1zatok leny\u0171g\u00f6z\u0151 sz\u00e9ps\u00e9g\u00e9t \u00e9s az emberi m\u0171v\u00e9szet finoms\u00e1g\u00e1t. Ezek a k\u00fcl\u00f6nleges falpanelek t\u00f6k\u00e9letes szimbi\u00f3zisban \u00e1llnak a modern design elv\u00e1r\u00e1saival \u00e9s a klasszikus elegancia id\u0151tlen vonzerej\u00e9vel.\u00a0<\/span><\/p>\n<p><b>Az \u00d6n Otthon\u00e1nak Koron\u00e1zatlan \u00c9kess\u00e9ge<\/b><\/p>\n<p><span style=\"font-weight: 400;\">Minden egyes falburkolat mint\u00e1nk gondosan megtervezett, hogy fel\u00f6ltse otthona falait kifinomult eleganci\u00e1val, \u00e1talak\u00edtva azokat m\u0171v\u00e9szeti alkot\u00e1sokk\u00e1. Az Stone Series kollekci\u00f3nkb\u00f3l a term\u00e9szetes k\u0151mint\u00e1zatok sz\u00e9les v\u00e1laszt\u00e9kban megtal\u00e1lhat\u00f3k. A &#8220;K\u0151hat\u00e1s\u00fa Matt Falpanel 280x112cm Stone Series 5004&#8221; term\u00e9k\u00fcnk meghat\u00e1roz\u00f3 eleme lehet otthon\u00e1nak vagy irod\u00e1j\u00e1nak.\u00a0 Minden egyes Stone Series k\u0151hat\u00e1s\u00fa falburkolat egyedi karakterrel b\u00edr.<\/span><\/p>\n<p><b>Tart\u00f3s Sz\u00e9ps\u00e9g<\/b><\/p>\n<p><span style=\"font-weight: 400;\">A term\u00e9szetes k\u0151 \u00e9s m\u00e1rv\u00e1ny mint\u00e1zat\u00fa falpanelek nem csak eszt\u00e9tikai \u00e9lm\u00e9nyt ny\u00fajtanak, de a bambusz rost alapanyagnak k\u00f6sz\u00f6nhet\u0151en az Stone Series falburkolat rendk\u00edv\u00fcl tart\u00f3s \u00e9s k\u00f6rnyezetbar\u00e1t is. Ezent\u00fal 100%-ban v\u00edz\u00e1ll\u00f3, hajl\u00edthat\u00f3, egyszer\u0171en \u00e9s kedvez\u0151 \u00e1ron telep\u00edthet\u0151. A nyomtat\u00e1si technol\u00f3gi\u00e1nk r\u00e9v\u00e9n a falpanelekkel \u00e9leth\u0171 mint\u00e1kat hozunk l\u00e9tre a term\u00e9szet csod\u00e1ib\u00f3l, melyekkel otthon\u00e1nak minden szeglet\u00e9t luxuss\u00e1 var\u00e1zsolhatja.<\/span><\/p>\n<p><b>Egyszer\u0171 \u00e9s K\u00f6lts\u00e9ghat\u00e9kony Telep\u00edt\u00e9s<\/b><\/p>\n<p><span style=\"font-weight: 400;\">A gondos tervez\u00e9snek k\u00f6sz\u00f6nhet\u0151en a falburkolatok telep\u00edt\u00e9se gyors \u00e9s egyszer\u0171, lehet\u0151v\u00e9 t\u00e9ve, hogy b\u00e1rki k\u00f6nnyed\u00e9n meg\u00faj\u00edthassa otthon\u00e1nak megjelen\u00e9s\u00e9t falpaneleinkkel. \u00cdgy a term\u00e9szetes k\u0151 \u00e9s m\u00e1rv\u00e1ny mint\u00e1s falburkolat nem csak id\u0151t, hanem k\u00f6lts\u00e9get is megtakar\u00edtva k\u00edn\u00e1l \u00d6nnek egy azonnali, leny\u0171g\u00f6z\u0151 otthoni \u00e1talakul\u00e1st.<\/span><\/p>\n<p><b>Fenntarthat\u00f3 Luxus<\/b><\/p>\n<p><span style=\"font-weight: 400;\">A QWALLZ falpanelek v\u00e1laszt\u00e1s\u00e1val nem csup\u00e1n otthona eszt\u00e9tik\u00e1j\u00e1t emeli, hanem a k\u00f6rnyezettudatos d\u00f6nt\u00e9sek t\u00e1bor\u00e1t is gyarap\u00edtja. A QWALLZ a falburkolataival elk\u00f6telezett amellett, hogy hozz\u00e1j\u00e1ruljon egy fenntarthat\u00f3bb j\u00f6v\u0151 kialak\u00edt\u00e1s\u00e1hoz, ahol az elegancia \u00e9s a k\u00f6rnyezettudatoss\u00e1g k\u00e9z a k\u00e9zben j\u00e1r.<\/span><\/p>\n<p><span style=\"font-weight: 400;\">Mer\u00fclj\u00f6n el a QWALLZ Stone Series Falpanel kollekci\u00f3j\u00e1nak var\u00e1zslatos vil\u00e1g\u00e1ban, \u00e9s hozzon l\u00e9tre otthon\u00e1ban egy olyan teret term\u00e9szetes k\u0151- \u00e9s m\u00e1rv\u00e1nymint\u00e1s falburkolatainkkal, amely minden nap inspir\u00e1lja.<\/span><\/p>\n<p><a href=\"https:\/\/qwallz.eu\/sk\/product-category\/stone-series-falpanelek\/\">N\u00e9zze meg a t\u00f6bbi mint\u00e1t is!<\/a><\/p>","protected":false},"excerpt":{"rendered":"<p>K\u0151hat\u00e1s\u00fa Matt Falpanel 280x120cm Stone Series 5004 Fedezze fel a QWALLZ Stone Series nagym\u00e9ret\u0171 falpanel kollekci\u00f3j\u00e1t, ahol a term\u00e9szetes k\u0151 \u00e9s m\u00e1rv\u00e1ny mint\u00e1s falburkolatok minden darabja mag\u00e1ban hordozza a term\u00e9szetes mint\u00e1zatok leny\u0171g\u00f6z\u0151 sz\u00e9ps\u00e9g\u00e9t \u00e9s az emberi m\u0171v\u00e9szet finoms\u00e1g\u00e1t. Ezek a k\u00fcl\u00f6nleges falpanelek t\u00f6k\u00e9letes szimbi\u00f3zisban \u00e1llnak a modern design elv\u00e1r\u00e1saival \u00e9s a klasszikus elegancia id\u0151tlen vonzerej\u00e9vel.\u00a0 [&hellip;]<\/p>\n","protected":false},"featured_media":16721,"comment_status":"closed","ping_status":"closed","template":"","meta":[],"product_brand":[],"product_cat":[71],"product_tag":[],"class_list":{"0":"post-13007","1":"product","2":"type-product","3":"status-publish","4":"has-post-thumbnail","6":"product_cat-stone-series-kohatasu-falpanelek","8":"first","9":"instock","10":"sale","11":"taxable","12":"shipping-taxable","13":"purchasable","14":"product-type-simple"},"_links":{"self":[{"href":"https:\/\/qwallz.eu\/sk\/wp-json\/wp\/v2\/product\/13007","targetHints":{"allow":["GET"]}}],"collection":[{"href":"https:\/\/qwallz.eu\/sk\/wp-json\/wp\/v2\/product"}],"about":[{"href":"https:\/\/qwallz.eu\/sk\/wp-json\/wp\/v2\/types\/product"}],"replies":[{"embeddable":true,"href":"https:\/\/qwallz.eu\/sk\/wp-json\/wp\/v2\/comments?post=13007"}],"version-history":[{"count":1,"href":"https:\/\/qwallz.eu\/sk\/wp-json\/wp\/v2\/product\/13007\/revisions"}],"predecessor-version":[{"id":23984,"href":"https:\/\/qwallz.eu\/sk\/wp-json\/wp\/v2\/product\/13007\/revisions\/23984"}],"wp:featuredmedia":[{"embeddable":true,"href":"https:\/\/qwallz.eu\/sk\/wp-json\/wp\/v2\/media\/16721"}],"wp:attachment":[{"href":"https:\/\/qwallz.eu\/sk\/wp-json\/wp\/v2\/media?parent=13007"}],"wp:term":[{"taxonomy":"product_brand","embeddable":true,"href":"https:\/\/qwallz.eu\/sk\/wp-json\/wp\/v2\/product_brand?post=13007"},{"taxonomy":"product_cat","embeddable":true,"href":"https:\/\/qwallz.eu\/sk\/wp-json\/wp\/v2\/product_cat?post=13007"},{"taxonomy":"product_tag","embeddable":true,"href":"https:\/\/qwallz.eu\/sk\/wp-json\/wp\/v2\/product_tag?post=13007"}],"curies":[{"name":"wp","href":"https:\/\/api.w.org\/{rel}","templated":true}]}}