{"id":13680,"date":"2024-04-02T15:04:15","date_gmt":"2024-04-02T13:04:15","guid":{"rendered":"https:\/\/qwallz.eu\/?post_type=product&#038;p=13680"},"modified":"2026-04-19T20:56:41","modified_gmt":"2026-04-19T18:56:41","slug":"united-sealants-brutal-fix-eroragaszto-falpanel-ragaszto-280ml","status":"publish","type":"product","link":"https:\/\/qwallz.eu\/sk\/product\/united-sealants-brutal-fix-eroragaszto-falpanel-ragaszto-280ml\/","title":{"rendered":"United Sealants Brut\u00e1l Fix er\u0151ragaszt\u00f3, falpanel ragaszt\u00f3 280ml"},"content":{"rendered":"<p>1db ragaszt\u00f3t aj\u00e1nlunk falpanelenk\u00e9nt. Zenvia term\u00e9kek eset\u00e9ben pedig 1 csomag, azaz 4db falpanelhez aj\u00e1nlunk 1 tubus ragaszt\u00f3t.<\/p>\n<p>A United Sealants Brut\u00e1l Fix er\u0151ragaszt\u00f3 magas kezdeti tapad\u00f3erej\u0171 hybrid polimer b\u00e1zis\u00fa, haszn\u00e1latra k\u00e9sz, egy komponens\u0171 ragaszt\u00f3paszta. Nem tartalmaz old\u00f3szereket (semleges-neutr\u00e1lis), izocian\u00e1tokat, szilikont \u00e9s vizet, teljesen szagtalan. A QWALLZ \u00e1ltal aj\u00e1nlott ragaszt\u00f3 a falpanelekhez. Haszn\u00e1lhat\u00f3 a legt\u00f6bb alapfel\u00fcletre.<\/p>\n<p>Kiad\u00f3ss\u00e1g: 1 tubus (280ml) ragaszt\u00f3 ~1db 2.8&#215;1.12m m\u00e9ret\u0171 bambuszrost falpanel felragaszt\u00e1s\u00e1hoz elegend\u0151. \u00cdgy a r\u00f6gz\u00edt\u00e9si k\u00f6lts\u00e9ge ezeknek a falburkolatoknak kiemelked\u0151en alacsony, kevesebb mint 700Ft\/m2.<\/p>\n<div class=\"field field-name-field-tulajdons-gok field-type-text-long field-label-above\">\n<div class=\"field-label\">Tulajdons\u00e1gok:<\/div>\n<div class=\"field-items\">\n<div class=\"field-item odd\">\n<ul>\n<li>Kiv\u00e9telesen er\u0151s kezdeti tapad\u00f3er\u0151 (High Tack), t\u00e1maszt\u00e9kot nem ig\u00e9nyel<\/li>\n<li>Magas v\u00e9gs\u0151 ragaszt\u00f3er\u0151, 24 \u00f3ra ut\u00e1n terhelhet\u0151<\/li>\n<li>Rugalmas, gyors k\u00f6t\u00e9s fel\u00fclet el\u0151k\u00e9sz\u00edt\u00e9s n\u00e9lk\u00fcl<\/li>\n<li>Egyszer\u0171 felhaszn\u00e1lhat\u00f3s\u00e1g<\/li>\n<li>Por\u00f3zus \u00e9s nem por\u00f3zus fel\u00fcletekre egyar\u00e1nt alkalmas<\/li>\n<li>V\u00edz alatt is megk\u00f6t, nedves fel\u00fcleten is megtapad<\/li>\n<li>J\u00f3 kit\u00f6lt\u0151 hat\u00e1s egyenetlen fel\u00fcleten is<\/li>\n<li>Feleslegess\u00e9 teszi a sz\u00f6get \u00e9s a csavart<\/li>\n<li>Id\u0151j\u00e1r\u00e1s-, \u00e9s p\u00e1ra\u00e1ll\u00f3, gomba\u00e1ll\u00f3, v\u00edz\u00e1ll\u00f3 (nem folyamatos v\u00edzterhel\u00e9s mellett)<\/li>\n<li>Kikem\u00e9nyed\u00e9s ut\u00e1n rugalmas, \u00e9s festhet\u0151 vizes b\u00e1zis\u00fa fest\u00e9kkel<\/li>\n<\/ul>\n<\/div>\n<\/div>\n<\/div>\n<div class=\"field field-name-field-alkalmaz-s field-type-text-long field-label-above\">\n<div class=\"field-label\">Alkalmaz\u00e1s:<\/div>\n<div class=\"field-items\">\n<div class=\"field-item odd\">\n<ul>\n<li>Neh\u00e9z \u00e9p\u00edt\u00e9si anyagok, elemek ragaszt\u00e1s\u00e1ra.<\/li>\n<li>K\u00fcl-, \u00e9s belt\u00e9rben, szerel\u00e9skor sz\u00fcks\u00e9ges ragaszt\u00e1sokhoz az \u00e9p\u00edt\u0151ipar minden ter\u00fclet\u00e9re, por\u00f3zus \u00e9s nem por\u00f3zus (nedvsz\u00edv\u00f3 \u00e9s nem nedvsz\u00edv\u00f3) fel\u00fcleteken, b\u00e1rmilyen kombin\u00e1ci\u00f3ban!<\/li>\n<li>Szaniter ter\u00fcleten t\u00f6rt\u00e9n\u0151 sz\u00e9les alkalmaz\u00e1s: t\u00f6m\u00edt\u00e9s (pen\u00e9sz \u00e9s gomba\u00e1ll\u00f3), ragaszt\u00e1s hidegburkolatokra<\/li>\n<li>Ny\u00edl\u00e1sz\u00e1r\u00f3k, ablakk\u00f6ny\u00f6kl\u0151k, k\u00fcsz\u00f6b\u00f6k, panelek, t\u00fckr\u00f6k, \u00fcvegfel\u00fcletek<\/li>\n<li>J\u00e1rm\u0171-, karossz\u00e9ria, kont\u00e9nergy\u00e1rt\u00e1s, f\u00e9mszerkezetekhez<\/li>\n<li>\u00c9p\u00fcletg\u00e9p\u00e9szeti ter\u00fcleteken: l\u00e9gkond\u00edci\u00f3n\u00e1l\u00f3-, f\u0171t\u0151-, \u00e9s h\u0171t\u00e9stechnikai berendez\u00e9sek, l\u00e9galagutak<\/li>\n<li>Rugalmas k\u00f6t\u00e9st biztos\u00edt vibr\u00e1l\u00f3 szerkezetek eset\u00e9n is.<\/li>\n<\/ul>\n<\/div>\n<\/div>\n<\/div>\n<div class=\"field field-name-field-alkalmaz-si-h-m-rs-klet field-type-text-long field-label-inline inline\"><span class=\"field-label\">Alkalmaz\u00e1si h\u0151m\u00e9rs\u00e9klet:\u00a0<\/span><span class=\"field-items\"><span class=\"field-item odd first last\">optim\u00e1lis: +15 \u00e9s +25\u00b0C k\u00f6z\u00f6tt<\/span><\/span><\/div>\n<div class=\"field field-name-field-fel-let-t-pusok field-type-text-long field-label-inline inline\"><span class=\"field-label\">Fel\u00fclet t\u00edpusok:\u00a0<\/span><span class=\"field-items\"><span class=\"field-item odd first last\">Beton, k\u0151, m\u00e1rv\u00e1ny, gr\u00e1nit, m\u00e9szk\u0151, m\u0171k\u0151, term\u00e9sk\u0151, t\u00e9gla, ker\u00e1mia, csempe, fapanelek, lamb\u00e9ria, parafa, forg\u00e1cslap, gipszkarton, dekor\u00e1ci\u00f3s \u00e9s burkol\u00f3 elemek. Sokf\u00e9le m\u0171anyag: polisztir\u00e9n, PVC, polikarbon\u00e1t, epoxy, m\u0171gyant\u00e1s fel\u00fcletek. F\u00e9mek: vas, ac\u00e9l, alum\u00ednium, r\u00e9z. \u00dcveg, \u00dcveg-, \u00e9s k\u0151zetgyapot, PP \u00e9s PE, Teflon, \u00e9s bitumenes fel\u00fcletekre nem alkalmas. Folyamatosan v\u00edzhat\u00e1snak kitett fel\u00fcletekre \u00e9s t\u00e1gul\u00e1si h\u00e9zagokhoz nem alkalmas.<\/span><\/span><\/div>\n<div class=\"field field-name-field-h-ellen-ll-s field-type-text-long field-label-inline inline\"><span class=\"field-label\">H\u0151ellen\u00e1ll\u00e1s:\u00a0<\/span><span class=\"field-items\"><span class=\"field-item odd first last\">-40\u00b0C \u00e9s +80 \u00b0C k\u00f6z\u00f6tt<\/span><\/span><\/div>\n<div class=\"field field-name-field-kiszerel-s- field-type-text-long field-label-inline inline\"><span class=\"field-label\">Kiszerel\u00e9s :\u00a0<\/span><span class=\"field-items\"><span class=\"field-item odd first last\">280ml<\/span><\/span><\/div>\n<div class=\"field field-name-field-csomagol-s field-type-text-long field-label-inline inline\"><\/div>\n<div class=\"field field-name-field-dokumentumok field-type-file field-label-above\">\n<div class=\"field-label\">Dokumentumok:<\/div>\n<div class=\"field-items\">\n<div class=\"field-item odd\"><span class=\"file\"><img decoding=\"async\" class=\"file-icon\" title=\"application\/pdf\" src=\"https:\/\/www.neosil.hu\/modules\/file\/icons\/application-pdf.png\" alt=\"PDF ikon\" \/>\u00a0<a href=\"https:\/\/www.neosil.hu\/sites\/default\/files\/dokumentumok\/us_brutal_fix_eroragaszto_280ml_t_0.pdf\" type=\"application\/pdf; length=161114\" target=\"_blank\" rel=\"noopener\">us_brutal_fix_eroragaszto_280ml_t_0.pdf<\/a><\/span><\/div>\n<div class=\"field-item even\"><span class=\"file\"><img decoding=\"async\" class=\"file-icon\" title=\"application\/pdf\" src=\"https:\/\/www.neosil.hu\/modules\/file\/icons\/application-pdf.png\" alt=\"PDF ikon\" \/>\u00a0<a href=\"https:\/\/www.neosil.hu\/sites\/default\/files\/dokumentumok\/3070_united_sealants_brutal_fix_eroragaszto_b.pdf\" type=\"application\/pdf; length=185717\" target=\"_blank\" rel=\"noopener\">3070_united_sealants_brutal_fix_eroragaszto_b.pdf<\/a><\/span><\/div>\n<\/div>\n<\/div>\n<p>&nbsp;<\/p>","protected":false},"excerpt":{"rendered":"<p>1db ragaszt\u00f3t aj\u00e1nlunk falpanelenk\u00e9nt. Zenvia term\u00e9kek eset\u00e9ben pedig 1 csomag, azaz 4db falpanelhez aj\u00e1nlunk 1 tubus ragaszt\u00f3t.<\/p>","protected":false},"featured_media":13681,"comment_status":"open","ping_status":"closed","template":"","meta":[],"product_brand":[],"product_cat":[85],"product_tag":[],"class_list":{"0":"post-13680","1":"product","2":"type-product","3":"status-publish","4":"has-post-thumbnail","6":"product_cat-szerelesi-anyagok","8":"first","9":"instock","10":"taxable","11":"shipping-taxable","12":"purchasable","13":"product-type-simple"},"_links":{"self":[{"href":"https:\/\/qwallz.eu\/sk\/wp-json\/wp\/v2\/product\/13680","targetHints":{"allow":["GET"]}}],"collection":[{"href":"https:\/\/qwallz.eu\/sk\/wp-json\/wp\/v2\/product"}],"about":[{"href":"https:\/\/qwallz.eu\/sk\/wp-json\/wp\/v2\/types\/product"}],"replies":[{"embeddable":true,"href":"https:\/\/qwallz.eu\/sk\/wp-json\/wp\/v2\/comments?post=13680"}],"version-history":[{"count":2,"href":"https:\/\/qwallz.eu\/sk\/wp-json\/wp\/v2\/product\/13680\/revisions"}],"predecessor-version":[{"id":22857,"href":"https:\/\/qwallz.eu\/sk\/wp-json\/wp\/v2\/product\/13680\/revisions\/22857"}],"wp:featuredmedia":[{"embeddable":true,"href":"https:\/\/qwallz.eu\/sk\/wp-json\/wp\/v2\/media\/13681"}],"wp:attachment":[{"href":"https:\/\/qwallz.eu\/sk\/wp-json\/wp\/v2\/media?parent=13680"}],"wp:term":[{"taxonomy":"product_brand","embeddable":true,"href":"https:\/\/qwallz.eu\/sk\/wp-json\/wp\/v2\/product_brand?post=13680"},{"taxonomy":"product_cat","embeddable":true,"href":"https:\/\/qwallz.eu\/sk\/wp-json\/wp\/v2\/product_cat?post=13680"},{"taxonomy":"product_tag","embeddable":true,"href":"https:\/\/qwallz.eu\/sk\/wp-json\/wp\/v2\/product_tag?post=13680"}],"curies":[{"name":"wp","href":"https:\/\/api.w.org\/{rel}","templated":true}]}}