{"id":13683,"date":"2024-04-02T15:43:06","date_gmt":"2024-04-02T13:43:06","guid":{"rendered":"https:\/\/qwallz.eu\/?post_type=product&#038;p=13683"},"modified":"2025-10-15T11:28:01","modified_gmt":"2025-10-15T09:28:01","slug":"united-sealants-szilikon-kinyomopisztoly-fem-profi","status":"publish","type":"product","link":"https:\/\/qwallz.eu\/sk\/product\/united-sealants-szilikon-kinyomopisztoly-fem-profi\/","title":{"rendered":"UNITED SEALANTS SZILIKON KINYOM\u00d3PISZTOLY F\u00c9M PROFI"},"content":{"rendered":"<p>Er\u0151s\u00edtett kivitel\u0171, robosztus \u00e1tt\u00e9ttel ell\u00e1tott, f\u00e9m szilikon kinyom\u00f3 pisztoly kartusos term\u00e9kek feldolgoz\u00e1s\u00e1hoz.<\/p>","protected":false},"excerpt":{"rendered":"<p>Er\u0151s\u00edtett kivitel\u0171, robosztus \u00e1tt\u00e9ttel ell\u00e1tott, f\u00e9m szilikon kinyom\u00f3 pisztoly kartusos term\u00e9kek feldolgoz\u00e1s\u00e1hoz.<\/p>","protected":false},"featured_media":13660,"comment_status":"open","ping_status":"closed","template":"","meta":[],"product_brand":[],"product_cat":[85],"product_tag":[],"class_list":{"0":"post-13683","1":"product","2":"type-product","3":"status-publish","4":"has-post-thumbnail","6":"product_cat-szerelesi-anyagok","8":"first","9":"instock","10":"sale","11":"taxable","12":"shipping-taxable","13":"purchasable","14":"product-type-simple"},"_links":{"self":[{"href":"https:\/\/qwallz.eu\/sk\/wp-json\/wp\/v2\/product\/13683","targetHints":{"allow":["GET"]}}],"collection":[{"href":"https:\/\/qwallz.eu\/sk\/wp-json\/wp\/v2\/product"}],"about":[{"href":"https:\/\/qwallz.eu\/sk\/wp-json\/wp\/v2\/types\/product"}],"replies":[{"embeddable":true,"href":"https:\/\/qwallz.eu\/sk\/wp-json\/wp\/v2\/comments?post=13683"}],"version-history":[{"count":0,"href":"https:\/\/qwallz.eu\/sk\/wp-json\/wp\/v2\/product\/13683\/revisions"}],"wp:featuredmedia":[{"embeddable":true,"href":"https:\/\/qwallz.eu\/sk\/wp-json\/wp\/v2\/media\/13660"}],"wp:attachment":[{"href":"https:\/\/qwallz.eu\/sk\/wp-json\/wp\/v2\/media?parent=13683"}],"wp:term":[{"taxonomy":"product_brand","embeddable":true,"href":"https:\/\/qwallz.eu\/sk\/wp-json\/wp\/v2\/product_brand?post=13683"},{"taxonomy":"product_cat","embeddable":true,"href":"https:\/\/qwallz.eu\/sk\/wp-json\/wp\/v2\/product_cat?post=13683"},{"taxonomy":"product_tag","embeddable":true,"href":"https:\/\/qwallz.eu\/sk\/wp-json\/wp\/v2\/product_tag?post=13683"}],"curies":[{"name":"wp","href":"https:\/\/api.w.org\/{rel}","templated":true}]}}