{"id":13891,"date":"2024-04-12T09:40:44","date_gmt":"2024-04-12T07:40:44","guid":{"rendered":"https:\/\/qwallz.eu\/?post_type=product&#038;p=13891"},"modified":"2026-03-26T18:42:10","modified_gmt":"2026-03-26T17:42:10","slug":"akusztikus-falpanel-mintacsomag","status":"publish","type":"product","link":"https:\/\/qwallz.eu\/sk\/product\/akusztikus-falpanel-mintacsomag\/","title":{"rendered":"Akusztikus Falpanel Mintacsomag"},"content":{"rendered":"<p>Az <strong>Akusztikus Falpanel Mintacsomag<\/strong> kiv\u00e1l\u00f3 lehet\u0151s\u00e9g mindazok sz\u00e1m\u00e1ra, akik szeretn\u00e9k \u00e9l\u0151ben megtekinteni \u00e9s kiv\u00e1lasztani a t\u00f6k\u00e9letes sz\u00ednt \u00e9s text\u00far\u00e1t otthonuk vagy munkahely\u00fck sz\u00e1m\u00e1ra. Ez a mintacsomag tartalmazza a Akusztikus Falpanel term\u00e9kcsal\u00e1d \u00f6sszes, jelenleg el\u00e9rhet\u0151 4 sz\u00edn\u00e9t, lehet\u0151v\u00e9 t\u00e9ve a v\u00e1s\u00e1rl\u00f3k sz\u00e1m\u00e1ra, hogy a k\u00fcl\u00f6nb\u00f6z\u0151 opci\u00f3kat k\u00f6zvetlen\u00fcl \u00f6sszehasonl\u00edthass\u00e1k, \u00e9rz\u00e9kelhess\u00e9k a k\u00fcl\u00f6nb\u00f6z\u0151 fel\u00fcletek tapint\u00e1s\u00e1t, \u00e9s val\u00f3s k\u00f6rnyezetben l\u00e1thass\u00e1k, hogyan illeszkednek a sz\u00ednek a megl\u00e9v\u0151 bels\u0151 t\u00e9rhez.<\/p>\n<h4>Fontos kiemeln\u00fcnk, hogy a term\u00e9kfot\u00f3k alapj\u00e1n a legt\u00f6bb akusztikus falpanel &#8220;ugyan olyan&#8221;, a felhaszn\u00e1lt anyagok min\u0151s\u00e9g\u00e9ben hatalmas k\u00fcl\u00f6nbs\u00e9gek vannak. \u00c9rdemes elolvasni a kapcsol\u00f3d\u00f3 cikk\u00fcnket <a href=\"https:\/\/qwallz.eu\/mutatjuk-miert-keruld-el-az-olcso-akusztikus-falpaneleket\/\">ide kattintva<\/a>!<\/h4>\n<div style=\"width: 720px;\" class=\"wp-video\"><!--[if lt IE 9]><script>document.createElement('video');<\/script><![endif]-->\n<video class=\"wp-video-shortcode\" id=\"video-13891-1\" width=\"720\" height=\"1280\" preload=\"metadata\" controls=\"controls\"><source type=\"video\/mp4\" src=\"https:\/\/qwallz.eu\/wp-content\/uploads\/2024\/03\/copy_5A479147-5CB4-4C2E-8922-1D9E0031CB29.mp4?_=1\" \/><a href=\"https:\/\/qwallz.eu\/wp-content\/uploads\/2024\/03\/copy_5A479147-5CB4-4C2E-8922-1D9E0031CB29.mp4\">https:\/\/qwallz.eu\/wp-content\/uploads\/2024\/03\/copy_5A479147-5CB4-4C2E-8922-1D9E0031CB29.mp4<\/a><\/video><\/div>\n<h3>Term\u00e9kjellemz\u0151k \u00e9s el\u0151ny\u00f6k<\/h3>\n<p>A mintacsomag seg\u00edts\u00e9g\u00e9vel a v\u00e1s\u00e1rl\u00f3k pontos k\u00e9pet kaphatnak arr\u00f3l, hogyan fog kin\u00e9zni \u00e9s m\u0171k\u00f6dni a v\u00e1lasztott <strong>akusztikus falburkolat<\/strong> saj\u00e1t tereikben. A k\u00fcl\u00f6nb\u00f6z\u0151 sz\u00ednmint\u00e1k nem csak a sz\u00ednek \u00e9s text\u00far\u00e1k kiv\u00e1laszt\u00e1s\u00e1ban ny\u00fajtanak seg\u00edts\u00e9get, de lehet\u0151s\u00e9get adnak arra is, hogy a v\u00e1s\u00e1rl\u00f3k megtapasztalhass\u00e1k az akusztikai javul\u00e1st, amit ezek a panelek ny\u00fajtanak.<\/p>\n<h3>Alkalmaz\u00e1si lehet\u0151s\u00e9gek<\/h3>\n<p>Az <strong>Akusztikus Falpanel Mintacsomag<\/strong> alapj\u00e1n kiv\u00e1lasztott falpanelek ide\u00e1lis v\u00e1laszt\u00e1sok irod\u00e1kba, st\u00fadi\u00f3kba, otthoni sz\u00f3rakoztat\u00f3 helyis\u00e9gekbe, vagy ak\u00e1r oktat\u00e1si int\u00e9zm\u00e9nyekbe is. Egy-egy sz\u00ednminta megtekint\u00e9s\u00e9vel a d\u00f6nt\u00e9shozatal egyszer\u0171v\u00e9 \u00e9s kellemes \u00e9lm\u00e9nny\u00e9 v\u00e1lik, \u00edgy a v\u00e1s\u00e1rl\u00f3k biztosak lehetnek abban, hogy a legmegfelel\u0151bb sz\u00ednt \u00e9s text\u00far\u00e1t v\u00e1lasztj\u00e1k meg. Emelett megtapasztalhatj\u00e1k a QWALLZ magas min\u0151s\u00e9g\u00e9t. N\u00e1lunk nincs v\u00e9kony, olcs\u00f3 filc anyag \u00e9s m\u0171anyag f\u00f3li\u00e1val bevont lamella. Min\u0151s\u00e9gi, tart\u00f3s \u00e9s eszt\u00e9tikus anyagokkal dolgozunk. A QWALLZ Akusztikus Falpanel MDF lamell\u00e1i term\u00e9szetes fa furn\u00e9rral vannak bevonva, \u00edgy biztos\u00edtva a magas min\u0151s\u00e9get \u00e9s term\u00e9szetes l\u00e1tv\u00e1nyt.<\/p>\n<h3>El\u0151ny\u00f6k<\/h3>\n<ul>\n<li><strong>Sz\u00ednazonoss\u00e1g<\/strong>: A mintacsomag seg\u00edts\u00e9g\u00e9vel biztos\u00edthat\u00f3, hogy a kiv\u00e1lasztott sz\u00ednek t\u00f6k\u00e9letesen passzolnak a helyis\u00e9g t\u00f6bbi elemeihez.<\/li>\n<li><strong>\u00c9rz\u00e9kelhet\u0151 min\u0151s\u00e9g<\/strong>: A mint\u00e1k k\u00e9zzelfoghat\u00f3ak, \u00edgy a v\u00e1s\u00e1rl\u00f3k k\u00f6zvetlen\u00fcl tapasztalhatj\u00e1k meg a felhaszn\u00e1lt anyagok min\u0151s\u00e9g\u00e9t.<\/li>\n<li><strong>Egyszer\u0171 d\u00f6nt\u00e9shozatal<\/strong>: A sz\u00ednek \u00e9s text\u00far\u00e1k k\u00f6zvetlen \u00f6sszehasonl\u00edt\u00e1sa r\u00e9v\u00e9n a v\u00e1s\u00e1rl\u00f3k k\u00f6nnyebben d\u00f6nthetnek, cs\u00f6kkentve a k\u00e9s\u0151bbi el\u00e9gedetlens\u00e9g kock\u00e1zat\u00e1t.<\/li>\n<\/ul>\n<p>N\u00e9zd meg a teljes k\u00edn\u00e1latot <a href=\"https:\/\/qwallz.eu\/product-category\/lamella-series-falpanelek\/\">ezen a linken<\/a>!<\/p>\n<p>Telep\u00edt\u00e9si vide\u00f3 <a href=\"https:\/\/www.youtube.com\/watch?v=VN2EnzE6bn4\" target=\"_blank\" rel=\"noopener\">ide kattintva<\/a> el\u00e9rhet\u0151!<\/p>\n","protected":false},"excerpt":{"rendered":"<p><strong>A mintacsomag \u00e1r\u00e1t v\u00e1s\u00e1rl\u00e1s vagy visszak\u00fcld\u00e9s eset\u00e9n j\u00f3v\u00e1\u00edrjuk!<br \/>\n<\/strong><\/p>\n<p>Tartalmazza mind a 4 sz\u00ednt a Lamella Series PREMIUM \u00e9s MAX sorozatb\u00f3l. A kifut\u00f3 sz\u00edneket <strong>NEM\u00a0<\/strong>tartalmazza!<\/p>\n<p>Olvassa el <a href=\"https:\/\/qwallz.eu\/sk\/mutatjuk-miert-keruld-el-az-olcso-akusztikus-falpaneleket\/\">cikk\u00fcnket<\/a>, mi\u00e9rt ker\u00fclje el az olcs\u00f3 akusztikus falpaneleket!<\/p>\n<p><a href=\"https:\/\/qwallz.eu\/sk\/akusztikus-falpanel-felrakasa\/\"><b>Ilyen egyszer\u0171 telep\u00edteni! KATT IDE!<\/b><\/a><\/p>\n<p><strong>A falpanelek \u00e1rnyalata minim\u00e1lisan elt\u00e9rhet a mintacsomagban \u00e9s a fot\u00f3kon szerepl\u0151kt\u0151l a term\u00e9szetes fa furn\u00e9r miatt!<\/strong><\/p>\n<p>Light Oak &#8211; Vil\u00e1gos T\u00f6lgy<br \/>\nOiled Oak &#8211; Olajos T\u00f6lgy<br \/>\nGrey Oak &#8211; Sz\u00fcrke T\u00f6lgy<br \/>\nWalnut &#8211; Di\u00f3<\/p>","protected":false},"featured_media":19947,"comment_status":"open","ping_status":"closed","template":"","meta":[],"product_brand":[],"product_cat":[450,461,444],"product_tag":[],"class_list":{"0":"post-13891","1":"product","2":"type-product","3":"status-publish","4":"has-post-thumbnail","6":"product_cat-falpanel-mintacsomag","7":"product_cat-akusztikus-falpanel","8":"product_cat-akusztikus-falpanel-300cm-premium","9":"product_shipping_class-kiegeszitok-szallitasa","11":"first","12":"instock","13":"taxable","14":"shipping-taxable","15":"purchasable","16":"product-type-simple"},"_links":{"self":[{"href":"https:\/\/qwallz.eu\/sk\/wp-json\/wp\/v2\/product\/13891","targetHints":{"allow":["GET"]}}],"collection":[{"href":"https:\/\/qwallz.eu\/sk\/wp-json\/wp\/v2\/product"}],"about":[{"href":"https:\/\/qwallz.eu\/sk\/wp-json\/wp\/v2\/types\/product"}],"replies":[{"embeddable":true,"href":"https:\/\/qwallz.eu\/sk\/wp-json\/wp\/v2\/comments?post=13891"}],"version-history":[{"count":1,"href":"https:\/\/qwallz.eu\/sk\/wp-json\/wp\/v2\/product\/13891\/revisions"}],"predecessor-version":[{"id":24458,"href":"https:\/\/qwallz.eu\/sk\/wp-json\/wp\/v2\/product\/13891\/revisions\/24458"}],"wp:featuredmedia":[{"embeddable":true,"href":"https:\/\/qwallz.eu\/sk\/wp-json\/wp\/v2\/media\/19947"}],"wp:attachment":[{"href":"https:\/\/qwallz.eu\/sk\/wp-json\/wp\/v2\/media?parent=13891"}],"wp:term":[{"taxonomy":"product_brand","embeddable":true,"href":"https:\/\/qwallz.eu\/sk\/wp-json\/wp\/v2\/product_brand?post=13891"},{"taxonomy":"product_cat","embeddable":true,"href":"https:\/\/qwallz.eu\/sk\/wp-json\/wp\/v2\/product_cat?post=13891"},{"taxonomy":"product_tag","embeddable":true,"href":"https:\/\/qwallz.eu\/sk\/wp-json\/wp\/v2\/product_tag?post=13891"}],"curies":[{"name":"wp","href":"https:\/\/api.w.org\/{rel}","templated":true}]}}