{"id":14585,"date":"2024-05-02T17:13:04","date_gmt":"2024-05-02T15:13:04","guid":{"rendered":"https:\/\/qwallz.eu\/?post_type=product&#038;p=14585"},"modified":"2025-02-07T13:43:56","modified_gmt":"2025-02-07T12:43:56","slug":"sarok-aluminium-profil-5521","status":"publish","type":"product","link":"https:\/\/qwallz.eu\/sk\/product\/sarok-aluminium-profil-5521\/","title":{"rendered":"Sarok Alum\u00ednium profil 5521"},"content":{"rendered":"<p><strong>Sarok Alum\u00ednium profil 5521<\/strong><\/p>\n<p>Alum\u00ednium profilok a QWALLZ Infinity, Metal, Stone Series falpanelekhez, LED vil\u00e1g\u00edt\u00e1shoz.\u00a0 Arany, bronz \u00e9s fekete sz\u00ednekben. 3m hossz\u00fas\u00e1g\u00fa sz\u00e1lak, 5mm vastag falpanelekhez.<\/p>\n<p>A <strong>sarok<\/strong> <strong>alum\u00ednium profil 5521 falpanelhez<\/strong> ide\u00e1lis megold\u00e1st k\u00edn\u00e1l, ha tart\u00f3s, eszt\u00e9tikus \u00e9s professzion\u00e1lis z\u00e1r\u00f3elemet keres falburkolataihoz. A QWALLZ Infinity, Metal \u00e9s Stone Series falpanelekhez t\u00f6k\u00e9letesen illeszked\u0151 <strong>5521-es z\u00e1r\u00f3 alum\u00ednium profil<\/strong> seg\u00edt kiemelni a panelek eleg\u00e1ns megjelen\u00e9s\u00e9t, mik\u00f6zben biztos\u00edtja a prec\u00edz \u00e9s id\u0151t\u00e1ll\u00f3 illeszt\u00e9st.<\/p>\n<h3><strong>Min\u0151s\u00e9gi anyagok, pr\u00e9mium megjelen\u00e9s<\/strong><\/h3>\n<ul>\n<li><strong>Arany, bronz \u00e9s fekete sz\u00ednv\u00e1laszt\u00e9k<\/strong>: Harmoniz\u00e1l b\u00e1rmilyen bels\u0151\u00e9p\u00edt\u00e9szeti st\u00edlussal, legyen az klasszikus, modern vagy luxus.<\/li>\n<li><strong>3 m\u00e9teres hossz\u00fas\u00e1g<\/strong>: Kisebb \u00e9s nagyobb projektekhez is gazdas\u00e1gos megold\u00e1s.<\/li>\n<li><strong>5 mm vastag falpanelekhez tervezve<\/strong>: Pontos illeszked\u00e9s \u00e9s egyszer\u0171 telep\u00edt\u00e9s a falpanelek sz\u00e9lein.<\/li>\n<\/ul>\n<h3><strong>Funkci\u00f3 \u00e9s eszt\u00e9tika \u2013 amit az alum\u00ednium profil ny\u00fajtani tud<\/strong><\/h3>\n<h4><strong>1. V\u00e9di a falpanelek \u00e9leit \u00e9s \u00e9lettartam\u00e1t meghosszabb\u00edtja<\/strong><\/h4>\n<ul>\n<li>Az alum\u00ednium profilok f\u0151 funkci\u00f3ja, hogy megel\u0151zz\u00e9k a falpanelek s\u00e9r\u00fcl\u00e9s\u00e9t, k\u00fcl\u00f6n\u00f6sen a panelek sz\u00e9l\u00e9n\u00e9l, ahol a legt\u00f6bb mechanikai hat\u00e1s \u00e9rheti azokat. Az id\u0151 m\u00fal\u00e1s\u00e1val a falpanelek hajlamosak lehetnek kop\u00e1sra, reped\u00e9sre vagy lepattogz\u00e1sra, de az alum\u00ednium z\u00e1r\u00f3 profil meg\u00f3vja ezekt\u0151l.<\/li>\n<\/ul>\n<h4><strong>2. Prec\u00edz, tiszta illeszt\u00e9sek \u2013 t\u00f6k\u00e9letes befejez\u00e9s minden projekt eset\u00e9ben<\/strong><\/h4>\n<ul>\n<li>A profil haszn\u00e1lata biztos\u00edtja, hogy a panelek sz\u00e9lei sz\u00e9pen illeszkedjenek \u00e9s egyenletes vonalvezet\u00e9ssel z\u00e1r\u00f3djanak. Nincs t\u00f6bb\u00e9 h\u00e9zag vagy elcs\u00fasz\u00e1s, amely rontan\u00e1 a megjelen\u00e9st.<\/li>\n<\/ul>\n<h4><strong>3. Eszt\u00e9tikai kiemel\u00e9s \u2013 az enteri\u0151r design fontos eleme<\/strong><\/h4>\n<ul>\n<li>Az arany, bronz \u00e9s fekete sz\u00ednek lehet\u0151s\u00e9get adnak arra, hogy az alum\u00ednium profil nemcsak praktikus, hanem l\u00e1tv\u00e1nyos kieg\u00e9sz\u00edt\u0151je is legyen a falburkolatnak. Az arany eleg\u00e1ns \u00e9s luxus hat\u00e1st kelt, a bronz melegs\u00e9get sug\u00e1roz, m\u00edg a fekete modern \u00e9s minimalista st\u00edlust teremt.<\/li>\n<\/ul>\n<h4><strong>4. K\u00f6nny\u0171 tiszt\u00edthat\u00f3s\u00e1g \u00e9s alacsony karbantart\u00e1si ig\u00e9ny<\/strong><\/h4>\n<ul>\n<li>Az alum\u00ednium fel\u00fclet\u00e9nek k\u00f6sz\u00f6nhet\u0151en ellen\u00e1ll a szennyez\u0151d\u00e9seknek \u00e9s a nedvess\u00e9gnek, \u00edgy tiszt\u00e1n tart\u00e1sa egyszer\u0171. Nem ig\u00e9nyel speci\u00e1lis karbantart\u00e1st, ami hossz\u00fa t\u00e1von k\u00e9nyelmes megold\u00e1st jelent.<\/li>\n<\/ul>\n<h4><strong>5. Stabil r\u00f6gz\u00edt\u00e9s \u00e9s egyszer\u0171 telep\u00edt\u00e9s<\/strong><\/h4>\n<ul>\n<li style=\"list-style-type: none;\">\n<ul>\n<li>Az alum\u00ednium profil k\u00f6nny\u0171, m\u00e9gis er\u0151s, \u00edgy gyorsan \u00e9s egyszer\u0171en r\u00f6gz\u00edthet\u0151, ak\u00e1r DIY projektek sor\u00e1n is. A professzion\u00e1lis kivitelez\u0151k sz\u00e1m\u00e1ra id\u0151hat\u00e9kony megold\u00e1st jelent, mivel minimaliz\u00e1lja a telep\u00edt\u00e9si id\u0151t.<\/li>\n<\/ul>\n<\/li>\n<\/ul>\n<h3><strong>T\u00f6k\u00e9letes illeszked\u00e9s a QWALLZ falpanelekhez<\/strong><\/h3>\n<p>A QWALLZ Infinity, Metal \u00e9s Stone Series pr\u00e9mium falpaneleihez tervezett <strong>alum\u00ednium profil<\/strong> biztos\u00edtja a hib\u00e1tlan befejez\u00e9st. A sz\u00ednek sz\u00e9les v\u00e1laszt\u00e9ka lehet\u0151v\u00e9 teszi, hogy b\u00e1rmilyen enteri\u0151rbe beilleszthet\u0151 legyen, mik\u00f6zben meg\u00f3vja a panelek \u00e9leit a s\u00e9r\u00fcl\u00e9sekt\u0151l.<\/p>\n<p>Ha tart\u00f3s \u00e9s eszt\u00e9tikus megold\u00e1st keres falpanel\u00e9hez, v\u00e1lassza a Sarok Alum\u00ednium profil 5521-es t\u00edpust, amely garant\u00e1ltan emeli projektje min\u0151s\u00e9g\u00e9t \u00e9s vizu\u00e1lis hat\u00e1s\u00e1t.<\/p>\n<p>N\u00e9zze meg <a href=\"https:\/\/www.youtube.com\/watch?v=vi564WubAp8\" target=\"_blank\" rel=\"noopener\">telep\u00edt\u00e9si vide\u00f3nkat<\/a>!<\/p>\n<p>N\u00e9zze meg az <a href=\"https:\/\/qwallz.eu\/sk\/product-category\/infinity-series-falpanelek\/\">Infinity<\/a>, <a href=\"https:\/\/qwallz.eu\/sk\/product-category\/metal-series-femhatasu-falpanelek\/\">Metal<\/a> \u00e9s <a href=\"https:\/\/qwallz.eu\/sk\/product-category\/stone-series-falpanelek\/\">Stone Series<\/a> falpanelek amikhez felhaszn\u00e1lhatja.<\/p>","protected":false},"excerpt":{"rendered":"<p>Sarok Alum\u00ednium profil 5521 Alum\u00ednium profilok a QWALLZ Infinity, Metal, Stone Series falpanelekhez, LED vil\u00e1g\u00edt\u00e1shoz.\u00a0 Arany, bronz \u00e9s fekete sz\u00ednekben. 3m hossz\u00fas\u00e1g\u00fa sz\u00e1lak, 5mm vastag falpanelekhez. A sarok alum\u00ednium profil 5521 falpanelhez ide\u00e1lis megold\u00e1st k\u00edn\u00e1l, ha tart\u00f3s, eszt\u00e9tikus \u00e9s professzion\u00e1lis z\u00e1r\u00f3elemet keres falburkolataihoz. A QWALLZ Infinity, Metal \u00e9s Stone Series falpanelekhez t\u00f6k\u00e9letesen illeszked\u0151 5521-es z\u00e1r\u00f3 [&hellip;]<\/p>\n","protected":false},"featured_media":14590,"comment_status":"open","ping_status":"closed","template":"","meta":[],"product_brand":[],"product_cat":[84],"product_tag":[],"class_list":{"0":"post-14585","1":"product","2":"type-product","3":"status-publish","4":"has-post-thumbnail","6":"product_cat-aluminium-profilok-falpanelhez","8":"first","9":"instock","10":"taxable","11":"shipping-taxable","12":"purchasable","13":"product-type-variable"},"_links":{"self":[{"href":"https:\/\/qwallz.eu\/sk\/wp-json\/wp\/v2\/product\/14585","targetHints":{"allow":["GET"]}}],"collection":[{"href":"https:\/\/qwallz.eu\/sk\/wp-json\/wp\/v2\/product"}],"about":[{"href":"https:\/\/qwallz.eu\/sk\/wp-json\/wp\/v2\/types\/product"}],"replies":[{"embeddable":true,"href":"https:\/\/qwallz.eu\/sk\/wp-json\/wp\/v2\/comments?post=14585"}],"version-history":[{"count":0,"href":"https:\/\/qwallz.eu\/sk\/wp-json\/wp\/v2\/product\/14585\/revisions"}],"wp:featuredmedia":[{"embeddable":true,"href":"https:\/\/qwallz.eu\/sk\/wp-json\/wp\/v2\/media\/14590"}],"wp:attachment":[{"href":"https:\/\/qwallz.eu\/sk\/wp-json\/wp\/v2\/media?parent=14585"}],"wp:term":[{"taxonomy":"product_brand","embeddable":true,"href":"https:\/\/qwallz.eu\/sk\/wp-json\/wp\/v2\/product_brand?post=14585"},{"taxonomy":"product_cat","embeddable":true,"href":"https:\/\/qwallz.eu\/sk\/wp-json\/wp\/v2\/product_cat?post=14585"},{"taxonomy":"product_tag","embeddable":true,"href":"https:\/\/qwallz.eu\/sk\/wp-json\/wp\/v2\/product_tag?post=14585"}],"curies":[{"name":"wp","href":"https:\/\/api.w.org\/{rel}","templated":true}]}}