{"id":16009,"date":"2024-08-25T18:41:58","date_gmt":"2024-08-25T16:41:58","guid":{"rendered":"https:\/\/qwallz.eu\/?post_type=product&#038;p=16009"},"modified":"2025-10-29T15:27:57","modified_gmt":"2025-10-29T14:27:57","slug":"lamella-series-153x3000mm-falpanel-31032","status":"publish","type":"product","link":"https:\/\/qwallz.eu\/sk\/product\/lamella-series-153x3000mm-falpanel-31032\/","title":{"rendered":"Lamella Series 153x3000mm Falpanel 31032"},"content":{"rendered":"<p>Lamella Series 153 Falpanel 31032\u00a0 sz\u00ednben. V\u00edz\u00e1ll\u00f3 lamell\u00e1s falpanel.<\/p>\n<p>M\u00e9ret: 153x24x3000mm<\/p>","protected":false},"excerpt":{"rendered":"<p>Lamella Series 153 Falpanel 31032\u00a0 sz\u00ednben. V\u00edz\u00e1ll\u00f3 lamell\u00e1s falpanel. M\u00e9ret: 153x24x3000mm<\/p>","protected":false},"featured_media":16010,"comment_status":"open","ping_status":"closed","template":"","meta":[],"product_brand":[],"product_cat":[15,446],"product_tag":[],"class_list":{"0":"post-16009","1":"product","2":"type-product","3":"status-publish","4":"has-post-thumbnail","6":"product_cat-lamella-series-3d-falpanelek","7":"product_cat-bamboo-lamellak","9":"first","10":"instock","11":"sale","12":"taxable","13":"shipping-taxable","14":"purchasable","15":"product-type-simple"},"_links":{"self":[{"href":"https:\/\/qwallz.eu\/sk\/wp-json\/wp\/v2\/product\/16009","targetHints":{"allow":["GET"]}}],"collection":[{"href":"https:\/\/qwallz.eu\/sk\/wp-json\/wp\/v2\/product"}],"about":[{"href":"https:\/\/qwallz.eu\/sk\/wp-json\/wp\/v2\/types\/product"}],"replies":[{"embeddable":true,"href":"https:\/\/qwallz.eu\/sk\/wp-json\/wp\/v2\/comments?post=16009"}],"version-history":[{"count":0,"href":"https:\/\/qwallz.eu\/sk\/wp-json\/wp\/v2\/product\/16009\/revisions"}],"wp:featuredmedia":[{"embeddable":true,"href":"https:\/\/qwallz.eu\/sk\/wp-json\/wp\/v2\/media\/16010"}],"wp:attachment":[{"href":"https:\/\/qwallz.eu\/sk\/wp-json\/wp\/v2\/media?parent=16009"}],"wp:term":[{"taxonomy":"product_brand","embeddable":true,"href":"https:\/\/qwallz.eu\/sk\/wp-json\/wp\/v2\/product_brand?post=16009"},{"taxonomy":"product_cat","embeddable":true,"href":"https:\/\/qwallz.eu\/sk\/wp-json\/wp\/v2\/product_cat?post=16009"},{"taxonomy":"product_tag","embeddable":true,"href":"https:\/\/qwallz.eu\/sk\/wp-json\/wp\/v2\/product_tag?post=16009"}],"curies":[{"name":"wp","href":"https:\/\/api.w.org\/{rel}","templated":true}]}}