{"id":17483,"date":"2025-02-07T14:48:04","date_gmt":"2025-02-07T13:48:04","guid":{"rendered":"https:\/\/qwallz.eu\/?post_type=product&#038;p=17483"},"modified":"2026-04-21T16:43:20","modified_gmt":"2026-04-21T14:43:20","slug":"akusztikus-falpanel-max-olajos-tolgy-60x240cm","status":"publish","type":"product","link":"https:\/\/qwallz.eu\/sk\/product\/akusztikus-falpanel-max-olajos-tolgy-60x240cm\/","title":{"rendered":"Akusztikus Falpanel MAX Olajos t\u00f6lgy 60x240cm"},"content":{"rendered":"<h2>Akusztikus Falpanel MAX Olajos t\u00f6lgy 60x240cm<\/h2>\n<p>Az &#8220;Akusztikus Falpanel MAX Olajos t\u00f6lgy 60x240cm&#8221; term\u00e9k\u00fcnk kiv\u00e1l\u00f3 v\u00e1laszt\u00e1s otthon\u00e1ba. A term\u00e9k r\u00e9szleteit, tulajdons\u00e1gait lejjebb g\u00f6rgetve tudja \u00e1ttekinteni. K\u00e9rd\u00e9s eset\u00e9n forduljon nyugodtan \u00fcgyf\u00e9lszolg\u00e1latunkhoz.<\/p>\n<p>Sz\u00edn: Oiled Oak\/Olajos t\u00f6lgy<br \/>\nM\u00e9ret: 18x600x2400 mm<br \/>\nTer\u00fclet: 1.44m2<br \/>\nS\u00faly: 10,4 kg<\/p>\n<p><a href=\"https:\/\/qwallz.eu\/sk\/?s=max\">N\u00e9zd meg m\u00e1s sz\u00ednekben is!<\/a><\/p>\n<div class=\"elementor-element elementor-element-a2ad421 elementor-widget elementor-widget-heading\" data-id=\"a2ad421\" data-element_type=\"widget\" data-widget_type=\"heading.default\">\n<div class=\"elementor-widget-container\">\n<h2 class=\"elementor-heading-title elementor-size-default\">AKUSZTIK\u00c1T \u00c9S ST\u00cdLUST \u00daJRADEFINI\u00c1L\u00d3 LAMELL\u00c1S FALPANELEK<\/h2>\n<\/div>\n<\/div>\n<div class=\"elementor-element elementor-element-3da74b3f elementor-widget elementor-widget-heading\" data-id=\"3da74b3f\" data-element_type=\"widget\" data-widget_type=\"heading.default\">\n<div class=\"elementor-widget-container\">\n<p class=\"elementor-heading-title elementor-size-default\">A QWALLZ Lamella Series akusztikus falpanel kollekci\u00f3k nem csak megjelen\u00e9s\u00fckkel, hanem k\u00f6rnyezettudatos \u00e9s hangszigetel\u0151 tulajdons\u00e1gaikkal is kiemelkednek. T\u00f6k\u00e9letes v\u00e1laszt\u00e1s minden t\u00e9rbe, legyen az otthona vagy irod\u00e1ja. Mag\u00e1ban hordozza a fa melegs\u00e9g\u00e9t, eleg\u00e1ns sz\u00e9ps\u00e9g\u00e9t \u00e9s az emberi m\u0171v\u00e9szet finoms\u00e1g\u00e1t! Ezek a k\u00fcl\u00f6nleges falpanelek t\u00f6k\u00e9letes szimbi\u00f3zisban \u00e1llnak a modern design elv\u00e1r\u00e1saival \u00e9s a klasszikus elegancia id\u0151tlen vonzerej\u00e9vel.<\/p>\n<div class=\"elementor-element elementor-element-5d404be0 elementor-widget elementor-widget-heading animated fadeIn\" data-id=\"5d404be0\" data-element_type=\"widget\" data-settings=\"{&quot;_animation&quot;:&quot;fadeIn&quot;}\" data-widget_type=\"heading.default\">\n<div class=\"elementor-widget-container\"><span class=\"elementor-heading-title elementor-size-default\">T\u00f6k\u00e9letes hangelnyel\u00e9s a nyugodtabb, zavartalanabb t\u00e9r\u00e9rt. FSC tan\u00fas\u00edtv\u00e1ny \u00e9s akusztikai jegyz\u0151k\u00f6nyv<\/span><\/div>\n<\/div>\n<div class=\"elementor-element elementor-element-5466361 elementor-widget elementor-widget-text-editor\" data-id=\"5466361\" data-element_type=\"widget\" data-widget_type=\"text-editor.default\">\n<div class=\"elementor-widget-container\">\n<p>Az \u00d6n \u00e1ltal v\u00e1lasztott t\u00e9r nem csak egy hely, ahol \u00e9l vagy dolgozik; ez egy olyan szem\u00e9lyes vil\u00e1g, ahol minden egyes r\u00e9szlet sz\u00e1m\u00edt. Ezt a filoz\u00f3fi\u00e1t k\u00f6vetve, b\u00fcszk\u00e9n mutatjuk be lamell\u00e1s falpaneleinket, amelyek nemcsak eszt\u00e9tikai megjelen\u00e9s\u00fckkel, hanem k\u00fcl\u00f6nleges jellemz\u0151ikkel is kiemelkednek a piacon. \u00cdme n\u00e9h\u00e1ny oka annak, hogy mi\u00e9rt v\u00e1lassza ezt a term\u00e9ket:<\/p>\n<h4>Akusztikai Optimaliz\u00e1l\u00e1s<\/h4>\n<p>A kiv\u00e1l\u00f3 akusztikai teljes\u00edtm\u00e9ny nem v\u00e9letlen. Az <strong>Akusztikus Falpanel MAX Olajos<\/strong> <strong>t\u00f6lgy<\/strong> kifejleszt\u00e9s\u00e9n\u00e9l k\u00fcl\u00f6n\u00f6s figyelmet ford\u00edtottunk arra, hogy jav\u00edts\u00e1k a hangmin\u0151s\u00e9get, cs\u00f6kkentve a visszhangot \u00e9s a zajt, \u00edgy teremtve nyugodt, zavartalan k\u00f6rnyezetet. Ide\u00e1lis v\u00e1laszt\u00e1s irod\u00e1kba, zenetermekbe, vagy ak\u00e1r otthoni nappalikba is, ahol a pihen\u00e9s min\u0151s\u00e9g\u00e9t a csend \u00e9s a nyugalom hat\u00e1rozza meg.<\/p>\n<h4>FSC Tan\u00fas\u00edtv\u00e1ny<\/h4>\n<p>A k\u00f6rnyezettudatos d\u00f6nt\u00e9sek fontosak sz\u00e1munkra. Falpaneleink FSC (Forest Stewardship Council) tan\u00fas\u00edtv\u00e1nnyal rendelkeznek, ami garant\u00e1lja, hogy a term\u00e9khez felhaszn\u00e1lt faanyag felel\u0151s forr\u00e1sb\u00f3l, fenntarthat\u00f3 erd\u0151gazd\u00e1lkod\u00e1sb\u00f3l sz\u00e1rmazik. Az akusztikus falpanel v\u00e1laszt\u00e1s\u00e1val \u00d6n is hozz\u00e1j\u00e1rulhat a k\u00f6rnyezetv\u00e9delemhez, t\u00e1mogatva a biodiverzit\u00e1s meg\u0151rz\u00e9s\u00e9t \u00e9s az erd\u0151k fenntarthat\u00f3 hasznos\u00edt\u00e1s\u00e1t.<\/p>\n<h3><b>Egyszer\u0171 \u00e9s K\u00f6lts\u00e9ghat\u00e9kony Telep\u00edt\u00e9s<\/b><\/h3>\n<p>A gondos tervez\u00e9snek k\u00f6sz\u00f6nhet\u0151en a falburkolatok telep\u00edt\u00e9se gyors \u00e9s egyszer\u0171, lehet\u0151v\u00e9 t\u00e9ve, hogy b\u00e1rki k\u00f6nnyed\u00e9n meg\u00faj\u00edthassa otthon\u00e1nak megjelen\u00e9s\u00e9t falpaneleinkkel. \u00cdgy az <strong>Akusztikus Falpanel MAX Olajos t\u00f6lgy<\/strong> falburkolat nem csak id\u0151t, hanem k\u00f6lts\u00e9get is megtakar\u00edtva k\u00edn\u00e1l \u00d6nnek egy azonnali, leny\u0171g\u00f6z\u0151 otthoni \u00e1talakul\u00e1st.<\/p>\n<p><b>Fenntarthat\u00f3 Luxus<\/b><\/p>\n<p>A QWALLZ akusztikus falpanelek v\u00e1laszt\u00e1s\u00e1val nem csup\u00e1n otthona eszt\u00e9tik\u00e1j\u00e1t emeli, hanem a k\u00f6rnyezettudatos d\u00f6nt\u00e9sek t\u00e1bor\u00e1t is gyarap\u00edtja. A QWALLZ a falburkolataival elk\u00f6telezett amellett, hogy hozz\u00e1j\u00e1ruljon egy fenntarthat\u00f3bb j\u00f6v\u0151 kialak\u00edt\u00e1s\u00e1hoz, ahol az elegancia \u00e9s a k\u00f6rnyezettudatoss\u00e1g k\u00e9z a k\u00e9zben j\u00e1r.<\/p>\n<\/div>\n<\/div>\n<\/div>\n<\/div>","protected":false},"excerpt":{"rendered":"<p>Akusztikus Falpanel MAX Olajos t\u00f6lgy 60x240cm Az &#8220;Akusztikus Falpanel MAX Olajos t\u00f6lgy 60x240cm&#8221; term\u00e9k\u00fcnk kiv\u00e1l\u00f3 v\u00e1laszt\u00e1s otthon\u00e1ba. A term\u00e9k r\u00e9szleteit, tulajdons\u00e1gait lejjebb g\u00f6rgetve tudja \u00e1ttekinteni. K\u00e9rd\u00e9s eset\u00e9n forduljon nyugodtan \u00fcgyf\u00e9lszolg\u00e1latunkhoz. Sz\u00edn: Oiled Oak\/Olajos t\u00f6lgy M\u00e9ret: 18x600x2400 mm Ter\u00fclet: 1.44m2 S\u00faly: 10,4 kg N\u00e9zd meg m\u00e1s sz\u00ednekben is! AKUSZTIK\u00c1T \u00c9S ST\u00cdLUST \u00daJRADEFINI\u00c1L\u00d3 LAMELL\u00c1S FALPANELEK A QWALLZ [&hellip;]<\/p>\n","protected":false},"featured_media":18249,"comment_status":"closed","ping_status":"closed","template":"","meta":[],"product_brand":[],"product_cat":[463,461],"product_tag":[464],"class_list":{"0":"post-17483","1":"product","2":"type-product","3":"status-publish","4":"has-post-thumbnail","6":"product_cat-akusztikus-falpanel-240cm-max","7":"product_cat-akusztikus-falpanel","8":"product_tag-240cm","10":"first","11":"instock","12":"taxable","13":"shipping-taxable","14":"purchasable","15":"product-type-simple"},"_links":{"self":[{"href":"https:\/\/qwallz.eu\/sk\/wp-json\/wp\/v2\/product\/17483","targetHints":{"allow":["GET"]}}],"collection":[{"href":"https:\/\/qwallz.eu\/sk\/wp-json\/wp\/v2\/product"}],"about":[{"href":"https:\/\/qwallz.eu\/sk\/wp-json\/wp\/v2\/types\/product"}],"replies":[{"embeddable":true,"href":"https:\/\/qwallz.eu\/sk\/wp-json\/wp\/v2\/comments?post=17483"}],"version-history":[{"count":2,"href":"https:\/\/qwallz.eu\/sk\/wp-json\/wp\/v2\/product\/17483\/revisions"}],"predecessor-version":[{"id":24644,"href":"https:\/\/qwallz.eu\/sk\/wp-json\/wp\/v2\/product\/17483\/revisions\/24644"}],"wp:featuredmedia":[{"embeddable":true,"href":"https:\/\/qwallz.eu\/sk\/wp-json\/wp\/v2\/media\/18249"}],"wp:attachment":[{"href":"https:\/\/qwallz.eu\/sk\/wp-json\/wp\/v2\/media?parent=17483"}],"wp:term":[{"taxonomy":"product_brand","embeddable":true,"href":"https:\/\/qwallz.eu\/sk\/wp-json\/wp\/v2\/product_brand?post=17483"},{"taxonomy":"product_cat","embeddable":true,"href":"https:\/\/qwallz.eu\/sk\/wp-json\/wp\/v2\/product_cat?post=17483"},{"taxonomy":"product_tag","embeddable":true,"href":"https:\/\/qwallz.eu\/sk\/wp-json\/wp\/v2\/product_tag?post=17483"}],"curies":[{"name":"wp","href":"https:\/\/api.w.org\/{rel}","templated":true}]}}