{"id":17575,"date":"2025-02-26T21:27:47","date_gmt":"2025-02-26T20:27:47","guid":{"rendered":"https:\/\/qwallz.eu\/?post_type=product&#038;p=17575"},"modified":"2025-12-30T21:25:47","modified_gmt":"2025-12-30T20:25:47","slug":"lamella-series-170x3000mm-falpanel-31031","status":"publish","type":"product","link":"https:\/\/qwallz.eu\/sk\/product\/lamella-series-170x3000mm-falpanel-31031\/","title":{"rendered":"Lamella Series 170x3000mm Falpanel 31031"},"content":{"rendered":"<p>Lamella Series 170 Falpanel. Fahat\u00e1s\u00fa v\u00edz\u00e1ll\u00f3 lamell\u00e1s fapanel.<\/p>\n<p>M\u00e9ret: 170mm x 23.5mm x 3000mm<\/p>","protected":false},"excerpt":{"rendered":"<p>Lamella Series 170 Falpanel. Fahat\u00e1s\u00fa v\u00edz\u00e1ll\u00f3 lamell\u00e1s fapanel. M\u00e9ret: 170mm x 23.5mm x 3000mm<\/p>","protected":false},"featured_media":15418,"comment_status":"open","ping_status":"closed","template":"","meta":[],"product_brand":[],"product_cat":[15,446],"product_tag":[],"class_list":{"0":"post-17575","1":"product","2":"type-product","3":"status-publish","4":"has-post-thumbnail","6":"product_cat-lamella-series-3d-falpanelek","7":"product_cat-bamboo-lamellak","9":"first","10":"instock","11":"sale","12":"taxable","13":"shipping-taxable","14":"purchasable","15":"product-type-simple"},"_links":{"self":[{"href":"https:\/\/qwallz.eu\/sk\/wp-json\/wp\/v2\/product\/17575","targetHints":{"allow":["GET"]}}],"collection":[{"href":"https:\/\/qwallz.eu\/sk\/wp-json\/wp\/v2\/product"}],"about":[{"href":"https:\/\/qwallz.eu\/sk\/wp-json\/wp\/v2\/types\/product"}],"replies":[{"embeddable":true,"href":"https:\/\/qwallz.eu\/sk\/wp-json\/wp\/v2\/comments?post=17575"}],"version-history":[{"count":0,"href":"https:\/\/qwallz.eu\/sk\/wp-json\/wp\/v2\/product\/17575\/revisions"}],"wp:featuredmedia":[{"embeddable":true,"href":"https:\/\/qwallz.eu\/sk\/wp-json\/wp\/v2\/media\/15418"}],"wp:attachment":[{"href":"https:\/\/qwallz.eu\/sk\/wp-json\/wp\/v2\/media?parent=17575"}],"wp:term":[{"taxonomy":"product_brand","embeddable":true,"href":"https:\/\/qwallz.eu\/sk\/wp-json\/wp\/v2\/product_brand?post=17575"},{"taxonomy":"product_cat","embeddable":true,"href":"https:\/\/qwallz.eu\/sk\/wp-json\/wp\/v2\/product_cat?post=17575"},{"taxonomy":"product_tag","embeddable":true,"href":"https:\/\/qwallz.eu\/sk\/wp-json\/wp\/v2\/product_tag?post=17575"}],"curies":[{"name":"wp","href":"https:\/\/api.w.org\/{rel}","templated":true}]}}