{"id":17595,"date":"2025-03-05T14:41:57","date_gmt":"2025-03-05T13:41:57","guid":{"rendered":"https:\/\/qwallz.eu\/?post_type=product&#038;p=17595"},"modified":"2026-04-21T16:43:21","modified_gmt":"2026-04-21T14:43:21","slug":"metal-series-xr-88-12-fem-hatasu-falpanel-280x120cm","status":"publish","type":"product","link":"https:\/\/qwallz.eu\/sk\/product\/metal-series-xr-88-12-fem-hatasu-falpanel-280x120cm\/","title":{"rendered":"Metal Series XR-88-12 F\u00e9m Hat\u00e1s\u00fa Falpanel 280x120cm"},"content":{"rendered":"<p>Metal Series XR-88-12 F\u00e9m Hat\u00e1s\u00fa Falpanel 280x120cm<\/p>","protected":false},"excerpt":{"rendered":"<p>Metal Series XR-88-12 F\u00e9m Hat\u00e1s\u00fa Falpanel 280x120cm<\/p>","protected":false},"featured_media":16701,"comment_status":"closed","ping_status":"closed","template":"","meta":[],"product_brand":[],"product_cat":[69],"product_tag":[],"class_list":{"0":"post-17595","1":"product","2":"type-product","3":"status-publish","4":"has-post-thumbnail","6":"product_cat-metal-series-femhatasu-falpanelek","8":"first","9":"instock","10":"taxable","11":"shipping-taxable","12":"purchasable","13":"product-type-simple"},"_links":{"self":[{"href":"https:\/\/qwallz.eu\/sk\/wp-json\/wp\/v2\/product\/17595","targetHints":{"allow":["GET"]}}],"collection":[{"href":"https:\/\/qwallz.eu\/sk\/wp-json\/wp\/v2\/product"}],"about":[{"href":"https:\/\/qwallz.eu\/sk\/wp-json\/wp\/v2\/types\/product"}],"replies":[{"embeddable":true,"href":"https:\/\/qwallz.eu\/sk\/wp-json\/wp\/v2\/comments?post=17595"}],"version-history":[{"count":2,"href":"https:\/\/qwallz.eu\/sk\/wp-json\/wp\/v2\/product\/17595\/revisions"}],"predecessor-version":[{"id":24653,"href":"https:\/\/qwallz.eu\/sk\/wp-json\/wp\/v2\/product\/17595\/revisions\/24653"}],"wp:featuredmedia":[{"embeddable":true,"href":"https:\/\/qwallz.eu\/sk\/wp-json\/wp\/v2\/media\/16701"}],"wp:attachment":[{"href":"https:\/\/qwallz.eu\/sk\/wp-json\/wp\/v2\/media?parent=17595"}],"wp:term":[{"taxonomy":"product_brand","embeddable":true,"href":"https:\/\/qwallz.eu\/sk\/wp-json\/wp\/v2\/product_brand?post=17595"},{"taxonomy":"product_cat","embeddable":true,"href":"https:\/\/qwallz.eu\/sk\/wp-json\/wp\/v2\/product_cat?post=17595"},{"taxonomy":"product_tag","embeddable":true,"href":"https:\/\/qwallz.eu\/sk\/wp-json\/wp\/v2\/product_tag?post=17595"}],"curies":[{"name":"wp","href":"https:\/\/api.w.org\/{rel}","templated":true}]}}