{"id":17897,"date":"2025-04-23T14:17:21","date_gmt":"2025-04-23T12:17:21","guid":{"rendered":"https:\/\/qwallz.eu\/?post_type=product&#038;p=17897"},"modified":"2026-04-21T16:43:43","modified_gmt":"2026-04-21T14:43:43","slug":"akusztikus-falpanel-mart-zenvia-3d-falpanel-60x60-cm","status":"publish","type":"product","link":"https:\/\/qwallz.eu\/sk\/product\/akusztikus-falpanel-mart-zenvia-3d-falpanel-60x60-cm\/","title":{"rendered":"Akusztikus falpanel &#8211; Mart &#8211; 60&#215;60 cm &#8211; Zenvia 3D Falpanel"},"content":{"rendered":"<h2>Zenvia 3D Falpanel<\/h2>\n<p>A Zenvia 3D Falpanel 60 X 60 cm term\u00e9k\u00fcnk kiv\u00e1l\u00f3 v\u00e1laszt\u00e1s otthon\u00e1ba. A term\u00e9k r\u00e9szleteit, tulajdons\u00e1gait lejjebb g\u00f6rgetve tudja \u00e1ttekinteni. K\u00e9rd\u00e9s eset\u00e9n forduljon nyugodtan \u00fcgyf\u00e9lszolg\u00e1latunkhoz.<\/p>\n<p>Sz\u00edn: Teak, White Oak\/Feh\u00e9r t\u00f6lgy<br \/>\nM\u00e9ret: 600 x 600 x 18 mm<\/p>\n<p>Kiszerel\u00e9s: 4 db\/doboz<\/p>\n<h2>A modern bels\u0151\u00e9p\u00edt\u00e9szet \u00faj dimenzi\u00f3ja<\/h2>\n<p class=\"\" data-start=\"247\" data-end=\"762\">A Zenvia 3D falpanel a modern bels\u0151\u00e9p\u00edt\u00e9szet \u00faj dimenzi\u00f3j\u00e1t k\u00edn\u00e1lja. A kisebb m\u00e9ret\u0171 panelek letisztult formavil\u00e1ga \u00e9s a technikai fafurn\u00e9rral lamin\u00e1lt fel\u00fclet eszt\u00e9tikus megjelen\u00e9st \u00e9s praktikus felhaszn\u00e1l\u00e1st biztos\u00edt. A panelek alapj\u00e1t filc hordoz\u00f3ra ragasztott MDF r\u00e9teg alkotja, mely megegyezik a nagyobb m\u00e9ret\u0171 akusztikus falpanelek j\u00f3l bev\u00e1lt szerkezet\u00e9vel \u2013 azonban itt term\u00e9szetes fa helyett innovat\u00edv technikai fafurn\u00e9r bor\u00edt\u00e1s gondoskodik a tart\u00f3ss\u00e1gr\u00f3l \u00e9s az egys\u00e9ges sz\u00ednvil\u00e1gr\u00f3l.<\/p>\n<p class=\"\" data-start=\"764\" data-end=\"1053\">A technikai fafurn\u00e9r lehet\u0151v\u00e9 teszi a fa text\u00far\u00e1j\u00e1nak t\u00f6k\u00e9letes ut\u00e1nz\u00e1s\u00e1t, mik\u00f6zben ellen\u00e1ll\u00f3bb a k\u00f6rnyezeti hat\u00e1sokkal \u00e9s az UV-sug\u00e1rz\u00e1ssal szemben. Ez k\u00fcl\u00f6n\u00f6sen el\u0151ny\u00f6s nagyobb ig\u00e9nybev\u00e9telnek kitett bels\u0151 terekben, legyen sz\u00f3 nappalir\u00f3l, irod\u00e1r\u00f3l, t\u00e1rgyal\u00f3r\u00f3l vagy vend\u00e9gl\u00e1t\u00f3 egys\u00e9gr\u0151l.<\/p>\n<p class=\"\" data-start=\"1055\" data-end=\"1247\">A kompakt m\u00e9ret kreat\u00edv elrendez\u00e9seket tesz lehet\u0151v\u00e9 \u2013 szab\u00e1lyos mint\u00e1zatok vagy \u00e9pp j\u00e1t\u00e9kos, organikus falkompoz\u00edci\u00f3k is k\u00f6nnyed\u00e9n kialak\u00edthat\u00f3k.<\/p>\n<p class=\"\" data-start=\"1249\" data-end=\"1268\"><strong data-start=\"1249\" data-end=\"1268\">F\u0151bb jellemz\u0151k:<\/strong><\/p>\n<ul data-start=\"1269\" data-end=\"1591\">\n<li class=\"\" data-start=\"1269\" data-end=\"1342\">\n<p class=\"\" data-start=\"1271\" data-end=\"1342\">Technikai fafurn\u00e9r bor\u00edt\u00e1s \u2013 egys\u00e9ges sz\u00ednhat\u00e1s, kiemelked\u0151 tart\u00f3ss\u00e1g<\/p>\n<\/li>\n<li class=\"\" data-start=\"1343\" data-end=\"1414\">\n<p class=\"\" data-start=\"1345\" data-end=\"1414\">Filc h\u00e1tlap \u00e9s MDF szerkezet \u2013 stabilit\u00e1s \u00e9s r\u00e9szleges hangelnyel\u00e9s<\/p>\n<\/li>\n<li class=\"\" data-start=\"1415\" data-end=\"1492\">\n<p class=\"\" data-start=\"1417\" data-end=\"1492\">Kisebb m\u00e9ret\u0171 panelek \u2013 kreat\u00edv \u00e9s rugalmas felhaszn\u00e1l\u00e1s<\/p>\n<\/li>\n<li class=\"\" data-start=\"1543\" data-end=\"1591\">\n<p class=\"\" data-start=\"1545\" data-end=\"1591\">Ide\u00e1lis otthoni \u00e9s k\u00f6z\u00fcleti terekbe egyar\u00e1nt<\/p>\n<\/li>\n<\/ul>\n<p class=\"\" data-start=\"1593\" data-end=\"1725\">Alak\u00edtsd \u00e1t a teret st\u00edlusosan \u2013 a Zenvia 3D falpanelekkel egyedi, kort\u00e1rs enteri\u0151r\u00f6k val\u00f3s\u00edthat\u00f3k meg, kompromisszumok n\u00e9lk\u00fcl.<\/p>\n<h4>Akusztikai Optimaliz\u00e1l\u00e1s<\/h4>\n<p>A kiv\u00e1l\u00f3 akusztikai teljes\u00edtm\u00e9ny nem v\u00e9letlen. A <strong>Zenvia 3D Falpanel <\/strong>kifejleszt\u00e9s\u00e9n\u00e9l k\u00fcl\u00f6n\u00f6s figyelmet ford\u00edtottunk arra, hogy jav\u00edts\u00e1k a hangmin\u0151s\u00e9get, cs\u00f6kkentve a visszhangot \u00e9s a zajt, \u00edgy teremtve nyugodt, zavartalan k\u00f6rnyezetet. Ide\u00e1lis v\u00e1laszt\u00e1s irod\u00e1kba, zenetermekbe, vagy ak\u00e1r otthoni nappalikba is, ahol a pihen\u00e9s min\u0151s\u00e9g\u00e9t a csend \u00e9s a nyugalom hat\u00e1rozza meg.<\/p>\n<h4>FSC Tan\u00fas\u00edtv\u00e1ny<\/h4>\n<p>A k\u00f6rnyezettudatos d\u00f6nt\u00e9sek fontosak sz\u00e1munkra. Falpaneleink FSC (Forest Stewardship Council) tan\u00fas\u00edtv\u00e1nnyal rendelkeznek, ami garant\u00e1lja, hogy a term\u00e9khez felhaszn\u00e1lt faanyag felel\u0151s forr\u00e1sb\u00f3l, fenntarthat\u00f3 erd\u0151gazd\u00e1lkod\u00e1sb\u00f3l sz\u00e1rmazik. A Zenvia falpanel v\u00e1laszt\u00e1s\u00e1val \u00d6n is hozz\u00e1j\u00e1rulhat a k\u00f6rnyezetv\u00e9delemhez, t\u00e1mogatva a biodiverzit\u00e1s meg\u0151rz\u00e9s\u00e9t \u00e9s az erd\u0151k fenntarthat\u00f3 hasznos\u00edt\u00e1s\u00e1t.<\/p>\n<h3><b>Egyszer\u0171 \u00e9s K\u00f6lts\u00e9ghat\u00e9kony Telep\u00edt\u00e9s<\/b><\/h3>\n<p>A gondos tervez\u00e9snek k\u00f6sz\u00f6nhet\u0151en a falburkolatok telep\u00edt\u00e9se gyors \u00e9s egyszer\u0171, lehet\u0151v\u00e9 t\u00e9ve, hogy b\u00e1rki k\u00f6nnyed\u00e9n meg\u00faj\u00edthassa otthon\u00e1nak megjelen\u00e9s\u00e9t falpaneleinkkel. \u00cdgy a <strong>Zenvia 3D Falpanel <\/strong>falburkolat nem csak id\u0151t, hanem k\u00f6lts\u00e9get is megtakar\u00edtva k\u00edn\u00e1l \u00d6nnek egy azonnali, leny\u0171g\u00f6z\u0151 otthoni \u00e1talakul\u00e1st.<\/p>\n<p><b>Fenntarthat\u00f3 Luxus<\/b><\/p>\n<p>A QWALLZ falpanelek v\u00e1laszt\u00e1s\u00e1val nem csup\u00e1n otthona eszt\u00e9tik\u00e1j\u00e1t emeli, hanem a k\u00f6rnyezettudatos d\u00f6nt\u00e9sek t\u00e1bor\u00e1t is gyarap\u00edtja. A QWALLZ a falburkolataival elk\u00f6telezett amellett, hogy hozz\u00e1j\u00e1ruljon egy fenntarthat\u00f3bb j\u00f6v\u0151 kialak\u00edt\u00e1s\u00e1hoz, ahol az elegancia \u00e9s a k\u00f6rnyezettudatoss\u00e1g k\u00e9z a k\u00e9zben j\u00e1r.<\/p>","protected":false},"excerpt":{"rendered":"<p>Zenvia 3D Falpanel A Zenvia 3D Falpanel 60 X 60 cm term\u00e9k\u00fcnk kiv\u00e1l\u00f3 v\u00e1laszt\u00e1s otthon\u00e1ba. A term\u00e9k r\u00e9szleteit, tulajdons\u00e1gait lejjebb g\u00f6rgetve tudja \u00e1ttekinteni. K\u00e9rd\u00e9s eset\u00e9n forduljon nyugodtan \u00fcgyf\u00e9lszolg\u00e1latunkhoz. Sz\u00edn: Teak, White Oak\/Feh\u00e9r t\u00f6lgy M\u00e9ret: 600 x 600 x 18 mm Kiszerel\u00e9s: 4 db\/doboz A modern bels\u0151\u00e9p\u00edt\u00e9szet \u00faj dimenzi\u00f3ja A Zenvia 3D falpanel a modern bels\u0151\u00e9p\u00edt\u00e9szet [&hellip;]<\/p>\n","protected":false},"featured_media":19826,"comment_status":"open","ping_status":"closed","template":"","meta":[],"product_brand":[],"product_cat":[462,461],"product_tag":[],"class_list":{"0":"post-17897","1":"product","2":"type-product","3":"status-publish","4":"has-post-thumbnail","6":"product_cat-zenvia-design-akusztikus-falpanel","7":"product_cat-akusztikus-falpanel","8":"product_shipping_class-falpanel-szallitas","10":"first","11":"instock","12":"taxable","13":"shipping-taxable","14":"purchasable","15":"product-type-variable"},"_links":{"self":[{"href":"https:\/\/qwallz.eu\/sk\/wp-json\/wp\/v2\/product\/17897","targetHints":{"allow":["GET"]}}],"collection":[{"href":"https:\/\/qwallz.eu\/sk\/wp-json\/wp\/v2\/product"}],"about":[{"href":"https:\/\/qwallz.eu\/sk\/wp-json\/wp\/v2\/types\/product"}],"replies":[{"embeddable":true,"href":"https:\/\/qwallz.eu\/sk\/wp-json\/wp\/v2\/comments?post=17897"}],"version-history":[{"count":1,"href":"https:\/\/qwallz.eu\/sk\/wp-json\/wp\/v2\/product\/17897\/revisions"}],"predecessor-version":[{"id":24562,"href":"https:\/\/qwallz.eu\/sk\/wp-json\/wp\/v2\/product\/17897\/revisions\/24562"}],"wp:featuredmedia":[{"embeddable":true,"href":"https:\/\/qwallz.eu\/sk\/wp-json\/wp\/v2\/media\/19826"}],"wp:attachment":[{"href":"https:\/\/qwallz.eu\/sk\/wp-json\/wp\/v2\/media?parent=17897"}],"wp:term":[{"taxonomy":"product_brand","embeddable":true,"href":"https:\/\/qwallz.eu\/sk\/wp-json\/wp\/v2\/product_brand?post=17897"},{"taxonomy":"product_cat","embeddable":true,"href":"https:\/\/qwallz.eu\/sk\/wp-json\/wp\/v2\/product_cat?post=17897"},{"taxonomy":"product_tag","embeddable":true,"href":"https:\/\/qwallz.eu\/sk\/wp-json\/wp\/v2\/product_tag?post=17897"}],"curies":[{"name":"wp","href":"https:\/\/api.w.org\/{rel}","templated":true}]}}