{"id":19042,"date":"2025-06-30T15:47:31","date_gmt":"2025-06-30T13:47:31","guid":{"rendered":"https:\/\/qwallz.eu\/?post_type=product&#038;p=19042"},"modified":"2026-04-21T11:46:10","modified_gmt":"2026-04-21T09:46:10","slug":"falpanel-marvany-mintas-vegtelenitheto-9012-x-280x120cm","status":"publish","type":"product","link":"https:\/\/qwallz.eu\/sk\/product\/falpanel-marvany-mintas-vegtelenitheto-9012-x-280x120cm\/","title":{"rendered":"Falpanel, M\u00e1rv\u00e1ny Mint\u00e1s V\u00e9gtelen\u00edthet\u0151 9012-X 280x120cm"},"content":{"rendered":"<p>Infinity Series 9012 Term\u00e9szetes K\u0151 \u00e9s M\u00e1rv\u00e1ny Mint\u00e1s V\u00e9gtelen\u00edthet\u0151 Falpanel<\/p>\n<p><span style=\"font-weight: 400;\">Fedezze fel a QWALLZ Infinity Series nagym\u00e9ret\u0171 falpanel kollekci\u00f3j\u00e1t, ahol a term\u00e9szetes k\u0151 \u00e9s m\u00e1rv\u00e1ny mint\u00e1s, HD nyomtatott falburkolatok minden darabja mag\u00e1ban hordozza a term\u00e9szetes mint\u00e1zatok leny\u0171g\u00f6z\u0151 sz\u00e9ps\u00e9g\u00e9t \u00e9s az emberi m\u0171v\u00e9szet finoms\u00e1g\u00e1t. Ezek a k\u00fcl\u00f6nleges falpanelek t\u00f6k\u00e9letes szimbi\u00f3zisban \u00e1llnak a modern design elv\u00e1r\u00e1saival \u00e9s a klasszikus elegancia id\u0151tlen vonzerej\u00e9vel.\u00a0<\/span><\/p>\n<p><b>Az \u00d6n Otthon\u00e1nak Koron\u00e1zatlan \u00c9kess\u00e9ge<\/b><\/p>\n<p><span style=\"font-weight: 400;\">Minden egyes falburkolat mint\u00e1nk gondosan megtervezett, hogy fel\u00f6ltse otthona falait kifinomult eleganci\u00e1val, \u00e1talak\u00edtva azokat m\u0171v\u00e9szeti alkot\u00e1sokk\u00e1. Az Infinity Series v\u00e9gtelen\u00edthet\u0151 kollekci\u00f3nkb\u00f3l a term\u00e9szetes k\u0151 \u00e9s m\u00e1rv\u00e1ny mint\u00e1zatok sz\u00e9les v\u00e1laszt\u00e9k\u00e1ban megtal\u00e1lhat\u00f3k a l\u00e1gy, finom erezet\u0171 v\u00e1ltozatokt\u00f3l kezdve a mer\u00e9sz, karakteres falpanel mint\u00e1kig. Minden egyes Infinity Series falburkolat egyedi karakterrel b\u00edr.<\/span><\/p>\n<p><b>Tart\u00f3s Sz\u00e9ps\u00e9g<\/b><\/p>\n<p><span style=\"font-weight: 400;\">A term\u00e9szetes k\u0151 \u00e9s m\u00e1rv\u00e1ny mint\u00e1zat\u00fa falpanelek nem csak eszt\u00e9tikai \u00e9lm\u00e9nyt ny\u00fajtanak, de a bambusz rost alapanyagnak k\u00f6sz\u00f6nhet\u0151en az Infinity Series falburkolat rendk\u00edv\u00fcl tart\u00f3s \u00e9s k\u00f6rnyezetbar\u00e1t is. Az HD nyomtat\u00e1si technol\u00f3gi\u00e1nk r\u00e9v\u00e9n a falpanelekkel \u00e9leth\u0171 mint\u00e1kat hozunk l\u00e9tre a term\u00e9szet csod\u00e1ib\u00f3l, melyekkel otthon\u00e1nak minden szeglet\u00e9t luxuss\u00e1 var\u00e1zsolhatja.<\/span><\/p>\n<p><b>Egyszer\u0171 \u00e9s K\u00f6lts\u00e9ghat\u00e9kony Telep\u00edt\u00e9s<\/b><\/p>\n<p><span style=\"font-weight: 400;\">A gondos tervez\u00e9snek k\u00f6sz\u00f6nhet\u0151en a falburkolatok telep\u00edt\u00e9se gyors \u00e9s egyszer\u0171, lehet\u0151v\u00e9 t\u00e9ve, hogy b\u00e1rki k\u00f6nnyed\u00e9n meg\u00faj\u00edthassa otthon\u00e1nak megjelen\u00e9s\u00e9t falpaneleinkkel. \u00cdgy a term\u00e9szetes k\u0151 \u00e9s m\u00e1rv\u00e1ny mint\u00e1s falburkolat nem csak id\u0151t, hanem k\u00f6lts\u00e9get is megtakar\u00edtva k\u00edn\u00e1l \u00d6nnek egy azonnali, leny\u0171g\u00f6z\u0151 otthoni \u00e1talakul\u00e1st.<\/span><\/p>\n<p><b>Fenntarthat\u00f3 Luxus<\/b><\/p>\n<p><span style=\"font-weight: 400;\">A QWALLZ falpanelek v\u00e1laszt\u00e1s\u00e1val nem csup\u00e1n otthona eszt\u00e9tik\u00e1j\u00e1t emeli, hanem a k\u00f6rnyezettudatos d\u00f6nt\u00e9sek t\u00e1bor\u00e1t is gyarap\u00edtja. A QWALLZ a falburkolataival elk\u00f6telezett amellett, hogy hozz\u00e1j\u00e1ruljon egy fenntarthat\u00f3bb j\u00f6v\u0151 kialak\u00edt\u00e1s\u00e1hoz, ahol az elegancia \u00e9s a k\u00f6rnyezettudatoss\u00e1g k\u00e9z a k\u00e9zben j\u00e1r.<\/span><\/p>\n<p><span style=\"font-weight: 400;\">Mer\u00fclj\u00f6n el a QWALLZ Infinity Series Falpanel kollekci\u00f3j\u00e1nak var\u00e1zslatos vil\u00e1g\u00e1ban, \u00e9s hozzon l\u00e9tre otthon\u00e1ban egy olyan teret term\u00e9szetes k\u0151- \u00e9s m\u00e1rv\u00e1nymint\u00e1s falburkolatainkkal, amely minden nap inspir\u00e1lja.<\/span><\/p>","protected":false},"excerpt":{"rendered":"<p>Az \u00e1r 1db falpanelre (280x120cm) \u00e9rv\u00e9nyes. Sz\u00e1ll\u00edt\u00e1si id\u0151 3-5 munkanap. Nagym\u00e9ret\u0171, 2.8&#215;1.2m falburkolat kollekci\u00f3 V\u00e9gtelen\u00edthet\u0151 mint\u00e1zatok K\u00f6rnyezetbar\u00e1t, v\u00edz\u00e1ll\u00f3, hajl\u00edthat\u00f3 falpanel Illeszthet\u0151 h\u00e9zagmentesen, vagy ak\u00e1r a k\u00edn\u00e1latban szerepl\u0151 alum\u00ednium profilokkal is.<\/p>","protected":false},"featured_media":19113,"comment_status":"closed","ping_status":"closed","template":"","meta":[],"product_brand":[],"product_cat":[70,467],"product_tag":[454],"class_list":{"0":"post-19042","1":"product","2":"type-product","3":"status-publish","4":"has-post-thumbnail","6":"product_cat-infinity-series-falpanelek","7":"product_cat-infinity-series-x-falpanelek","8":"product_tag-feher-hatter","9":"pa_mintazat-9012-a","10":"pa_mintazat-9012-b","12":"first","13":"instock","14":"taxable","15":"shipping-taxable","16":"purchasable","17":"product-type-variable","18":"has-default-attributes"},"_links":{"self":[{"href":"https:\/\/qwallz.eu\/sk\/wp-json\/wp\/v2\/product\/19042","targetHints":{"allow":["GET"]}}],"collection":[{"href":"https:\/\/qwallz.eu\/sk\/wp-json\/wp\/v2\/product"}],"about":[{"href":"https:\/\/qwallz.eu\/sk\/wp-json\/wp\/v2\/types\/product"}],"replies":[{"embeddable":true,"href":"https:\/\/qwallz.eu\/sk\/wp-json\/wp\/v2\/comments?post=19042"}],"version-history":[{"count":2,"href":"https:\/\/qwallz.eu\/sk\/wp-json\/wp\/v2\/product\/19042\/revisions"}],"predecessor-version":[{"id":24655,"href":"https:\/\/qwallz.eu\/sk\/wp-json\/wp\/v2\/product\/19042\/revisions\/24655"}],"wp:featuredmedia":[{"embeddable":true,"href":"https:\/\/qwallz.eu\/sk\/wp-json\/wp\/v2\/media\/19113"}],"wp:attachment":[{"href":"https:\/\/qwallz.eu\/sk\/wp-json\/wp\/v2\/media?parent=19042"}],"wp:term":[{"taxonomy":"product_brand","embeddable":true,"href":"https:\/\/qwallz.eu\/sk\/wp-json\/wp\/v2\/product_brand?post=19042"},{"taxonomy":"product_cat","embeddable":true,"href":"https:\/\/qwallz.eu\/sk\/wp-json\/wp\/v2\/product_cat?post=19042"},{"taxonomy":"product_tag","embeddable":true,"href":"https:\/\/qwallz.eu\/sk\/wp-json\/wp\/v2\/product_tag?post=19042"}],"curies":[{"name":"wp","href":"https:\/\/api.w.org\/{rel}","templated":true}]}}