{"id":19638,"date":"2025-10-22T09:31:25","date_gmt":"2025-10-22T07:31:25","guid":{"rendered":"https:\/\/qwallz.eu\/?post_type=product&#038;p=19638"},"modified":"2026-04-21T12:38:26","modified_gmt":"2026-04-21T10:38:26","slug":"spc-falpanel-r192-bianco-gold","status":"publish","type":"product","link":"https:\/\/qwallz.eu\/sk\/product\/spc-falpanel-r192-bianco-gold\/","title":{"rendered":"Bianco Gold SPC falpanel R192"},"content":{"rendered":"<p><strong data-start=\"413\" data-end=\"532\">Az R192 Bianco Gold SPC falpanel \u2013 harm\u00f3nia a term\u00e9szetes m\u00e1rv\u00e1ny eleganci\u00e1j\u00e1val \u00e9s a modern anyagok tart\u00f3ss\u00e1g\u00e1val.<\/strong><\/p>\n<ul>\n<li data-start=\"397\" data-end=\"426\">\n<p data-start=\"399\" data-end=\"426\"><strong data-start=\"399\" data-end=\"408\">M\u00e9ret<\/strong>: 2800 \u00d7 1230 mm<\/p>\n<\/li>\n<li data-start=\"427\" data-end=\"450\">\n<p data-start=\"429\" data-end=\"450\"><strong data-start=\"429\" data-end=\"442\">Vastags\u00e1g<\/strong>: 4 mm<\/p>\n<\/li>\n<\/ul>\n<p>M\u00e9ret\u00e9t tekintve 2800 \u00d7 1230 mm, vastags\u00e1ga pedig 4 mm, \u00edgy ide\u00e1lis nagy fel\u00fcletek l\u00e1tv\u00e1nyos burkol\u00e1s\u00e1ra. A Peetah (PT) fel\u00fcletstrukt\u00fara finoman textur\u00e1lt, realisztikus m\u00e1rv\u00e1nyhat\u00e1st kelt, amit a digit\u00e1lis nyomtat\u00e1s tesz k\u00fcl\u00f6n\u00f6sen r\u00e9szletgazdagg\u00e1.<\/p>\n<p data-start=\"822\" data-end=\"848\"><strong data-start=\"822\" data-end=\"845\">Bianco Gold SPC falpanel legf\u0151bb el\u0151nyei<\/strong>:<\/p>\n<ul data-start=\"849\" data-end=\"1471\">\n<li data-start=\"849\" data-end=\"971\">\n<p data-start=\"851\" data-end=\"971\"><strong data-start=\"851\" data-end=\"878\">Karc-, v\u00edz- \u00e9s folt\u00e1ll\u00f3<\/strong> \u2013 ide\u00e1lis vizes \u00e9s magas ig\u00e9nybev\u00e9tel\u0171 helyis\u00e9gekhez<\/p>\n<\/li>\n<li data-start=\"972\" data-end=\"1079\">\n<p data-start=\"974\" data-end=\"1079\"><strong data-start=\"974\" data-end=\"992\">Kellemes tapint\u00e1s\u00fa<\/strong> fel\u00fclet (soft touch) a pr\u00e9mium \u00e9rz\u00e9s \u00e9rdek\u00e9ben<\/p>\n<\/li>\n<li data-start=\"1080\" data-end=\"1198\">\n<p data-start=\"1082\" data-end=\"1198\"><strong data-start=\"1082\" data-end=\"1119\">M\u00e9ret stabil \u00e9s k\u00f6nnyen szerelhet\u0151<\/strong> \u2013 tart\u00f3s, prec\u00edz illeszked\u00e9st biztos\u00edt<\/p>\n<\/li>\n<li data-start=\"1199\" data-end=\"1318\">\n<p data-start=\"1201\" data-end=\"1318\"><strong data-start=\"1201\" data-end=\"1221\">Digit\u00e1lis design<\/strong> \u2013 l\u00e1tv\u00e1nyos \u00e9s v\u00e1ltozatos dekor\u00e1ci\u00f3s lehet\u0151s\u00e9geket k\u00edn\u00e1l<\/p>\n<\/li>\n<li data-start=\"1319\" data-end=\"1471\">\n<p data-start=\"1321\" data-end=\"1471\"><strong data-start=\"1321\" data-end=\"1358\">K\u00f6nnyen tiszt\u00edthat\u00f3 \u00e9s higi\u00e9nikus<\/strong> \u2013 ide\u00e1lis v\u00e1laszt\u00e1s f\u00fcrd\u0151szob\u00e1kba, konyh\u00e1kba, elad\u00f3terekbe vagy irod\u00e1kba<\/p>\n<\/li>\n<\/ul>\n<p><strong data-start=\"1473\" data-end=\"1499\">Alkalmaz\u00e1si javaslatok<\/strong>:<br data-start=\"1500\" data-end=\"1503\" \/>Haszn\u00e1lhat\u00f3 p\u00e9ld\u00e1ul eleg\u00e1ns <strong data-start=\"1531\" data-end=\"1579\">falburkolatk\u00e9nt f\u00fcrd\u0151szob\u00e1kban \u00e9s konyh\u00e1kban<\/strong>, <strong data-start=\"1581\" data-end=\"1641\">d\u00edsz\u00edt\u0151 fel\u00fcletk\u00e9nt nappali vagy h\u00e1l\u00f3szobai dekor\u00e1ci\u00f3hoz<\/strong>, illetve <strong data-start=\"1651\" data-end=\"1679\">v\u00edz\u00e1ll\u00f3 b\u00fatorbor\u00edt\u00e1sk\u00e9nt<\/strong> ak\u00e1r \u00fczleti k\u00f6rnyezetben is.<\/p>","protected":false},"excerpt":{"rendered":"<p>Az R192 Bianco Gold egy exkluz\u00edv SPC falpanel, finoman m\u00e1rv\u00e1nyhat\u00e1s\u00fa, v\u00edz-, karc- \u00e9s folt\u00e1ll\u00f3 fel\u00fclettel, kellemes tapint\u00e1ssal \u00e9s egyszer\u0171 szerelhet\u0151s\u00e9ggel \u2014 eleg\u00e1ns v\u00e1laszt\u00e1s modern bels\u0151 terekbe.<\/p>\n<ul>\n<li data-start=\"397\" data-end=\"426\">\n<p data-start=\"399\" data-end=\"426\"><strong data-start=\"399\" data-end=\"408\">M\u00e9ret<\/strong>: 2800 \u00d7 1230 mm<\/p>\n<\/li>\n<li data-start=\"427\" data-end=\"450\">\n<p data-start=\"429\" data-end=\"450\"><strong data-start=\"429\" data-end=\"442\">Vastags\u00e1g<\/strong>: 4 mm<\/p>\n<\/li>\n<\/ul>","protected":false},"featured_media":19911,"comment_status":"open","ping_status":"closed","template":"","meta":[],"product_brand":[],"product_cat":[476],"product_tag":[],"class_list":{"0":"post-19638","1":"product","2":"type-product","3":"status-publish","4":"has-post-thumbnail","6":"product_cat-spc-falburkolat","7":"product_shipping_class-falpanel-szallitas","9":"first","10":"instock","11":"taxable","12":"shipping-taxable","13":"purchasable","14":"product-type-simple"},"_links":{"self":[{"href":"https:\/\/qwallz.eu\/sk\/wp-json\/wp\/v2\/product\/19638","targetHints":{"allow":["GET"]}}],"collection":[{"href":"https:\/\/qwallz.eu\/sk\/wp-json\/wp\/v2\/product"}],"about":[{"href":"https:\/\/qwallz.eu\/sk\/wp-json\/wp\/v2\/types\/product"}],"replies":[{"embeddable":true,"href":"https:\/\/qwallz.eu\/sk\/wp-json\/wp\/v2\/comments?post=19638"}],"version-history":[{"count":2,"href":"https:\/\/qwallz.eu\/sk\/wp-json\/wp\/v2\/product\/19638\/revisions"}],"predecessor-version":[{"id":23113,"href":"https:\/\/qwallz.eu\/sk\/wp-json\/wp\/v2\/product\/19638\/revisions\/23113"}],"wp:featuredmedia":[{"embeddable":true,"href":"https:\/\/qwallz.eu\/sk\/wp-json\/wp\/v2\/media\/19911"}],"wp:attachment":[{"href":"https:\/\/qwallz.eu\/sk\/wp-json\/wp\/v2\/media?parent=19638"}],"wp:term":[{"taxonomy":"product_brand","embeddable":true,"href":"https:\/\/qwallz.eu\/sk\/wp-json\/wp\/v2\/product_brand?post=19638"},{"taxonomy":"product_cat","embeddable":true,"href":"https:\/\/qwallz.eu\/sk\/wp-json\/wp\/v2\/product_cat?post=19638"},{"taxonomy":"product_tag","embeddable":true,"href":"https:\/\/qwallz.eu\/sk\/wp-json\/wp\/v2\/product_tag?post=19638"}],"curies":[{"name":"wp","href":"https:\/\/api.w.org\/{rel}","templated":true}]}}