{"id":19800,"date":"2025-09-02T13:00:59","date_gmt":"2025-09-02T11:00:59","guid":{"rendered":"https:\/\/qwallz.eu\/?post_type=product&#038;p=19800"},"modified":"2026-04-21T13:03:35","modified_gmt":"2026-04-21T11:03:35","slug":"spc-falpanel-concrete-r109","status":"publish","type":"product","link":"https:\/\/qwallz.eu\/sk\/product\/spc-falpanel-concrete-r109\/","title":{"rendered":"Concrete SPC falpanel R109"},"content":{"rendered":"<p data-start=\"203\" data-end=\"269\"><strong data-start=\"203\" data-end=\"269\">R109 Concrete \u2013 robusztus, modern betonhat\u00e1s\u00fa SPC falpanel<\/strong><\/p>\n<ul>\n<li data-start=\"397\" data-end=\"426\">\n<p data-start=\"399\" data-end=\"426\"><strong data-start=\"399\" data-end=\"408\">M\u00e9ret<\/strong>: 2800 \u00d7 1230 mm<\/p>\n<\/li>\n<li data-start=\"427\" data-end=\"450\">\n<p data-start=\"429\" data-end=\"450\"><strong data-start=\"429\" data-end=\"442\">Vastags\u00e1g<\/strong>: 4 mm<\/p>\n<\/li>\n<\/ul>\n<p data-start=\"271\" data-end=\"596\">A <strong data-start=\"273\" data-end=\"294\">R109 Concrete <\/strong>Rocko SPC falpanel ide\u00e1lis v\u00e1laszt\u00e1s azok sz\u00e1m\u00e1ra, akik az ipari st\u00edlust szeretn\u00e9k elhozni otthonukba vagy \u00fczleti tereikbe. A 2800 \u00d7 1230 mm-es form\u00e1tum \u00e9s 4 mm-es vastags\u00e1g lehet\u0151v\u00e9 teszi a l\u00e1tv\u00e1nyos, a t\u00e9r hangulat\u00e1t meghat\u00e1roz\u00f3 falfel\u00fcletek kialak\u00edt\u00e1s\u00e1t.<\/p>\n<p data-start=\"598\" data-end=\"875\">A fel\u00fclet digit\u00e1lisan nyomtatott betonhat\u00e1s\u00e1val a falpanel hitelesen id\u00e9zi a term\u00e9szetes cementes megjelen\u00e9st \u2014 a durva, h\u0171v\u00f6s \u00e9rz\u00e9st meleg, modern eleganci\u00e1ra hangolva. A fel\u00fclet sima \u00e9s letisztult, m\u00e9gis term\u00e9szetes \u00e9s nyers hat\u00e1st kelt.<\/p>\n<p data-start=\"877\" data-end=\"931\"><strong data-start=\"877\" data-end=\"931\">Mi\u00e9rt \u00e9rdemes v\u00e1lasztani a Concrete falpanelt?<\/strong><\/p>\n<ul data-start=\"933\" data-end=\"1812\">\n<li data-start=\"933\" data-end=\"1076\">\n<p data-start=\"935\" data-end=\"1076\"><strong data-start=\"935\" data-end=\"967\">V\u00edz\u00e1ll\u00f3, strapab\u00edr\u00f3 kivitel:<\/strong> Ide\u00e1lis f\u00fcrd\u0151szob\u00e1kba, konyh\u00e1kba vagy m\u00e1s nedves helyis\u00e9gek falaira<\/p>\n<\/li>\n<li data-start=\"1077\" data-end=\"1211\">\n<p data-start=\"1079\" data-end=\"1211\"><strong data-start=\"1079\" data-end=\"1122\">Karc- \u00e9s folt\u00e1ll\u00f3, k\u00f6nnyen tiszt\u00edthat\u00f3:<\/strong> Hossz\u00fa t\u00e1von is meg\u0151rzi eszt\u00e9tikus megjelen\u00e9s\u00e9t<\/p>\n<\/li>\n<li data-start=\"1212\" data-end=\"1390\">\n<p data-start=\"1214\" data-end=\"1390\"><strong data-start=\"1214\" data-end=\"1260\">M\u00e9reteiben stabil, deform\u00e1l\u00f3d\u00e1st\u00f3l mentes:<\/strong> Az SPC (Stone Plastic Composite) technol\u00f3gi\u00e1nak k\u00f6sz\u00f6nhet\u0151en tart\u00f3s, megb\u00edzhat\u00f3 megold\u00e1s<\/p>\n<\/li>\n<li data-start=\"1391\" data-end=\"1557\">\n<p data-start=\"1393\" data-end=\"1557\"><strong data-start=\"1393\" data-end=\"1429\">Puha tapint\u00e1s, digit\u00e1lis design:<\/strong> K\u00fcl\u00f6nleges \u00e9lm\u00e9nyt ny\u00fajt, \u00e9s a modern fel\u00fcletkezel\u00e9s hozz\u00e1tesz a letisztult kin\u00e9zethez<\/p>\n<\/li>\n<li data-start=\"1558\" data-end=\"1677\">\n<p data-start=\"1560\" data-end=\"1677\"><strong data-start=\"1560\" data-end=\"1585\">K\u00f6nny\u0171 szerelhet\u0151s\u00e9g:<\/strong> Gyors, prec\u00edz \u00e9s tiszta kivitelez\u00e9st tesz lehet\u0151v\u00e9<\/p>\n<\/li>\n<li data-start=\"1678\" data-end=\"1812\">\n<p data-start=\"1680\" data-end=\"1812\"><strong data-start=\"1680\" data-end=\"1703\">T\u0171z\u00e1ll\u00f3 \u00e9s UV-\u00e1ll\u00f3:<\/strong> Biztons\u00e1got \u00e9s sz\u00ednkonzisztenci\u00e1t ny\u00fajt hosszan tart\u00f3 haszn\u00e1lat sor\u00e1n<\/p>\n<\/li>\n<\/ul>\n<p data-start=\"1814\" data-end=\"1851\"><strong data-start=\"1814\" data-end=\"1851\">Javasolt felhaszn\u00e1l\u00e1si ter\u00fcletek:<\/strong><\/p>\n<ul data-start=\"1853\" data-end=\"2120\">\n<li data-start=\"1853\" data-end=\"1941\">\n<p data-start=\"1855\" data-end=\"1941\"><strong data-start=\"1855\" data-end=\"1879\">F\u00fcrd\u0151szoba \u00e9s konyha<\/strong> \u2013 eleg\u00e1ns, m\u00e9gis ellen\u00e1ll\u00f3 falmegold\u00e1s nedves k\u00f6rnyezetben<\/p>\n<\/li>\n<li data-start=\"1942\" data-end=\"2019\">\n<p data-start=\"1944\" data-end=\"2019\"><strong data-start=\"1944\" data-end=\"1976\">Nappali vagy dolgoz\u00f3helyis\u00e9g<\/strong> \u2013 modern, ipari st\u00edlus\u00fa falfel\u00fcletekhez<\/p>\n<\/li>\n<li data-start=\"2020\" data-end=\"2120\">\n<p data-start=\"2022\" data-end=\"2120\"><strong data-start=\"2022\" data-end=\"2054\">\u00dczleti \u00e9s kereskedelmi terek<\/strong> \u2013 tetszet\u0151s, letisztult h\u00e1tt\u00e9r a minimalista diz\u00e1jnt kedvel\u0151knek<\/p>\n<\/li>\n<\/ul>\n<p data-start=\"2122\" data-end=\"2150\"><strong data-start=\"2122\" data-end=\"2150\">Id\u0151t\u00e1ll\u00f3 ipari elegancia<\/strong><\/p>\n<p data-start=\"2152\" data-end=\"2426\">A Rocko SPC falpanelek \u2013 k\u00f6zt\u00fck az R109 Concrete \u2013 egyszerre \u00f6tv\u00f6zik a k\u0151 term\u00e9szetes eszt\u00e9tik\u00e1j\u00e1t \u00e9s a modern kompozit anyag ny\u00fajtotta el\u0151ny\u00f6ket. Ez a falpanel minden tekintetben pr\u00e9mium min\u0151s\u00e9get k\u00e9pvisel: letisztults\u00e1got, tart\u00f3ss\u00e1got \u00e9s k\u00f6nny\u0171 haszn\u00e1lhat\u00f3s\u00e1got k\u00edn\u00e1l.<\/p>","protected":false},"excerpt":{"rendered":"<p>Az R109 Concrete egy pr\u00e9mium SPC falpanel, matt k\u0151hat\u00e1s\u00fa fel\u00fclettel, amely v\u00edz- \u00e9s karc\u00e1ll\u00f3, k\u00f6nnyen tiszt\u00edthat\u00f3, \u00e9s eleg\u00e1ns megjelen\u00e9st biztos\u00edt minden t\u00e9rben.<\/p>\n<ul>\n<li data-start=\"397\" data-end=\"426\">\n<p data-start=\"399\" data-end=\"426\"><strong data-start=\"399\" data-end=\"408\">M\u00e9ret<\/strong>: 2800 \u00d7 1230 mm<\/p>\n<\/li>\n<li data-start=\"427\" data-end=\"450\">\n<p data-start=\"429\" data-end=\"450\"><strong data-start=\"429\" data-end=\"442\">Vastags\u00e1g<\/strong>: 4 mm<\/p>\n<\/li>\n<\/ul>","protected":false},"featured_media":19801,"comment_status":"open","ping_status":"closed","template":"","meta":[],"product_brand":[],"product_cat":[476],"product_tag":[],"class_list":{"0":"post-19800","1":"product","2":"type-product","3":"status-publish","4":"has-post-thumbnail","6":"product_cat-spc-falburkolat","7":"product_shipping_class-falpanel-szallitas","9":"first","10":"instock","11":"taxable","12":"shipping-taxable","13":"purchasable","14":"product-type-simple"},"_links":{"self":[{"href":"https:\/\/qwallz.eu\/sk\/wp-json\/wp\/v2\/product\/19800","targetHints":{"allow":["GET"]}}],"collection":[{"href":"https:\/\/qwallz.eu\/sk\/wp-json\/wp\/v2\/product"}],"about":[{"href":"https:\/\/qwallz.eu\/sk\/wp-json\/wp\/v2\/types\/product"}],"replies":[{"embeddable":true,"href":"https:\/\/qwallz.eu\/sk\/wp-json\/wp\/v2\/comments?post=19800"}],"version-history":[{"count":3,"href":"https:\/\/qwallz.eu\/sk\/wp-json\/wp\/v2\/product\/19800\/revisions"}],"predecessor-version":[{"id":24826,"href":"https:\/\/qwallz.eu\/sk\/wp-json\/wp\/v2\/product\/19800\/revisions\/24826"}],"wp:featuredmedia":[{"embeddable":true,"href":"https:\/\/qwallz.eu\/sk\/wp-json\/wp\/v2\/media\/19801"}],"wp:attachment":[{"href":"https:\/\/qwallz.eu\/sk\/wp-json\/wp\/v2\/media?parent=19800"}],"wp:term":[{"taxonomy":"product_brand","embeddable":true,"href":"https:\/\/qwallz.eu\/sk\/wp-json\/wp\/v2\/product_brand?post=19800"},{"taxonomy":"product_cat","embeddable":true,"href":"https:\/\/qwallz.eu\/sk\/wp-json\/wp\/v2\/product_cat?post=19800"},{"taxonomy":"product_tag","embeddable":true,"href":"https:\/\/qwallz.eu\/sk\/wp-json\/wp\/v2\/product_tag?post=19800"}],"curies":[{"name":"wp","href":"https:\/\/api.w.org\/{rel}","templated":true}]}}