{"id":19856,"date":"2025-09-04T13:04:13","date_gmt":"2025-09-04T11:04:13","guid":{"rendered":"https:\/\/qwallz.eu\/?post_type=product&#038;p=19856"},"modified":"2026-04-21T13:02:54","modified_gmt":"2026-04-21T11:02:54","slug":"spc-falpanel-crema-valpolicella-r119","status":"publish","type":"product","link":"https:\/\/qwallz.eu\/sk\/product\/spc-falpanel-crema-valpolicella-r119\/","title":{"rendered":"Crema Valpolicella SPC falpanel R119"},"content":{"rendered":"<p data-start=\"0\" data-end=\"63\"><strong>R119 Crema Valpolicella \u2013 pr\u00e9mium k\u0151hat\u00e1s\u00fa SPC falpanel<\/strong><\/p>\n<ul>\n<li data-start=\"397\" data-end=\"426\">\n<p data-start=\"399\" data-end=\"426\"><strong data-start=\"399\" data-end=\"408\">M\u00e9ret<\/strong>: 2800 \u00d7 1230 mm<\/p>\n<\/li>\n<li data-start=\"427\" data-end=\"450\">\n<p data-start=\"429\" data-end=\"450\"><strong data-start=\"429\" data-end=\"442\">Vastags\u00e1g<\/strong>: 4 mm<\/p>\n<\/li>\n<\/ul>\n<p data-start=\"65\" data-end=\"215\"><span class=\"relative -mx-px my-[-0.2rem] rounded px-px py-[0.2rem] transition-colors duration-100 ease-in-out\">A <strong data-start=\"2\" data-end=\"31\">R119 Crema Valpolicella <\/strong>falpanel az SPC pr\u00e9mium kollekci\u00f3 egyik kiemelked\u0151 darabja, amely a term\u00e9szetes k\u0151 eleganci\u00e1j\u00e1t \u00f6tv\u00f6zi a modern technol\u00f3gia el\u0151nyeivel.<\/span> <span class=\"relative -mx-px my-[-0.2rem] rounded px-px py-[0.2rem] transition-colors duration-100 ease-in-out\">A 2800 \u00d7 1230 mm-es m\u00e9ret\u00e9vel \u00e9s 4 mm-es vastags\u00e1g\u00e1val ide\u00e1lis v\u00e1laszt\u00e1s otthonok, irod\u00e1k \u00e9s kereskedelmi terek falburkol\u00e1s\u00e1hoz.<\/span><\/p>\n<p data-start=\"217\" data-end=\"265\"><strong data-start=\"217\" data-end=\"265\">Mi\u00e9rt v\u00e1lassza a <span class=\"relative -mx-px my-[-0.2rem] rounded px-px py-[0.2rem] transition-colors duration-100 ease-in-out\">Crema Valpolicella<\/span> falpanelt?<\/strong><\/p>\n<ul data-start=\"267\" data-end=\"720\">\n<li data-start=\"267\" data-end=\"332\">\n<p data-start=\"269\" data-end=\"332\"><strong data-start=\"269\" data-end=\"292\">K\u0151hat\u00e1s\u00fa fel\u00fclet<\/strong> \u2013 <span class=\"relative -mx-px my-[-0.2rem] rounded px-px py-[0.2rem] transition-colors duration-100 ease-in-out\">a finom, kr\u00e9m t\u00f3nus\u00fa mint\u00e1zat eleganci\u00e1t \u00e9s luxust sug\u00e1roz.<\/span><\/p>\n<\/li>\n<li data-start=\"333\" data-end=\"411\">\n<p data-start=\"335\" data-end=\"411\"><strong data-start=\"335\" data-end=\"369\">V\u00edz\u00e1ll\u00f3 \u00e9s k\u00f6nnyen tiszt\u00edthat\u00f3<\/strong> \u2013 <span class=\"relative -mx-px my-[-0.2rem] rounded px-px py-[0.2rem] transition-colors duration-100 ease-in-out\">a fel\u00fclet ellen\u00e1ll a v\u00edznek, foltoknak \u00e9s egyszer\u0171en karbantarthat\u00f3.<\/span><\/p>\n<\/li>\n<li data-start=\"412\" data-end=\"483\">\n<p data-start=\"414\" data-end=\"483\"><strong data-start=\"414\" data-end=\"441\">Karc\u00e1ll\u00f3 \u00e9s m\u00e9ret stabil<\/strong> \u2013 <span class=\"relative -mx-px my-[-0.2rem] rounded px-px py-[0.2rem] transition-colors duration-100 ease-in-out\">hossz\u00fa t\u00e1von meg\u0151rzi hib\u00e1tlan megjelen\u00e9s\u00e9t.<\/span><\/p>\n<\/li>\n<li data-start=\"547\" data-end=\"613\">\n<p data-start=\"549\" data-end=\"613\"><strong data-start=\"549\" data-end=\"571\">Egyszer\u0171 telep\u00edt\u00e9s<\/strong> \u2013 <span class=\"relative -mx-px my-[-0.2rem] rounded px-px py-[0.2rem] transition-colors duration-100 ease-in-out\">gyors \u00e9s tiszta kivitelez\u00e9st tesz lehet\u0151v\u00e9.<\/span><\/p>\n<\/li>\n<li data-start=\"614\" data-end=\"720\">\n<p data-start=\"616\" data-end=\"720\"><strong data-start=\"616\" data-end=\"639\">Digit\u00e1lis nyomtat\u00e1s<\/strong> \u2013 <span class=\"relative -mx-px my-[-0.2rem] rounded px-px py-[0.2rem] transition-colors duration-100 ease-in-out\">\u00e9leth\u0171, r\u00e9szletgazdag mint\u00e1zat.<\/span><\/p>\n<\/li>\n<\/ul>\n<p data-start=\"722\" data-end=\"750\"><strong data-start=\"722\" data-end=\"750\">Felhaszn\u00e1l\u00e1si ter\u00fcletek:<\/strong><\/p>\n<p data-start=\"752\" data-end=\"830\"><span class=\"relative -mx-px my-[-0.2rem] rounded px-px py-[0.2rem] transition-colors duration-100 ease-in-out\">A Crema Valpolicella falpanel sokoldal\u00faan alkalmazhat\u00f3:<\/span><\/p>\n<ul data-start=\"832\" data-end=\"1146\">\n<li data-start=\"832\" data-end=\"894\">\n<p data-start=\"834\" data-end=\"894\"><strong data-start=\"834\" data-end=\"852\">F\u00fcrd\u0151szob\u00e1kban<\/strong> \u2013 <span class=\"relative -mx-px my-[-0.2rem] rounded px-px py-[0.2rem] transition-colors duration-100 ease-in-out\">eleg\u00e1ns \u00e9s v\u00edz\u00e1ll\u00f3 burkolatk\u00e9nt.<\/span><\/p>\n<\/li>\n<li data-start=\"895\" data-end=\"953\">\n<p data-start=\"897\" data-end=\"953\"><strong data-start=\"897\" data-end=\"911\">Konyh\u00e1kban<\/strong> \u2013 <span class=\"relative -mx-px my-[-0.2rem] rounded px-px py-[0.2rem] transition-colors duration-100 ease-in-out\">st\u00edlusos h\u00e1tfalk\u00e9nt.<\/span><\/p>\n<\/li>\n<li data-start=\"954\" data-end=\"1030\">\n<p data-start=\"956\" data-end=\"1030\"><strong data-start=\"956\" data-end=\"988\">Nappalikban \u00e9s h\u00e1l\u00f3szob\u00e1kban<\/strong> \u2013 <span class=\"relative -mx-px my-[-0.2rem] rounded px-px py-[0.2rem] transition-colors duration-100 ease-in-out\">dekorat\u00edv falfel\u00fcletk\u00e9nt.<\/span><\/p>\n<\/li>\n<li data-start=\"1031\" data-end=\"1146\">\n<p data-start=\"1033\" data-end=\"1146\"><strong data-start=\"1033\" data-end=\"1065\">\u00dczleti terekben \u00e9s irod\u00e1kban<\/strong> \u2013 <span class=\"relative -mx-px my-[-0.2rem] rounded px-px py-[0.2rem] transition-colors duration-100 ease-in-out\">kiemelked\u0151 vizu\u00e1lis hat\u00e1st biztos\u00edtva.<\/span><\/p>\n<\/li>\n<\/ul>\n<p data-start=\"1148\" data-end=\"1180\"><strong data-start=\"1148\" data-end=\"1180\">Id\u0151t\u00e1ll\u00f3 st\u00edlus \u00e9s tart\u00f3ss\u00e1g<\/strong><\/p>\n<p data-start=\"1182\" data-end=\"1340\"><span class=\"relative -mx-px my-[-0.2rem] rounded px-px py-[0.2rem] transition-colors duration-100 ease-in-out\">Az SPC falpanelek \u2013 k\u00f6zt\u00fck a Crema Valpolicella\u2013 a term\u00e9szetes k\u0151 el\u0151nyeit \u00f6tv\u00f6zik a modern kompozit anyagokkal.<\/span> <span class=\"relative -mx-px my-[-0.2rem] rounded px-px py-[0.2rem] transition-colors duration-100 ease-in-out\">Ez\u00e1ltal pr\u00e9mium min\u0151s\u00e9g\u0171, tart\u00f3s \u00e9s eszt\u00e9tikus falburkolatot k\u00edn\u00e1lnak.<\/span> <span class=\"relative -mx-px my-[-0.2rem] rounded px-px py-[0.2rem] transition-colors duration-100 ease-in-out\">A R119 Crema Valpolicella t\u00f6k\u00e9letes v\u00e1laszt\u00e1s mindazoknak, akik szeretn\u00e9k otthonukat vagy munkahely\u00fcket eleg\u00e1nss\u00e1 \u00e9s ig\u00e9nyess\u00e9 tenni.<\/span><\/p>\n","protected":false},"excerpt":{"rendered":"<p>Az R119\u00a0<span class=\"relative -mx-px my-[-0.2rem] rounded px-px py-[0.2rem] transition-colors duration-100 ease-in-out\">Crema Valpolicella<\/span> egy pr\u00e9mium SPC falpanel, k\u0151hat\u00e1s\u00fa fel\u00fclettel, amely v\u00edz- \u00e9s karc\u00e1ll\u00f3, k\u00f6nnyen tiszt\u00edthat\u00f3, \u00e9s eleg\u00e1ns megjelen\u00e9st biztos\u00edt minden t\u00e9rben.<\/p>\n<ul>\n<li data-start=\"397\" data-end=\"426\">\n<p data-start=\"399\" data-end=\"426\"><strong data-start=\"399\" data-end=\"408\">M\u00e9ret<\/strong>: 2800 \u00d7 1230 mm<\/p>\n<\/li>\n<li data-start=\"427\" data-end=\"450\">\n<p data-start=\"429\" data-end=\"450\"><strong data-start=\"429\" data-end=\"442\">Vastags\u00e1g<\/strong>: 4 mm<\/p>\n<\/li>\n<\/ul>\n","protected":false},"featured_media":19894,"comment_status":"open","ping_status":"closed","template":"","meta":[],"product_brand":[],"product_cat":[476],"product_tag":[],"class_list":{"0":"post-19856","1":"product","2":"type-product","3":"status-publish","4":"has-post-thumbnail","6":"product_cat-spc-falburkolat","7":"product_shipping_class-falpanel-szallitas","9":"first","10":"instock","11":"taxable","12":"shipping-taxable","13":"purchasable","14":"product-type-simple"},"_links":{"self":[{"href":"https:\/\/qwallz.eu\/sk\/wp-json\/wp\/v2\/product\/19856","targetHints":{"allow":["GET"]}}],"collection":[{"href":"https:\/\/qwallz.eu\/sk\/wp-json\/wp\/v2\/product"}],"about":[{"href":"https:\/\/qwallz.eu\/sk\/wp-json\/wp\/v2\/types\/product"}],"replies":[{"embeddable":true,"href":"https:\/\/qwallz.eu\/sk\/wp-json\/wp\/v2\/comments?post=19856"}],"version-history":[{"count":3,"href":"https:\/\/qwallz.eu\/sk\/wp-json\/wp\/v2\/product\/19856\/revisions"}],"predecessor-version":[{"id":24821,"href":"https:\/\/qwallz.eu\/sk\/wp-json\/wp\/v2\/product\/19856\/revisions\/24821"}],"wp:featuredmedia":[{"embeddable":true,"href":"https:\/\/qwallz.eu\/sk\/wp-json\/wp\/v2\/media\/19894"}],"wp:attachment":[{"href":"https:\/\/qwallz.eu\/sk\/wp-json\/wp\/v2\/media?parent=19856"}],"wp:term":[{"taxonomy":"product_brand","embeddable":true,"href":"https:\/\/qwallz.eu\/sk\/wp-json\/wp\/v2\/product_brand?post=19856"},{"taxonomy":"product_cat","embeddable":true,"href":"https:\/\/qwallz.eu\/sk\/wp-json\/wp\/v2\/product_cat?post=19856"},{"taxonomy":"product_tag","embeddable":true,"href":"https:\/\/qwallz.eu\/sk\/wp-json\/wp\/v2\/product_tag?post=19856"}],"curies":[{"name":"wp","href":"https:\/\/api.w.org\/{rel}","templated":true}]}}