{"id":19864,"date":"2025-09-04T14:29:09","date_gmt":"2025-09-04T12:29:09","guid":{"rendered":"https:\/\/qwallz.eu\/?post_type=product&#038;p=19864"},"modified":"2026-04-21T13:02:48","modified_gmt":"2026-04-21T11:02:48","slug":"spc-falpanel-elphain-r155","status":"publish","type":"product","link":"https:\/\/qwallz.eu\/sk\/product\/spc-falpanel-elphain-r155\/","title":{"rendered":"Elphain SPC falpanel R155"},"content":{"rendered":"<p data-start=\"278\" data-end=\"676\"><strong data-start=\"278\" data-end=\"379\">A R155 Elphain SPC falpanel a modern otthonok \u00e9s \u00fczleti terek eleg\u00e1ns, id\u0151t\u00e1ll\u00f3 megold\u00e1sa.<\/strong><\/p>\n<ul>\n<li data-start=\"397\" data-end=\"426\">\n<p data-start=\"399\" data-end=\"426\"><strong data-start=\"399\" data-end=\"408\">M\u00e9ret<\/strong>: 2800 \u00d7 1230 mm<\/p>\n<\/li>\n<li data-start=\"427\" data-end=\"450\">\n<p data-start=\"429\" data-end=\"450\"><strong data-start=\"429\" data-end=\"442\">Vastags\u00e1g<\/strong>: 4 mm<\/p>\n<\/li>\n<\/ul>\n<p data-start=\"278\" data-end=\"676\">2800 \u00d7 1230 mm-es m\u00e9ret\u00e9vel \u00e9s 4 mm-es vastags\u00e1g\u00e1val l\u00e1tv\u00e1nyos falfel\u00fcletek kialak\u00edt\u00e1s\u00e1t teszi lehet\u0151v\u00e9. A m\u00e1rv\u00e1nyhat\u00e1s\u00fa fel\u00fclet a term\u00e9szetes k\u0151 exkluz\u00edv megjelen\u00e9s\u00e9t id\u00e9zi, mik\u00f6zben a digit\u00e1lis nyomtat\u00e1snak k\u00f6sz\u00f6nhet\u0151en rendk\u00edv\u00fcl \u00e9leth\u0171 \u00e9s r\u00e9szletgazdag mint\u00e1zattal rendelkezik.<\/p>\n<p data-start=\"678\" data-end=\"732\"><strong data-start=\"678\" data-end=\"730\">Mi\u00e9rt v\u00e1lassza az R155 Elphain SPC falpanelt?<\/strong><\/p>\n<ul data-start=\"733\" data-end=\"1274\">\n<li data-start=\"733\" data-end=\"807\">\n<p data-start=\"735\" data-end=\"807\"><strong data-start=\"735\" data-end=\"761\">M\u00e1rv\u00e1nyhat\u00e1s\u00fa falpanel<\/strong> \u2013 luxus \u00e9s elegancia kompromisszumok n\u00e9lk\u00fcl<\/p>\n<\/li>\n<li data-start=\"808\" data-end=\"897\">\n<p data-start=\"810\" data-end=\"897\"><strong data-start=\"810\" data-end=\"833\">V\u00edz\u00e1ll\u00f3 falburkolat<\/strong> \u2013 ide\u00e1lis f\u00fcrd\u0151szob\u00e1kba, konyh\u00e1kba \u00e9s m\u00e1s nedves helyis\u00e9gekbe<\/p>\n<\/li>\n<li data-start=\"898\" data-end=\"982\">\n<p data-start=\"900\" data-end=\"982\"><strong data-start=\"900\" data-end=\"921\">Karc- \u00e9s folt\u00e1ll\u00f3<\/strong> \u2013 a fel\u00fclet hossz\u00fa \u00e9veken \u00e1t meg\u0151rzi hib\u00e1tlan megjelen\u00e9s\u00e9t<\/p>\n<\/li>\n<li data-start=\"983\" data-end=\"1068\">\n<p data-start=\"985\" data-end=\"1068\"><strong data-start=\"985\" data-end=\"1010\">M\u00e9ret stabil SPC panel<\/strong> \u2013 nem vetemedik, mindig t\u00f6k\u00e9letes illeszked\u00e9st biztos\u00edt<\/p>\n<\/li>\n<li data-start=\"1069\" data-end=\"1137\">\n<p data-start=\"1071\" data-end=\"1137\"><strong data-start=\"1071\" data-end=\"1094\">K\u00f6nnyen tiszt\u00edthat\u00f3<\/strong> \u2013 egyszer\u0171 karbantart\u00e1s a mindennapokban<\/p>\n<\/li>\n<li data-start=\"1204\" data-end=\"1274\">\n<p data-start=\"1206\" data-end=\"1274\"><strong data-start=\"1206\" data-end=\"1232\">Egyszer\u0171 szerelhet\u0151s\u00e9g<\/strong> \u2013 gyors, tiszta \u00e9s hat\u00e9kony kivitelez\u00e9s<\/p>\n<\/li>\n<\/ul>\n<p data-start=\"1276\" data-end=\"1354\"><strong data-start=\"1276\" data-end=\"1303\">Felhaszn\u00e1l\u00e1si ter\u00fcletek<\/strong><\/p>\n<p data-start=\"1276\" data-end=\"1354\">A Elphain SPC falpanel sokoldal\u00fa megold\u00e1s:<\/p>\n<ul data-start=\"1355\" data-end=\"1589\">\n<li data-start=\"1355\" data-end=\"1398\">\n<p data-start=\"1357\" data-end=\"1398\">modern <strong data-start=\"1364\" data-end=\"1395\">f\u00fcrd\u0151szobai falburkolatk\u00e9nt<\/strong>,<\/p>\n<\/li>\n<li data-start=\"1399\" data-end=\"1440\">\n<p data-start=\"1401\" data-end=\"1440\">st\u00edlusos <strong data-start=\"1410\" data-end=\"1437\">konyhai falipanelk\u00e9nt<\/strong>,<\/p>\n<\/li>\n<li data-start=\"1441\" data-end=\"1504\">\n<p data-start=\"1443\" data-end=\"1504\">eleg\u00e1ns <strong data-start=\"1451\" data-end=\"1501\">nappali vagy h\u00e1l\u00f3szobai dekor\u00e1ci\u00f3s fel\u00fcletk\u00e9nt<\/strong>,<\/p>\n<\/li>\n<li data-start=\"1505\" data-end=\"1589\">\n<p data-start=\"1507\" data-end=\"1589\">illetve <strong data-start=\"1515\" data-end=\"1547\">\u00fczleti terekben \u00e9s irod\u00e1kban<\/strong> is kiemelked\u0151 vizu\u00e1lis hat\u00e1st biztos\u00edt.<\/p>\n<\/li>\n<\/ul>\n<p data-start=\"1591\" data-end=\"1935\"><strong data-start=\"1591\" data-end=\"1622\">Id\u0151tlen st\u00edlus \u00e9s tart\u00f3ss\u00e1g<\/strong><br data-start=\"1622\" data-end=\"1625\" \/>Az SPC technol\u00f3gia \u00f6tv\u00f6zi a term\u00e9szetes k\u0151 el\u0151nyeit a modern kompozit anyagokkal. Az eredm\u00e9ny egy pr\u00e9mium min\u0151s\u00e9g\u0171 falburkolat, amely egyszerre praktikus, ellen\u00e1ll\u00f3 \u00e9s l\u00e1tv\u00e1nyos. Az R155 Elphain t\u00f6k\u00e9letes v\u00e1laszt\u00e1s mindazoknak, akik szeretn\u00e9k otthonukat vagy munkahely\u00fcket k\u00fcl\u00f6nlegess\u00e9 \u00e9s ig\u00e9nyess\u00e9 tenni.<\/p>","protected":false},"excerpt":{"rendered":"<p>Az R155 Elphain egy pr\u00e9mium SPC falpanel, m\u00e1rv\u00e1nyhat\u00e1s\u00fa fel\u00fclettel, amely v\u00edz- \u00e9s karc\u00e1ll\u00f3, k\u00f6nnyen tiszt\u00edthat\u00f3, \u00e9s eleg\u00e1ns megjelen\u00e9st biztos\u00edt minden t\u00e9rben.<\/p>\n<ul>\n<li data-start=\"397\" data-end=\"426\">\n<p data-start=\"399\" data-end=\"426\"><strong data-start=\"399\" data-end=\"408\">M\u00e9ret<\/strong>: 2800 \u00d7 1230 mm<\/p>\n<\/li>\n<li data-start=\"427\" data-end=\"450\">\n<p data-start=\"429\" data-end=\"450\"><strong data-start=\"429\" data-end=\"442\">Vastags\u00e1g<\/strong>: 4 mm<\/p>\n<\/li>\n<\/ul>","protected":false},"featured_media":19869,"comment_status":"open","ping_status":"closed","template":"","meta":[],"product_brand":[],"product_cat":[476],"product_tag":[],"class_list":{"0":"post-19864","1":"product","2":"type-product","3":"status-publish","4":"has-post-thumbnail","6":"product_cat-spc-falburkolat","7":"product_shipping_class-falpanel-szallitas","9":"first","10":"instock","11":"taxable","12":"shipping-taxable","13":"purchasable","14":"product-type-simple"},"_links":{"self":[{"href":"https:\/\/qwallz.eu\/sk\/wp-json\/wp\/v2\/product\/19864","targetHints":{"allow":["GET"]}}],"collection":[{"href":"https:\/\/qwallz.eu\/sk\/wp-json\/wp\/v2\/product"}],"about":[{"href":"https:\/\/qwallz.eu\/sk\/wp-json\/wp\/v2\/types\/product"}],"replies":[{"embeddable":true,"href":"https:\/\/qwallz.eu\/sk\/wp-json\/wp\/v2\/comments?post=19864"}],"version-history":[{"count":3,"href":"https:\/\/qwallz.eu\/sk\/wp-json\/wp\/v2\/product\/19864\/revisions"}],"predecessor-version":[{"id":24820,"href":"https:\/\/qwallz.eu\/sk\/wp-json\/wp\/v2\/product\/19864\/revisions\/24820"}],"wp:featuredmedia":[{"embeddable":true,"href":"https:\/\/qwallz.eu\/sk\/wp-json\/wp\/v2\/media\/19869"}],"wp:attachment":[{"href":"https:\/\/qwallz.eu\/sk\/wp-json\/wp\/v2\/media?parent=19864"}],"wp:term":[{"taxonomy":"product_brand","embeddable":true,"href":"https:\/\/qwallz.eu\/sk\/wp-json\/wp\/v2\/product_brand?post=19864"},{"taxonomy":"product_cat","embeddable":true,"href":"https:\/\/qwallz.eu\/sk\/wp-json\/wp\/v2\/product_cat?post=19864"},{"taxonomy":"product_tag","embeddable":true,"href":"https:\/\/qwallz.eu\/sk\/wp-json\/wp\/v2\/product_tag?post=19864"}],"curies":[{"name":"wp","href":"https:\/\/api.w.org\/{rel}","templated":true}]}}