{"id":19878,"date":"2025-09-05T11:20:49","date_gmt":"2025-09-05T09:20:49","guid":{"rendered":"https:\/\/qwallz.eu\/?post_type=product&#038;p=19878"},"modified":"2026-04-21T13:02:41","modified_gmt":"2026-04-21T11:02:41","slug":"spc-falpanel-greige-r166","status":"publish","type":"product","link":"https:\/\/qwallz.eu\/sk\/product\/spc-falpanel-greige-r166\/","title":{"rendered":"Greige SPC falpanel R166"},"content":{"rendered":"<p data-start=\"204\" data-end=\"480\">A <strong data-start=\"206\" data-end=\"237\">R166 Greige SPC falpanel<\/strong>\u00a0a modern enteri\u0151r\u00f6k letisztult, eleg\u00e1ns megold\u00e1sa, amely t\u00f6k\u00e9letes harm\u00f3ni\u00e1t teremt a st\u00edlus \u00e9s a funkcionalit\u00e1s k\u00f6z\u00f6tt. Visszafogott sz\u00ednvil\u00e1ga id\u0151tlen megjelen\u00e9st biztos\u00edt, \u00edgy k\u00f6nnyed\u00e9n illeszkedik klasszikus \u00e9s modern terekhez egyar\u00e1nt.<\/p>\n<p data-start=\"482\" data-end=\"531\"><strong data-start=\"482\" data-end=\"492\">M\u00e9ret:<\/strong> 2800 \u00d7 1230 mm<br data-start=\"507\" data-end=\"510\" \/><strong data-start=\"510\" data-end=\"524\">Vastags\u00e1g:<\/strong> 4 mm<\/p>\n<p data-start=\"533\" data-end=\"741\">A nagym\u00e9ret\u0171 paneleknek k\u00f6sz\u00f6nhet\u0151en gyorsan, h\u00e9zagmentesen alak\u00edthat\u00f3k ki l\u00e1tv\u00e1nyos falfel\u00fcletek. A digit\u00e1lis nyomtat\u00e1snak k\u00f6sz\u00f6nhet\u0151en k\u00fcl\u00f6n\u00f6sen eszt\u00e9tikus hat\u00e1st kelt.<\/p>\n<h3 data-start=\"748\" data-end=\"796\">Mi\u00e9rt v\u00e1lassza az R166 Greige SPC falpanelt?<\/h3>\n<ul data-start=\"798\" data-end=\"1293\">\n<li data-start=\"798\" data-end=\"882\">\n<p data-start=\"800\" data-end=\"882\"><strong data-start=\"800\" data-end=\"818\">Id\u0151tlen design<\/strong> \u2013 neutr\u00e1lis, eleg\u00e1ns \u00e1rnyalat, amely b\u00e1rmely enteri\u0151rbe illik<\/p>\n<\/li>\n<li data-start=\"883\" data-end=\"968\">\n<p data-start=\"885\" data-end=\"968\"><strong data-start=\"885\" data-end=\"896\">V\u00edz\u00e1ll\u00f3<\/strong> \u2013 ide\u00e1lis v\u00e1laszt\u00e1s f\u00fcrd\u0151szob\u00e1ba, konyh\u00e1ba \u00e9s m\u00e1s nedves helyis\u00e9gekbe<\/p>\n<\/li>\n<li data-start=\"969\" data-end=\"1043\">\n<p data-start=\"971\" data-end=\"1043\"><strong data-start=\"971\" data-end=\"992\">Karc- \u00e9s folt\u00e1ll\u00f3<\/strong> \u2013 hossz\u00fa t\u00e1von meg\u0151rzi kifog\u00e1stalan megjelen\u00e9s\u00e9t<\/p>\n<\/li>\n<li data-start=\"1044\" data-end=\"1119\">\n<p data-start=\"1046\" data-end=\"1119\"><strong data-start=\"1046\" data-end=\"1061\">M\u00e9retstabil<\/strong> \u2013 nem vetemedik, mindig t\u00f6k\u00e9letes illeszked\u00e9st biztos\u00edt<\/p>\n<\/li>\n<li data-start=\"1120\" data-end=\"1188\">\n<p data-start=\"1122\" data-end=\"1188\"><strong data-start=\"1122\" data-end=\"1145\">K\u00f6nnyen tiszt\u00edthat\u00f3<\/strong> \u2013 egyszer\u0171 karbantart\u00e1s a mindennapokban<\/p>\n<\/li>\n<li data-start=\"1189\" data-end=\"1293\">\n<p data-start=\"1191\" data-end=\"1293\"><strong data-start=\"1191\" data-end=\"1224\">Gyors \u00e9s tiszta szerelhet\u0151s\u00e9g<\/strong> \u2013 hat\u00e9kony kivitelez\u00e9s szakemberek \u00e9s otthoni fel\u00faj\u00edt\u00f3k sz\u00e1m\u00e1ra is<\/p>\n<\/li>\n<\/ul>\n<h3 data-start=\"1300\" data-end=\"1327\">Felhaszn\u00e1l\u00e1si ter\u00fcletek<\/h3>\n<p data-start=\"1329\" data-end=\"1388\">Az R166 Greige SPC falpanel sokoldal\u00fa burkolati megold\u00e1s:<\/p>\n<ul data-start=\"1390\" data-end=\"1613\">\n<li data-start=\"1390\" data-end=\"1429\">\n<p data-start=\"1392\" data-end=\"1429\">modern f\u00fcrd\u0151szobai falburkolatk\u00e9nt<\/p>\n<\/li>\n<li data-start=\"1430\" data-end=\"1475\">\n<p data-start=\"1432\" data-end=\"1475\">praktikus \u00e9s st\u00edlusos konyhai h\u00e1tfalk\u00e9nt<\/p>\n<\/li>\n<li data-start=\"1476\" data-end=\"1532\">\n<p data-start=\"1478\" data-end=\"1532\">nappalik \u00e9s h\u00e1l\u00f3szob\u00e1k eleg\u00e1ns dekor\u00e1ci\u00f3s elemek\u00e9nt<\/p>\n<\/li>\n<li data-start=\"1533\" data-end=\"1613\">\n<p data-start=\"1535\" data-end=\"1613\">irod\u00e1kban \u00e9s \u00fczleti terekben l\u00e1tv\u00e1nyos, professzion\u00e1lis megjelen\u00e9st ny\u00fajtva<\/p>\n<\/li>\n<\/ul>\n<h3 data-start=\"1620\" data-end=\"1651\">Id\u0151tlen st\u00edlus \u00e9s tart\u00f3ss\u00e1g<\/h3>\n<p data-start=\"1653\" data-end=\"2003\">Az <strong data-start=\"1656\" data-end=\"1675\">SPC technol\u00f3gia<\/strong> \u00f6tv\u00f6zi a term\u00e9szetes k\u0151 el\u0151nyeit a modern kompozit anyagokkal. Az eredm\u00e9ny egy pr\u00e9mium min\u0151s\u00e9g\u0171 falpanel, amely egyszerre strapab\u00edr\u00f3, v\u00edz\u00e1ll\u00f3 \u00e9s eszt\u00e9tikus. A Greige dekorsz\u00edn sokoldal\u00faan haszn\u00e1lhat\u00f3, \u00edgy azoknak aj\u00e1nlott, akik szeretn\u00e9nek otthonuknak vagy munkahely\u00fcknek egy letisztult, modern \u00e9s kifinomult hangulatot adni.<\/p>","protected":false},"excerpt":{"rendered":"<p>Az <strong data-start=\"77\" data-end=\"105\" data-is-only-node=\"\">R166 Greige SPC falpanel<\/strong> eleg\u00e1ns, v\u00edz\u00e1ll\u00f3 \u00e9s karc\u00e1ll\u00f3 megold\u00e1s modern otthonokhoz \u00e9s \u00fczleti terekhez. K\u00f6nnyen tiszt\u00edthat\u00f3 \u00e9s gyorsan szerelhet\u0151, \u00edgy f\u00fcrd\u0151szob\u00e1kba, konyh\u00e1kba \u00e9s nappalikba egyar\u00e1nt ide\u00e1lis v\u00e1laszt\u00e1s.<\/p>\n<ul>\n<li data-start=\"397\" data-end=\"426\">\n<p data-start=\"399\" data-end=\"426\"><strong data-start=\"399\" data-end=\"408\">M\u00e9ret<\/strong>: 2800 \u00d7 1230 mm<\/p>\n<\/li>\n<li data-start=\"427\" data-end=\"450\">\n<p data-start=\"429\" data-end=\"450\"><strong data-start=\"429\" data-end=\"442\">Vastags\u00e1g<\/strong>: 4 mm<\/p>\n<\/li>\n<\/ul>","protected":false},"featured_media":19880,"comment_status":"open","ping_status":"closed","template":"","meta":[],"product_brand":[],"product_cat":[476],"product_tag":[],"class_list":{"0":"post-19878","1":"product","2":"type-product","3":"status-publish","4":"has-post-thumbnail","6":"product_cat-spc-falburkolat","7":"product_shipping_class-falpanel-szallitas","9":"first","10":"instock","11":"taxable","12":"shipping-taxable","13":"purchasable","14":"product-type-simple"},"_links":{"self":[{"href":"https:\/\/qwallz.eu\/sk\/wp-json\/wp\/v2\/product\/19878","targetHints":{"allow":["GET"]}}],"collection":[{"href":"https:\/\/qwallz.eu\/sk\/wp-json\/wp\/v2\/product"}],"about":[{"href":"https:\/\/qwallz.eu\/sk\/wp-json\/wp\/v2\/types\/product"}],"replies":[{"embeddable":true,"href":"https:\/\/qwallz.eu\/sk\/wp-json\/wp\/v2\/comments?post=19878"}],"version-history":[{"count":3,"href":"https:\/\/qwallz.eu\/sk\/wp-json\/wp\/v2\/product\/19878\/revisions"}],"predecessor-version":[{"id":24818,"href":"https:\/\/qwallz.eu\/sk\/wp-json\/wp\/v2\/product\/19878\/revisions\/24818"}],"wp:featuredmedia":[{"embeddable":true,"href":"https:\/\/qwallz.eu\/sk\/wp-json\/wp\/v2\/media\/19880"}],"wp:attachment":[{"href":"https:\/\/qwallz.eu\/sk\/wp-json\/wp\/v2\/media?parent=19878"}],"wp:term":[{"taxonomy":"product_brand","embeddable":true,"href":"https:\/\/qwallz.eu\/sk\/wp-json\/wp\/v2\/product_brand?post=19878"},{"taxonomy":"product_cat","embeddable":true,"href":"https:\/\/qwallz.eu\/sk\/wp-json\/wp\/v2\/product_cat?post=19878"},{"taxonomy":"product_tag","embeddable":true,"href":"https:\/\/qwallz.eu\/sk\/wp-json\/wp\/v2\/product_tag?post=19878"}],"curies":[{"name":"wp","href":"https:\/\/api.w.org\/{rel}","templated":true}]}}