{"id":20225,"date":"2025-10-15T22:49:53","date_gmt":"2025-10-15T20:49:53","guid":{"rendered":"https:\/\/qwallz.eu\/?post_type=product&#038;p=20225"},"modified":"2026-04-13T22:45:52","modified_gmt":"2026-04-13T20:45:52","slug":"japandi-loopa-falpanel","status":"publish","type":"product","link":"https:\/\/qwallz.eu\/sk\/product\/japandi-loopa-falpanel\/","title":{"rendered":"Japandi Loopa falpanel"},"content":{"rendered":"<div data-elementor-type=\"product-post\" data-elementor-id=\"20225\" class=\"elementor elementor-20225\" data-elementor-post-type=\"product\">\n\t\t\t\t<div class=\"elementor-element elementor-element-4383f14 e-flex e-con-boxed e-con e-parent\" data-id=\"4383f14\" data-element_type=\"container\" data-e-type=\"container\">\n\t\t\t\t\t<div class=\"e-con-inner\">\n\t\t\t\t<div class=\"elementor-element elementor-element-ab262fc elementor-widget elementor-widget-text-editor\" data-id=\"ab262fc\" data-element_type=\"widget\" data-e-type=\"widget\" data-widget_type=\"text-editor.default\">\n\t\t\t\t\t\t\t\t\t<p data-start=\"141\" data-end=\"583\">A <strong data-start=\"143\" data-end=\"169\">Japandi Loopa falpanel<\/strong> az enteri\u0151r\u00f6k finom, m\u00e9gis karakteres \u00e9kszere: l\u00e1gyan \u00edvelt, szab\u00e1lyosan ism\u00e9tl\u0151d\u0151 vonalvezet\u00e9s\u00e9vel dinamik\u00e1t \u00e9s ritmust ad a falaknak. A finom \u00edvek harm\u00f3ni\u00e1t teremtenek, mik\u00f6zben a f\u00e9ny \u00e9s \u00e1rny\u00e9k j\u00e1t\u00e9k\u00e1val folyamatosan v\u00e1ltoz\u00f3 hangulatot var\u00e1zsolnak a t\u00e9rbe. Az eredm\u00e9ny egy letisztult, eleg\u00e1ns, m\u00e9gis l\u00e1tv\u00e1nyos megjelen\u00e9s, amely t\u00f6k\u00e9letesen illeszkedik a japandi, a minimalista vagy a skandin\u00e1v st\u00edlusvil\u00e1gba.<\/p>\n<h4 data-start=\"590\" data-end=\"630\">Term\u00e9szetess\u00e9g \u00e9s elegancia egyben<\/h4>\n<p data-start=\"632\" data-end=\"1135\">A <strong data-start=\"634\" data-end=\"660\">Japandi Loopa falpanel<\/strong> eur\u00f3pai t\u00f6lgy furn\u00e9rb\u00f3l k\u00e9sz\u00fcl, amely az egyik legnemesebb faanyag. A t\u00f6lgy id\u0151tlen sz\u00e9ps\u00e9ge, erezete \u00e9s term\u00e9szetes melegs\u00e9ge t\u00f6k\u00e9letesen kieg\u00e9sz\u00edti a panel l\u00e1gy, hull\u00e1mz\u00f3 mint\u00e1zat\u00e1t. A nat\u00far, csiszolt fel\u00fclet lehet\u0151v\u00e9 teszi, hogy a fa val\u00f3di karaktere \u00e9rv\u00e9nyes\u00fclj\u00f6n, mik\u00f6zben szabad teret ad k\u00fcl\u00f6nb\u00f6z\u0151 fel\u00fcletkezel\u00e9seknek, p\u00e9ld\u00e1ul p\u00e1col\u00e1snak, lakkoz\u00e1snak vagy olajoz\u00e1snak. Ez biztos\u00edtja, hogy a panel harmonikusan illeszkedjen b\u00e1rmilyen enteri\u0151r sz\u00edn- \u00e9s anyagvil\u00e1g\u00e1hoz.<\/p>\n<h4 data-start=\"1142\" data-end=\"1182\">A design, ami harmoniz\u00e1lja a teret<\/h4>\n<p data-start=\"1184\" data-end=\"1635\">Az \u00edvelt vonalak nem csup\u00e1n dekor\u00e1ci\u00f3k\u00e9nt szolg\u00e1lnak: finom ritmust \u00e9s m\u00e9lys\u00e9get adnak a falnak, mik\u00f6zben a t\u00e9r ar\u00e1nyait is kedvez\u0151en alak\u00edtj\u00e1k. F\u00fcgg\u0151leges be\u00e9p\u00edt\u00e9sn\u00e9l a helyis\u00e9g optikailag magasabbnak hat, v\u00edzszintes sorol\u00e1sban pedig hosszanti t\u00e9r\u00e9rzetet er\u0151s\u00edt. Ez a l\u00e1gy, ism\u00e9tl\u0151d\u0151 geometria harmonikus \u00e9s vizu\u00e1lisan nyugtat\u00f3 hat\u00e1st kelt, \u00edgy a Loopa panel t\u00f6k\u00e9letes v\u00e1laszt\u00e1s olyan enteri\u0151r\u00f6kbe, ahol a nyugalom \u00e9s az elegancia egyszerre fontos.<\/p>\n<h4 data-start=\"1642\" data-end=\"1673\">Funkcionalit\u00e1s \u00e9s komfort<\/h4>\n<p data-start=\"1675\" data-end=\"2023\">A Japandi falpanelek nemcsak eszt\u00e9tikai \u00e9rt\u00e9ket k\u00e9pviselnek, hanem funkcion\u00e1lis el\u0151ny\u00f6ket is k\u00edn\u00e1lnak. A t\u00f6lgy furn\u00e9r \u00e9s a hull\u00e1mos fel\u00fclet jav\u00edtj\u00e1k a helyis\u00e9g akusztik\u00e1j\u00e1t, m\u00e9rs\u00e9klik a visszhangot, \u00e9s kellemesebb hang\u00e9lm\u00e9nyt biztos\u00edtanak. Ez k\u00fcl\u00f6n\u00f6sen el\u0151ny\u00f6s t\u00e1gas nappalikban, irod\u00e1kban vagy k\u00f6z\u00f6ss\u00e9gi terekben, ahol a hang k\u00f6nnyen \u201eelveszik\u201d.<\/p>\n<h4 data-start=\"2030\" data-end=\"2059\">Alkalmaz\u00e1si lehet\u0151s\u00e9gek<\/h4>\n<p data-start=\"2061\" data-end=\"2114\">A Japandi Loopa falpanelek sokoldal\u00faan be\u00e9p\u00edthet\u0151k:<\/p>\n<ul data-start=\"2116\" data-end=\"2566\">\n<li data-start=\"2116\" data-end=\"2184\">\n<p data-start=\"2118\" data-end=\"2184\"><strong data-start=\"2118\" data-end=\"2133\">Nappaliban:<\/strong> f\u00f3kuszpontk\u00e9nt a TV-faln\u00e1l vagy a kanap\u00e9 m\u00f6g\u00f6tt.<\/p>\n<\/li>\n<li data-start=\"2185\" data-end=\"2271\">\n<p data-start=\"2187\" data-end=\"2271\"><strong data-start=\"2187\" data-end=\"2204\">H\u00e1l\u00f3szob\u00e1ban:<\/strong> dekorat\u00edv fejv\u00e9gk\u00e9nt, amely kiemeli a szoba karakter\u00e9t.<\/p>\n<\/li>\n<li data-start=\"2272\" data-end=\"2406\">\n<p data-start=\"2274\" data-end=\"2406\"><strong data-start=\"2274\" data-end=\"2308\">Dolgoz\u00f3szob\u00e1ban vagy irod\u00e1ban:<\/strong> eleg\u00e1ns \u00e9s nyugtat\u00f3 h\u00e1tteret biztos\u00edt, amely inspir\u00e1l \u00e9s professzion\u00e1lis megjelen\u00e9st k\u00f6lcs\u00f6n\u00f6z.<\/p>\n<\/li>\n<li data-start=\"2407\" data-end=\"2566\">\n<p data-start=\"2409\" data-end=\"2566\"><strong data-start=\"2409\" data-end=\"2447\">Vend\u00e9gl\u00e1t\u00f3- \u00e9s k\u00f6z\u00f6ss\u00e9gi terekben:<\/strong> \u00e9ttermekben, k\u00e1v\u00e9z\u00f3kban, recepci\u00f3kn\u00e1l vagy t\u00e1rgyal\u00f3kban l\u00e1tv\u00e1nyos f\u00f3kuszt hoz l\u00e9tre, mik\u00f6zben jav\u00edtja az akusztik\u00e1t.<\/p>\n<\/li>\n<\/ul>\n<h4 data-start=\"2573\" data-end=\"2598\">M\u00e9retek \u00e9s be\u00e9p\u00edt\u00e9s<\/h4>\n<p data-start=\"2600\" data-end=\"2952\">A panelek 2750 \u00d7 680 mm-es m\u00e9retben, 10 mm vastags\u00e1ggal \u00e9rhet\u0151k el, \u00edgy nagyobb falfel\u00fcletek burkol\u00e1s\u00e1ra is ide\u00e1lisak. A rejtett r\u00f6gz\u00edt\u00e9si megold\u00e1soknak k\u00f6sz\u00f6nhet\u0151en a fel\u00fclet homog\u00e9n \u00e9s zavartalan marad, \u00edgy a hull\u00e1mos mint\u00e1zat teljes pomp\u00e1j\u00e1ban \u00e9rv\u00e9nyes\u00fcl. A panelek k\u00f6nnyen sorolhat\u00f3k egym\u00e1s mell\u00e9, \u00edgy ak\u00e1r teljes falak is egys\u00e9gesen burkolhat\u00f3k.<\/p>\n<h4 data-start=\"2959\" data-end=\"2981\">Id\u0151t\u00e1ll\u00f3 min\u0151s\u00e9g<\/h4>\n<p data-start=\"2983\" data-end=\"3281\">A <strong data-start=\"2985\" data-end=\"3011\">Japandi Loopa falpanel<\/strong> pr\u00e9mium kivitelez\u00e9s\u00e9nek \u00e9s a t\u00f6lgy furn\u00e9r tart\u00f3ss\u00e1g\u00e1nak k\u00f6sz\u00f6nhet\u0151en hossz\u00fa \u00e9veken \u00e1t meg\u0151rzi sz\u00e9ps\u00e9g\u00e9t. A term\u00e9szetes fa \u00e9s a l\u00e1gy, ism\u00e9tl\u0151d\u0151 vonalvezet\u00e9s \u00f6sszhangja olyan id\u0151tlen design megold\u00e1st k\u00edn\u00e1l, amely mindig aktu\u00e1lis marad, \u00e9s a j\u00f6v\u0151ben sem vesz\u00edt \u00e9rt\u00e9k\u00e9b\u0151l.<\/p>\t\t\t\t\t\t\t\t<\/div>\n\t\t\t\t\t<\/div>\n\t\t\t\t<\/div>\n\t\t\t\t<\/div>","protected":false},"excerpt":{"rendered":"<p>A Japandi Loopa falpanel az enteri\u0151r\u00f6k eleg\u00e1ns \u00e9s nyugodt elem\u00e9v\u00e9 v\u00e1lik. A finoman \u00edvelt vonalak szab\u00e1lyos ritmusban rendez\u0151dnek, \u00edgy harmonikus \u00e9s vizu\u00e1lisan k\u00f6nnyed hat\u00e1st keltenek. Az eur\u00f3pai t\u00f6lgy furn\u00e9r term\u00e9szetes, csiszolt fel\u00fclete kiemeli a fa erezet\u00e9t, mik\u00f6zben a nat\u00far megjelen\u00e9s a term\u00e9szetk\u00f6zeli minimalizmus eszm\u00e9ny\u00e9t t\u00fckr\u00f6zi. A panel ide\u00e1lis v\u00e1laszt\u00e1s modern otthonokba, relax\u00e1ci\u00f3s terekbe vagy eleg\u00e1ns \u00fczleti k\u00f6rnyezetekbe.<\/p>\n<p>M\u00e9rete: 2750 x 680 mm, 10 mm vastag<\/p>","protected":false},"featured_media":20669,"comment_status":"open","ping_status":"closed","template":"","meta":[],"product_brand":[],"product_cat":[482],"product_tag":[],"class_list":{"0":"post-20225","1":"product","2":"type-product","3":"status-publish","4":"has-post-thumbnail","6":"product_cat-japandi-falpanelek","8":"first","9":"instock","10":"taxable","11":"shipping-taxable","12":"purchasable","13":"product-type-variable"},"_links":{"self":[{"href":"https:\/\/qwallz.eu\/sk\/wp-json\/wp\/v2\/product\/20225","targetHints":{"allow":["GET"]}}],"collection":[{"href":"https:\/\/qwallz.eu\/sk\/wp-json\/wp\/v2\/product"}],"about":[{"href":"https:\/\/qwallz.eu\/sk\/wp-json\/wp\/v2\/types\/product"}],"replies":[{"embeddable":true,"href":"https:\/\/qwallz.eu\/sk\/wp-json\/wp\/v2\/comments?post=20225"}],"version-history":[{"count":1,"href":"https:\/\/qwallz.eu\/sk\/wp-json\/wp\/v2\/product\/20225\/revisions"}],"predecessor-version":[{"id":24038,"href":"https:\/\/qwallz.eu\/sk\/wp-json\/wp\/v2\/product\/20225\/revisions\/24038"}],"wp:featuredmedia":[{"embeddable":true,"href":"https:\/\/qwallz.eu\/sk\/wp-json\/wp\/v2\/media\/20669"}],"wp:attachment":[{"href":"https:\/\/qwallz.eu\/sk\/wp-json\/wp\/v2\/media?parent=20225"}],"wp:term":[{"taxonomy":"product_brand","embeddable":true,"href":"https:\/\/qwallz.eu\/sk\/wp-json\/wp\/v2\/product_brand?post=20225"},{"taxonomy":"product_cat","embeddable":true,"href":"https:\/\/qwallz.eu\/sk\/wp-json\/wp\/v2\/product_cat?post=20225"},{"taxonomy":"product_tag","embeddable":true,"href":"https:\/\/qwallz.eu\/sk\/wp-json\/wp\/v2\/product_tag?post=20225"}],"curies":[{"name":"wp","href":"https:\/\/api.w.org\/{rel}","templated":true}]}}