{"id":20304,"date":"2025-10-15T22:43:53","date_gmt":"2025-10-15T20:43:53","guid":{"rendered":"https:\/\/qwallz.eu\/?post_type=product&#038;p=20304"},"modified":"2026-04-13T22:46:11","modified_gmt":"2026-04-13T20:46:11","slug":"japandi-urban-falpanel","status":"publish","type":"product","link":"https:\/\/qwallz.eu\/sk\/product\/japandi-urban-falpanel\/","title":{"rendered":"Japandi Urban falpanel"},"content":{"rendered":"<div data-elementor-type=\"product-post\" data-elementor-id=\"20304\" class=\"elementor elementor-20304\" data-elementor-post-type=\"product\">\n\t\t\t\t<div class=\"elementor-element elementor-element-313acf5 e-flex e-con-boxed e-con e-parent\" data-id=\"313acf5\" data-element_type=\"container\" data-e-type=\"container\">\n\t\t\t\t\t<div class=\"e-con-inner\">\n\t\t\t\t<div class=\"elementor-element elementor-element-0b8910f elementor-widget elementor-widget-text-editor\" data-id=\"0b8910f\" data-element_type=\"widget\" data-e-type=\"widget\" data-widget_type=\"text-editor.default\">\n\t\t\t\t\t\t\t\t\t<p data-start=\"94\" data-end=\"581\">A <strong>Japandi Urban falpanel<\/strong> az enteri\u0151r\u00f6k modern, karakteres kieg\u00e9sz\u00edt\u0151je: dinamikus, eltol\u00f3d\u00f3 ferde vonalaival hat\u00e1rozott ritmust \u00e9s er\u0151teljes vizu\u00e1lis megjelen\u00e9st ad a falaknak. A v\u00e1rosi geometri\u00e1t id\u00e9z\u0151 mint\u00e1zat a letisztults\u00e1got a term\u00e9szetess\u00e9ggel \u00f6tv\u00f6zi, mik\u00f6zben a f\u00e9ny \u00e9s \u00e1rny\u00e9k j\u00e1t\u00e9k\u00e1val mindig v\u00e1ltoz\u00f3 hangulatot hoz l\u00e9tre a t\u00e9rben. Az eredm\u00e9ny egy modern, urb\u00e1nus, m\u00e9gis id\u0151tlen design, amely kiv\u00e1l\u00f3an illeszkedik jap\u00e1n, minimalista, loft vagy skandin\u00e1v st\u00edlus\u00fa enteri\u0151r\u00f6kbe.<\/p><h4 data-start=\"588\" data-end=\"627\">Term\u00e9szetess\u00e9g \u00e9s modern dinamika<\/h4><p data-start=\"629\" data-end=\"1058\">A Japandi Urban falpanel eur\u00f3pai t\u00f6lgy furn\u00e9rb\u00f3l k\u00e9sz\u00fcl \u2013 az egyik legnemesebb, tart\u00f3s faanyagb\u00f3l. A t\u00f6lgy term\u00e9szetes erezete \u00e9s meleg t\u00f3nusa kontrasztos sz\u00e9ps\u00e9get ad a hat\u00e1rozott geometriai vonalaknak. A nat\u00far, csiszolt fel\u00fclet kiemeli a fa val\u00f3di karakter\u00e9t, \u00e9s lehet\u0151s\u00e9get biztos\u00edt k\u00fcl\u00f6nf\u00e9le fel\u00fcletkezel\u00e9sekre, p\u00e9ld\u00e1ul p\u00e1col\u00e1sra, lakkoz\u00e1sra vagy olajoz\u00e1sra. \u00cdgy a panel sokf\u00e9le enteri\u0151r sz\u00edn- \u00e9s anyagvil\u00e1g\u00e1ba illeszthet\u0151.<\/p><h4 data-start=\"1065\" data-end=\"1101\">A design, ami form\u00e1lja a teret<\/h4><p data-start=\"1103\" data-end=\"1524\">Az eltol\u00f3d\u00f3, ferde vonalak nem puszt\u00e1n d\u00edsz\u00edt\u0151 elemek: er\u0151teljes vizu\u00e1lis hat\u00e1st keltenek, mik\u00f6zben a t\u00e9r ar\u00e1nyait is alak\u00edtj\u00e1k. F\u00fcgg\u0151leges elrendez\u00e9sben ny\u00fajtj\u00e1k a falakat, v\u00edzszintes sorol\u00e1sban pedig t\u00e1g\u00edtj\u00e1k a t\u00e9r\u00e9rzetet. A geometrikus dinamika energikus, m\u00e9gis rendezett l\u00e9gk\u00f6rt teremt, \u00edgy az Urban panel t\u00f6k\u00e9letes v\u00e1laszt\u00e1s olyan terekbe, ahol a hat\u00e1rozott vizu\u00e1lis karakter \u00e9s a modern elegancia egyar\u00e1nt fontos.<\/p><h4 data-start=\"1531\" data-end=\"1562\">Funkcionalit\u00e1s \u00e9s komfort<\/h4><p data-start=\"1564\" data-end=\"1916\">A Japandi Urban falpanel nemcsak eszt\u00e9tikai \u00e9rt\u00e9ket ad, hanem funkcion\u00e1lis el\u0151ny\u00f6ket is k\u00edn\u00e1l. A t\u00f6lgy furn\u00e9r \u00e9s a struktur\u00e1lt fel\u00fclet jav\u00edtja a helyis\u00e9g akusztik\u00e1j\u00e1t, cs\u00f6kkenti a visszhangot, \u00e9s kellemesebb hang\u00e9lm\u00e9nyt biztos\u00edt. Ez k\u00fcl\u00f6n\u00f6sen el\u0151ny\u00f6s nagy belmagass\u00e1g\u00fa nappalikban, irod\u00e1kban vagy k\u00f6z\u00f6ss\u00e9gi terekben, ahol a hang k\u00f6nnyen sz\u00e9tsz\u00f3r\u00f3dik.<\/p><h4 data-start=\"1923\" data-end=\"1952\">Alkalmaz\u00e1si lehet\u0151s\u00e9gek<\/h4><p data-start=\"1954\" data-end=\"2004\">A Japandi Urban panelek sokoldal\u00faan be\u00e9p\u00edthet\u0151k:<\/p><ul data-start=\"2006\" data-end=\"2413\"><li data-start=\"2006\" data-end=\"2084\"><p data-start=\"2008\" data-end=\"2084\"><strong data-start=\"2008\" data-end=\"2022\">Nappaliban<\/strong>: l\u00e1tv\u00e1nyos f\u00f3kuszpontk\u00e9nt a TV-faln\u00e1l vagy a kanap\u00e9 m\u00f6g\u00f6tt.<\/p><\/li><li data-start=\"2085\" data-end=\"2174\"><p data-start=\"2087\" data-end=\"2174\"><strong data-start=\"2087\" data-end=\"2103\">H\u00e1l\u00f3szob\u00e1ban<\/strong>: modern \u00e9s karakteres fejv\u00e9gk\u00e9nt, amely kiemeli a szoba egyedis\u00e9g\u00e9t.<\/p><\/li><li data-start=\"2175\" data-end=\"2259\"><p data-start=\"2177\" data-end=\"2259\"><strong data-start=\"2177\" data-end=\"2210\">Dolgoz\u00f3szob\u00e1ban vagy irod\u00e1ban<\/strong>: professzion\u00e1lis, inspir\u00e1l\u00f3 h\u00e1tteret biztos\u00edt.<\/p><\/li><li data-start=\"2260\" data-end=\"2413\"><p data-start=\"2262\" data-end=\"2413\"><strong data-start=\"2262\" data-end=\"2299\">Vend\u00e9gl\u00e1t\u00f3- \u00e9s k\u00f6z\u00f6ss\u00e9gi terekben<\/strong>: \u00e9ttermekben, b\u00e1rokban vagy recepci\u00f3kn\u00e1l modern \u00e9s dinamikus hangulatot teremt, mik\u00f6zben jav\u00edtja az akusztik\u00e1t.<\/p><\/li><\/ul><h4 data-start=\"2420\" data-end=\"2445\">M\u00e9retek \u00e9s be\u00e9p\u00edt\u00e9s<\/h4><p data-start=\"2447\" data-end=\"2819\">A Japandi Urban falpanelek 2750 \u00d7 680 mm-es m\u00e9retben, 10 mm vastags\u00e1ggal k\u00e9sz\u00fclnek, \u00edgy kisebb \u00e9s nagyobb fel\u00fcletek burkol\u00e1s\u00e1ra is alkalmasak. A rejtett r\u00f6gz\u00edt\u00e9si rendszernek k\u00f6sz\u00f6nhet\u0151en a fel\u00fclet homog\u00e9n \u00e9s zavartalan marad, \u00edgy a geometrikus mint\u00e1zat teljes sz\u00e9ps\u00e9g\u00e9ben \u00e9rv\u00e9nyes\u00fcl. A panelek k\u00f6nnyen sorolhat\u00f3k, \u00edgy ak\u00e1r teljes falak is egys\u00e9ges burkolatot kaphatnak.<\/p><h4 data-start=\"2826\" data-end=\"2848\">Id\u0151t\u00e1ll\u00f3 min\u0151s\u00e9g<\/h4><p data-start=\"2850\" data-end=\"3149\">A Japandi Urban falpanel pr\u00e9mium kivitelez\u00e9se \u00e9s a t\u00f6lgy furn\u00e9r tart\u00f3ss\u00e1ga garant\u00e1lja, hogy hossz\u00fa \u00e9veken \u00e1t meg\u0151rizze sz\u00e9ps\u00e9g\u00e9t. A term\u00e9szetes fa \u00e9s a dinamikus, modern geometria \u00f6sszhangja olyan id\u0151tlen megold\u00e1st k\u00edn\u00e1l, amely minden enteri\u0151rben aktu\u00e1lis marad, \u00e9s a j\u00f6v\u0151ben sem vesz\u00edt \u00e9rt\u00e9k\u00e9b\u0151l.<\/p>\t\t\t\t\t\t\t\t<\/div>\n\t\t\t\t\t<\/div>\n\t\t\t\t<\/div>\n\t\t\t\t<\/div>","protected":false},"excerpt":{"rendered":"<p>A <strong>Japandi Urban falpanel<\/strong> v\u00e1rosi geometri\u00e1t \u00e9s term\u00e9szetess\u00e9get egyes\u00edt: dinamikusan eltol\u00f3d\u00f3 ferde vonalai hat\u00e1rozottan form\u00e1lj\u00e1k a teret, mik\u00f6zben a t\u00f6lgy furn\u00e9r melegs\u00e9ge nyugalmat \u00e1raszt. T\u00f6k\u00e9letes v\u00e1laszt\u00e1s modern loft lak\u00e1sokba vagy irod\u00e1kba, ahol a letisztult vizu\u00e1lis karakter \u00e9s az egyedi st\u00edlus fontos.<\/p>\n<p>M\u00e9rete: 2750 x 680 mm, 10 mm vastag<\/p>","protected":false},"featured_media":20658,"comment_status":"open","ping_status":"closed","template":"","meta":[],"product_brand":[],"product_cat":[482],"product_tag":[],"class_list":{"0":"post-20304","1":"product","2":"type-product","3":"status-publish","4":"has-post-thumbnail","6":"product_cat-japandi-falpanelek","8":"first","9":"instock","10":"taxable","11":"shipping-taxable","12":"purchasable","13":"product-type-variable"},"_links":{"self":[{"href":"https:\/\/qwallz.eu\/sk\/wp-json\/wp\/v2\/product\/20304","targetHints":{"allow":["GET"]}}],"collection":[{"href":"https:\/\/qwallz.eu\/sk\/wp-json\/wp\/v2\/product"}],"about":[{"href":"https:\/\/qwallz.eu\/sk\/wp-json\/wp\/v2\/types\/product"}],"replies":[{"embeddable":true,"href":"https:\/\/qwallz.eu\/sk\/wp-json\/wp\/v2\/comments?post=20304"}],"version-history":[{"count":1,"href":"https:\/\/qwallz.eu\/sk\/wp-json\/wp\/v2\/product\/20304\/revisions"}],"predecessor-version":[{"id":24045,"href":"https:\/\/qwallz.eu\/sk\/wp-json\/wp\/v2\/product\/20304\/revisions\/24045"}],"wp:featuredmedia":[{"embeddable":true,"href":"https:\/\/qwallz.eu\/sk\/wp-json\/wp\/v2\/media\/20658"}],"wp:attachment":[{"href":"https:\/\/qwallz.eu\/sk\/wp-json\/wp\/v2\/media?parent=20304"}],"wp:term":[{"taxonomy":"product_brand","embeddable":true,"href":"https:\/\/qwallz.eu\/sk\/wp-json\/wp\/v2\/product_brand?post=20304"},{"taxonomy":"product_cat","embeddable":true,"href":"https:\/\/qwallz.eu\/sk\/wp-json\/wp\/v2\/product_cat?post=20304"},{"taxonomy":"product_tag","embeddable":true,"href":"https:\/\/qwallz.eu\/sk\/wp-json\/wp\/v2\/product_tag?post=20304"}],"curies":[{"name":"wp","href":"https:\/\/api.w.org\/{rel}","templated":true}]}}