{"id":23503,"date":"2026-03-03T13:14:06","date_gmt":"2026-03-03T12:14:06","guid":{"rendered":"https:\/\/qwallz.eu\/?post_type=product&#038;p=23503"},"modified":"2026-03-03T13:14:09","modified_gmt":"2026-03-03T12:14:09","slug":"tiplis-csavar","status":"publish","type":"product","link":"https:\/\/qwallz.eu\/sk\/product\/tiplis-csavar\/","title":{"rendered":"Tiplis csavar"},"content":{"rendered":"<h3 data-start=\"996\" data-end=\"1045\">Tiplis csavar \u2013 r\u00f6gz\u00edt\u00e9s WPC falburkolatokhoz<\/h3>\n<p data-start=\"1047\" data-end=\"1252\">A tiplis csavar a k\u00fclt\u00e9ri WPC falburkolatok \u00e9s kieg\u00e9sz\u00edt\u0151 elemek r\u00f6gz\u00edt\u00e9s\u00e9hez haszn\u00e1lt szerel\u00e9si seg\u00e9delem.<br data-start=\"1154\" data-end=\"1157\" \/>Feladata a burkolati elemek biztons\u00e1gos r\u00f6gz\u00edt\u00e9se a megfelel\u0151en kialak\u00edtott fogad\u00f3szerkezethez.<\/p>\n<p data-start=\"1254\" data-end=\"1389\">A megfelel\u0151 r\u00f6gz\u00edt\u0151elemek haszn\u00e1lata hozz\u00e1j\u00e1rul a stabil, eszt\u00e9tikus \u00e9s hossz\u00fa t\u00e1von is megb\u00edzhat\u00f3 v\u00e9geredm\u00e9nyhez k\u00fclt\u00e9ri k\u00f6rnyezetben.<\/p>\n<h3 data-start=\"1391\" data-end=\"1412\">Mire haszn\u00e1lhat\u00f3?<\/h3>\n<ul data-start=\"1413\" data-end=\"1532\">\n<li data-start=\"1413\" data-end=\"1447\">\n<p data-start=\"1415\" data-end=\"1447\">WPC falburkolatok r\u00f6gz\u00edt\u00e9s\u00e9hez<\/p>\n<\/li>\n<li data-start=\"1448\" data-end=\"1499\">\n<p data-start=\"1450\" data-end=\"1499\">Al\u00e1t\u00e9tpanelek \u00e9s kieg\u00e9sz\u00edt\u0151 elemek szerel\u00e9s\u00e9hez<\/p>\n<\/li>\n<li data-start=\"1500\" data-end=\"1532\">\n<p data-start=\"1502\" data-end=\"1532\">K\u00fclt\u00e9ri fogad\u00f3szerkezetekhez<\/p>\n<\/li>\n<\/ul>\n<p data-start=\"1534\" data-end=\"1681\"><strong data-start=\"1537\" data-end=\"1548\">Fontos:<\/strong> a megfelel\u0151 csavar- \u00e9s r\u00f6gz\u00edt\u00e9si megold\u00e1s kiv\u00e1laszt\u00e1s\u00e1n\u00e1l mindig vedd figyelembe a fogad\u00f3szerkezet t\u00edpus\u00e1t \u00e9s a gy\u00e1rt\u00f3i aj\u00e1nl\u00e1sokat.<\/p>","protected":false},"excerpt":{"rendered":"<p data-start=\"596\" data-end=\"613\"><strong data-start=\"596\" data-end=\"613\">Tiplis csavar<\/strong><\/p>\n<p data-start=\"615\" data-end=\"798\">K\u00fclt\u00e9ri WPC falburkolatok \u00e9s kieg\u00e9sz\u00edt\u0151k r\u00f6gz\u00edt\u00e9s\u00e9hez aj\u00e1nlott tiplis csavar.<br data-start=\"692\" data-end=\"695\" \/>Megb\u00edzhat\u00f3 r\u00f6gz\u00edt\u00e9st biztos\u00edt a fogad\u00f3szerkezethez, a szakszer\u0171 telep\u00edt\u00e9shez sz\u00fcks\u00e9ges kieg\u00e9sz\u00edt\u0151 elem.<\/p>\n<p data-start=\"800\" data-end=\"815\"><strong data-start=\"800\" data-end=\"815\">F\u0151 el\u0151ny\u00f6k:<\/strong><\/p>\n<ul data-start=\"816\" data-end=\"932\">\n<li data-start=\"816\" data-end=\"859\">\n<p data-start=\"818\" data-end=\"859\">WPC falburkolatok r\u00f6gz\u00edt\u00e9s\u00e9hez aj\u00e1nlott<\/p>\n<\/li>\n<li data-start=\"860\" data-end=\"892\">\n<p data-start=\"862\" data-end=\"892\">K\u00fclt\u00e9ri haszn\u00e1latra alkalmas<\/p>\n<\/li>\n<li data-start=\"893\" data-end=\"932\">\n<p data-start=\"895\" data-end=\"932\">Egyszer\u0171, stabil r\u00f6gz\u00edt\u00e9si megold\u00e1s<\/p>\n<\/li>\n<\/ul>\n<p data-start=\"934\" data-end=\"949\">\u00c1r: 260 Ft \/ db<\/p>","protected":false},"featured_media":23504,"comment_status":"open","ping_status":"closed","template":"","meta":[],"product_brand":[],"product_cat":[492,496],"product_tag":[],"class_list":{"0":"post-23503","1":"product","2":"type-product","3":"status-publish","4":"has-post-thumbnail","6":"product_cat-wpc-falburkolat","7":"product_cat-wpc-falburkolat-kiegeszitok","9":"first","10":"instock","11":"taxable","12":"shipping-taxable","13":"purchasable","14":"product-type-simple"},"_links":{"self":[{"href":"https:\/\/qwallz.eu\/sk\/wp-json\/wp\/v2\/product\/23503","targetHints":{"allow":["GET"]}}],"collection":[{"href":"https:\/\/qwallz.eu\/sk\/wp-json\/wp\/v2\/product"}],"about":[{"href":"https:\/\/qwallz.eu\/sk\/wp-json\/wp\/v2\/types\/product"}],"replies":[{"embeddable":true,"href":"https:\/\/qwallz.eu\/sk\/wp-json\/wp\/v2\/comments?post=23503"}],"version-history":[{"count":2,"href":"https:\/\/qwallz.eu\/sk\/wp-json\/wp\/v2\/product\/23503\/revisions"}],"predecessor-version":[{"id":23526,"href":"https:\/\/qwallz.eu\/sk\/wp-json\/wp\/v2\/product\/23503\/revisions\/23526"}],"wp:featuredmedia":[{"embeddable":true,"href":"https:\/\/qwallz.eu\/sk\/wp-json\/wp\/v2\/media\/23504"}],"wp:attachment":[{"href":"https:\/\/qwallz.eu\/sk\/wp-json\/wp\/v2\/media?parent=23503"}],"wp:term":[{"taxonomy":"product_brand","embeddable":true,"href":"https:\/\/qwallz.eu\/sk\/wp-json\/wp\/v2\/product_brand?post=23503"},{"taxonomy":"product_cat","embeddable":true,"href":"https:\/\/qwallz.eu\/sk\/wp-json\/wp\/v2\/product_cat?post=23503"},{"taxonomy":"product_tag","embeddable":true,"href":"https:\/\/qwallz.eu\/sk\/wp-json\/wp\/v2\/product_tag?post=23503"}],"curies":[{"name":"wp","href":"https:\/\/api.w.org\/{rel}","templated":true}]}}