{"id":23506,"date":"2026-03-03T13:14:02","date_gmt":"2026-03-03T12:14:02","guid":{"rendered":"https:\/\/qwallz.eu\/?post_type=product&#038;p=23506"},"modified":"2026-03-03T13:14:06","modified_gmt":"2026-03-03T12:14:06","slug":"sarokpanel-univerzalis","status":"publish","type":"product","link":"https:\/\/qwallz.eu\/sk\/product\/sarokpanel-univerzalis\/","title":{"rendered":"Sarokpanel Univerz\u00e1lis"},"content":{"rendered":"<h3 data-start=\"1628\" data-end=\"1696\">Univerz\u00e1lis sarokpanel \u2013 eszt\u00e9tikus lez\u00e1r\u00e1s WPC falburkolatokhoz<\/h3>\n<p data-start=\"1698\" data-end=\"1909\">Az univerz\u00e1lis sarokpanel a k\u00fclt\u00e9ri WPC falburkolatok \u00e9lk\u00e9pz\u00e9s\u00e9hez \u00e9s sarokkialak\u00edt\u00e1s\u00e1hoz haszn\u00e1lhat\u00f3 kieg\u00e9sz\u00edt\u0151 elem.<br data-start=\"1816\" data-end=\"1819\" \/>Seg\u00edts\u00e9g\u00e9vel egys\u00e9ges, rendezett megjelen\u00e9s \u00e9rhet\u0151 el a bels\u0151 \u00e9s k\u00fcls\u0151 sarkokn\u00e1l egyar\u00e1nt.<\/p>\n<p data-start=\"1911\" data-end=\"2009\">A sarokpanel t\u00f6bb sz\u00ednben \u00e9rhet\u0151 el, \u00edgy k\u00f6nnyen a v\u00e1lasztott falburkolat \u00e1rnyalat\u00e1hoz igaz\u00edthat\u00f3.<\/p>\n<p data-start=\"2011\" data-end=\"2137\"><strong data-start=\"2014\" data-end=\"2025\">Fontos:<\/strong> a kompatibilit\u00e1s \u00e9rdek\u00e9ben mindig ellen\u0151rizd, hogy a kiv\u00e1lasztott sz\u00edn \u00e9s rendszer illeszkedik-e a burkolathoz.<\/p>","protected":false},"excerpt":{"rendered":"<p data-start=\"1346\" data-end=\"1381\"><strong data-start=\"1346\" data-end=\"1381\">Univerz\u00e1lis sarokpanel (2,90 m)<\/strong><\/p>\n<p data-start=\"1383\" data-end=\"1585\">K\u00fclt\u00e9ri WPC falburkolatokhoz haszn\u00e1lhat\u00f3 univerz\u00e1lis sarokpanel, amely eszt\u00e9tikus, egys\u00e9ges \u00e9lk\u00e9pz\u00e9st biztos\u00edt.<br data-start=\"1494\" data-end=\"1497\" \/>T\u00f6bb sz\u00ednben el\u00e9rhet\u0151, \u00edgy a k\u00fcl\u00f6nb\u00f6z\u0151 WPC falburkolat kollekci\u00f3khoz is j\u00f3l illeszthet\u0151.<\/p>","protected":false},"featured_media":23507,"comment_status":"open","ping_status":"closed","template":"","meta":[],"product_brand":[],"product_cat":[492,496],"product_tag":[],"class_list":{"0":"post-23506","1":"product","2":"type-product","3":"status-publish","4":"has-post-thumbnail","6":"product_cat-wpc-falburkolat","7":"product_cat-wpc-falburkolat-kiegeszitok","9":"first","10":"instock","11":"taxable","12":"shipping-taxable","13":"purchasable","14":"product-type-variable"},"_links":{"self":[{"href":"https:\/\/qwallz.eu\/sk\/wp-json\/wp\/v2\/product\/23506","targetHints":{"allow":["GET"]}}],"collection":[{"href":"https:\/\/qwallz.eu\/sk\/wp-json\/wp\/v2\/product"}],"about":[{"href":"https:\/\/qwallz.eu\/sk\/wp-json\/wp\/v2\/types\/product"}],"replies":[{"embeddable":true,"href":"https:\/\/qwallz.eu\/sk\/wp-json\/wp\/v2\/comments?post=23506"}],"version-history":[{"count":1,"href":"https:\/\/qwallz.eu\/sk\/wp-json\/wp\/v2\/product\/23506\/revisions"}],"predecessor-version":[{"id":23512,"href":"https:\/\/qwallz.eu\/sk\/wp-json\/wp\/v2\/product\/23506\/revisions\/23512"}],"wp:featuredmedia":[{"embeddable":true,"href":"https:\/\/qwallz.eu\/sk\/wp-json\/wp\/v2\/media\/23507"}],"wp:attachment":[{"href":"https:\/\/qwallz.eu\/sk\/wp-json\/wp\/v2\/media?parent=23506"}],"wp:term":[{"taxonomy":"product_brand","embeddable":true,"href":"https:\/\/qwallz.eu\/sk\/wp-json\/wp\/v2\/product_brand?post=23506"},{"taxonomy":"product_cat","embeddable":true,"href":"https:\/\/qwallz.eu\/sk\/wp-json\/wp\/v2\/product_cat?post=23506"},{"taxonomy":"product_tag","embeddable":true,"href":"https:\/\/qwallz.eu\/sk\/wp-json\/wp\/v2\/product_tag?post=23506"}],"curies":[{"name":"wp","href":"https:\/\/api.w.org\/{rel}","templated":true}]}}