{"id":23513,"date":"2026-03-03T13:13:58","date_gmt":"2026-03-03T12:13:58","guid":{"rendered":"https:\/\/qwallz.eu\/?post_type=product&#038;p=23513"},"modified":"2026-03-03T13:14:02","modified_gmt":"2026-03-03T12:14:02","slug":"resz-panel-bruno-jobb-bal","status":"publish","type":"product","link":"https:\/\/qwallz.eu\/sk\/product\/resz-panel-bruno-jobb-bal\/","title":{"rendered":"R\u00e9sz panel BRUNO jobb &#038; bal"},"content":{"rendered":"<p><strong>R\u00e9sz panel BRUNO jobb &amp; bal (2,90 m)<\/strong><\/p>\n<p>A Bruno jobb &amp; bal r\u00e9sz panel a Bruno WPC falburkolati rendszer kieg\u00e9sz\u00edt\u0151 eleme.<br data-start=\"1161\" data-end=\"1164\" \/><strong>Feladata<\/strong> az oldals\u00f3 lez\u00e1r\u00e1sok \u00e9s csatlakoz\u00e1sok egys\u00e9ges, rendezett kialak\u00edt\u00e1sa k\u00fclt\u00e9ri fel\u00fcleteken.<br data-start=\"1263\" data-end=\"1266\" \/>A megfelel\u0151 sz\u00ednt mindig a v\u00e1lasztott Bruno panel \u00e1rnyalat\u00e1hoz \u00e9rdemes igaz\u00edtani.<\/p>","protected":false},"excerpt":{"rendered":"<p><strong>Bruno<\/strong> falburkolatokhoz k\u00e9sz\u00fclt jobb \u00e9s bal oldali r\u00e9sz panel, amely seg\u00edt az \u00e9lek \u00e9s \u00e1tmenetek eszt\u00e9tikus lez\u00e1r\u00e1s\u00e1ban.<br data-start=\"974\" data-end=\"977\">A Bruno rendszerrel kompatibilis, k\u00fclt\u00e9ri haszn\u00e1latra tervezve.<\/p>","protected":false},"featured_media":23519,"comment_status":"open","ping_status":"closed","template":"","meta":[],"product_brand":[],"product_cat":[492,496],"product_tag":[],"class_list":{"0":"post-23513","1":"product","2":"type-product","3":"status-publish","4":"has-post-thumbnail","6":"product_cat-wpc-falburkolat","7":"product_cat-wpc-falburkolat-kiegeszitok","9":"first","10":"instock","11":"taxable","12":"shipping-taxable","13":"purchasable","14":"product-type-variable"},"_links":{"self":[{"href":"https:\/\/qwallz.eu\/sk\/wp-json\/wp\/v2\/product\/23513","targetHints":{"allow":["GET"]}}],"collection":[{"href":"https:\/\/qwallz.eu\/sk\/wp-json\/wp\/v2\/product"}],"about":[{"href":"https:\/\/qwallz.eu\/sk\/wp-json\/wp\/v2\/types\/product"}],"replies":[{"embeddable":true,"href":"https:\/\/qwallz.eu\/sk\/wp-json\/wp\/v2\/comments?post=23513"}],"version-history":[{"count":2,"href":"https:\/\/qwallz.eu\/sk\/wp-json\/wp\/v2\/product\/23513\/revisions"}],"predecessor-version":[{"id":23995,"href":"https:\/\/qwallz.eu\/sk\/wp-json\/wp\/v2\/product\/23513\/revisions\/23995"}],"wp:featuredmedia":[{"embeddable":true,"href":"https:\/\/qwallz.eu\/sk\/wp-json\/wp\/v2\/media\/23519"}],"wp:attachment":[{"href":"https:\/\/qwallz.eu\/sk\/wp-json\/wp\/v2\/media?parent=23513"}],"wp:term":[{"taxonomy":"product_brand","embeddable":true,"href":"https:\/\/qwallz.eu\/sk\/wp-json\/wp\/v2\/product_brand?post=23513"},{"taxonomy":"product_cat","embeddable":true,"href":"https:\/\/qwallz.eu\/sk\/wp-json\/wp\/v2\/product_cat?post=23513"},{"taxonomy":"product_tag","embeddable":true,"href":"https:\/\/qwallz.eu\/sk\/wp-json\/wp\/v2\/product_tag?post=23513"}],"curies":[{"name":"wp","href":"https:\/\/api.w.org\/{rel}","templated":true}]}}