{"id":23614,"date":"2026-03-03T13:13:48","date_gmt":"2026-03-03T12:13:48","guid":{"rendered":"https:\/\/qwallz.eu\/?post_type=product&#038;p=23614"},"modified":"2026-03-03T13:13:51","modified_gmt":"2026-03-03T12:13:51","slug":"sarokpanel-bruno","status":"publish","type":"product","link":"https:\/\/qwallz.eu\/sk\/product\/sarokpanel-bruno\/","title":{"rendered":"Sarokpanel BRUNO"},"content":{"rendered":"<h3 data-start=\"1725\" data-end=\"1784\">Sarokpanel BRUNO \u2013 egys\u00e9ges, eszt\u00e9tikus sarokkialak\u00edt\u00e1s<\/h3>\n<p data-start=\"1785\" data-end=\"2044\">A <strong data-start=\"1787\" data-end=\"1807\">Sarokpanel BRUNO<\/strong> a BRUNO k\u00fclt\u00e9ri falburkolati rendszer kieg\u00e9sz\u00edt\u0151 eleme. A telep\u00edt\u00e9si \u00fatmutat\u00f3 szerint a sarkok kialak\u00edt\u00e1s\u00e1n\u00e1l sz\u00fcks\u00e9g szerint haszn\u00e1lhat\u00f3 <strong data-start=\"1946\" data-end=\"1967\">Bruno sarok panel<\/strong> (k\u00fcls\u0151 sarokn\u00e1l is), \u00edgy a burkolat lez\u00e1r\u00e1sa rendezett \u00e9s egys\u00e9ges lehet.<\/p>\n<p data-start=\"2046\" data-end=\"2186\">A term\u00e9k <strong data-start=\"2055\" data-end=\"2080\">t\u00f6bb sz\u00ednben el\u00e9rhet\u0151<\/strong> (vari\u00e1ci\u00f3k), \u00edgy a kiv\u00e1lasztott burkolat \u00e1rnyalat\u00e1hoz igaz\u00edthat\u00f3.<\/p>\n<p data-start=\"2188\" data-end=\"2206\"><strong data-start=\"2188\" data-end=\"2206\">M\u0171szaki adatok<\/strong><\/p>\n<ul data-start=\"2207\" data-end=\"2242\">\n<li data-start=\"2207\" data-end=\"2242\">\n<p data-start=\"2209\" data-end=\"2242\"><strong data-start=\"2209\" data-end=\"2219\">M\u00e9ret:<\/strong> 49 \u00d7 49 mm \u00d7 2,90 m<\/p>\n<\/li>\n<\/ul>\n<p data-start=\"2244\" data-end=\"2528\">","protected":false},"excerpt":{"rendered":"<p data-start=\"1011\" data-end=\"1079\"><strong data-start=\"1011\" data-end=\"1040\">Sarokpanel BRUNO (2,90 m)<\/strong> \u2013 egys\u00e9ges, eszt\u00e9tikus sarokkialak\u00edt\u00e1s<\/p>\n<p data-start=\"1081\" data-end=\"1317\">A Sarokpanel BRUNO a BRUNO k\u00fclt\u00e9ri falburkolati rendszer kieg\u00e9sz\u00edt\u0151 eleme, amelyet a sarkok lez\u00e1r\u00e1s\u00e1hoz \u00e9s az \u00e9lek rendezett kialak\u00edt\u00e1s\u00e1hoz haszn\u00e1lnak. A rendszer t\u00f6bb sz\u00ednv\u00e1ltozatban el\u00e9rhet\u0151, \u00edgy a burkolat \u00e1rnyalat\u00e1hoz igaz\u00edthat\u00f3.<\/p>\n<p data-start=\"1319\" data-end=\"1334\"><strong data-start=\"1319\" data-end=\"1334\">F\u0151 el\u0151ny\u00f6k:<\/strong><\/p>\n<ul data-start=\"1335\" data-end=\"1600\">\n<li data-start=\"1335\" data-end=\"1389\">\n<p data-start=\"1337\" data-end=\"1389\">Egys\u00e9ges, \u201ck\u00e9sz\u201d sarokmegold\u00e1s BRUNO burkolatokhoz<\/p>\n<\/li>\n<li data-start=\"1390\" data-end=\"1468\">\n<p data-start=\"1392\" data-end=\"1468\">T\u00f6bb sz\u00ednben v\u00e1laszthat\u00f3 (vari\u00e1ci\u00f3k) <button class=\"ms-1 flex h-[25px] text-[10px] leading-[13px] rounded-xl corner-superellipse\/1.1 items-center justify-center gap-1 px-2 relative text-token-text-secondary! hover:text-token-text-primary! hover:bg-token-bg-secondary dark:bg-token-main-surface-secondary dark:hover:bg-token-bg-secondary bg-[#f4f4f4] \"><\/button><\/p>\n<\/li>\n<li data-start=\"1469\" data-end=\"1600\">\n<p data-start=\"1471\" data-end=\"1600\">K\u00fclt\u00e9ri rendszerek telep\u00edt\u00e9si logik\u00e1j\u00e1hoz illeszkedik (sarokpanel haszn\u00e1lata a sarkokn\u00e1l) <button class=\"ms-1 flex h-[25px] text-[10px] leading-[13px] rounded-xl corner-superellipse\/1.1 items-center justify-center gap-1 px-2 relative text-token-text-secondary! hover:text-token-text-primary! hover:bg-token-bg-secondary dark:bg-token-main-surface-secondary dark:hover:bg-token-bg-secondary bg-[#f4f4f4] \"><\/button><\/p>\n<\/li>\n<\/ul>\n<p data-start=\"1602\" data-end=\"1672\"><strong data-start=\"1602\" data-end=\"1612\">M\u00e9ret:<\/strong> 49 \u00d7 49 mm \u00d7 2,90 m<\/p>\n","protected":false},"featured_media":23619,"comment_status":"open","ping_status":"closed","template":"","meta":[],"product_brand":[],"product_cat":[492,496],"product_tag":[],"class_list":{"0":"post-23614","1":"product","2":"type-product","3":"status-publish","4":"has-post-thumbnail","6":"product_cat-wpc-falburkolat","7":"product_cat-wpc-falburkolat-kiegeszitok","9":"first","10":"instock","11":"taxable","12":"shipping-taxable","13":"purchasable","14":"product-type-variable"},"_links":{"self":[{"href":"https:\/\/qwallz.eu\/sk\/wp-json\/wp\/v2\/product\/23614","targetHints":{"allow":["GET"]}}],"collection":[{"href":"https:\/\/qwallz.eu\/sk\/wp-json\/wp\/v2\/product"}],"about":[{"href":"https:\/\/qwallz.eu\/sk\/wp-json\/wp\/v2\/types\/product"}],"replies":[{"embeddable":true,"href":"https:\/\/qwallz.eu\/sk\/wp-json\/wp\/v2\/comments?post=23614"}],"version-history":[{"count":1,"href":"https:\/\/qwallz.eu\/sk\/wp-json\/wp\/v2\/product\/23614\/revisions"}],"predecessor-version":[{"id":23620,"href":"https:\/\/qwallz.eu\/sk\/wp-json\/wp\/v2\/product\/23614\/revisions\/23620"}],"wp:featuredmedia":[{"embeddable":true,"href":"https:\/\/qwallz.eu\/sk\/wp-json\/wp\/v2\/media\/23619"}],"wp:attachment":[{"href":"https:\/\/qwallz.eu\/sk\/wp-json\/wp\/v2\/media?parent=23614"}],"wp:term":[{"taxonomy":"product_brand","embeddable":true,"href":"https:\/\/qwallz.eu\/sk\/wp-json\/wp\/v2\/product_brand?post=23614"},{"taxonomy":"product_cat","embeddable":true,"href":"https:\/\/qwallz.eu\/sk\/wp-json\/wp\/v2\/product_cat?post=23614"},{"taxonomy":"product_tag","embeddable":true,"href":"https:\/\/qwallz.eu\/sk\/wp-json\/wp\/v2\/product_tag?post=23614"}],"curies":[{"name":"wp","href":"https:\/\/api.w.org\/{rel}","templated":true}]}}